{"id":25982,"date":"2025-11-25T10:55:21","date_gmt":"2025-11-25T15:55:21","guid":{"rendered":"https:\/\/wicmtl.ca\/plan-strategique-voyager-ensemble\/"},"modified":"2025-12-09T15:45:17","modified_gmt":"2025-12-09T20:45:17","slug":"plan-strategique-voyager-ensemble","status":"publish","type":"page","link":"https:\/\/wicmtl.ca\/fr\/plan-strategique-voyager-ensemble\/","title":{"rendered":"Plan strat\u00e9gique: Voyager ensemble"},"content":{"rendered":"<div class=\"gb-container gb-container-f7f4788b alignfull\"><div class=\"gb-inside-container\">\n\n<h1 class=\"gb-headline gb-headline-551c604e gb-headline-text\">Plan strat\u00e9gique : voyager ensemble<\/h1>\n\n<\/div><\/div>\n\n<div class=\"gb-container gb-container-b20b329b\"><div class=\"gb-inside-container\">\n<div id=\"gutenslider-b6b8oiy0x\" class=\"wp-block-eedee-block-gutenslider gs-frontend content-change alignnone arrow-style-1 arrow-position-sides arrow-mb-none arrows-lg arrows-md arrows-sm dot-style-1 dots-lg dots-md dots-sm dot-position-bottom is-position-center-center mb-none wrap-auto-height\" data-parallax-direction=\"down\" data-parallax-amount=\"1.3\" data-lg-transition=\"lg-slide\" data-hash=\"\" ><div class=\"eedee-swiper-outer\" style=\"--gutenslider-min-height: 50vh;--gutenslider-arrow-size: 30px;--gutenslider-dot-size: 25px;--gutenslider-arrow-color: #ffffff;--gutenslider-dot-color: #ffffff;--gutenslider-padding-y-mobile: 40px;--gutenslider-padding-x-mobile: 40px;--gutenslider-padding-y-tablet: 40px;--gutenslider-padding-x-tablet: 40px;--gutenslider-padding-y-desktop: 40px;--gutenslider-padding-x-desktop: 40px;--gutenslider-bg-image: url();--gutenslider-min-height-md: 50vh;--gutenslider-min-height-sm: 50vh;--gutenslider-padding-x: 40px;--gutenslider-padding-x-md: 40px;--gutenslider-padding-x-sm: 20px;--gutenslider-padding-y: 40px;--gutenslider-padding-y-md: 40px;--gutenslider-padding-y-sm: 20px;--gutenslider-arrow-size-md: 30px;--gutenslider-arrow-size-sm: 30px;--gutenslider-dot-size-md: 25px;--gutenslider-dot-size-sm: 25px;--gutenslider-arrow-bg-color: transparent;--gutenslider-arrow-hover-color: #eeeeee;--gutenslider-arrow-bg-hover-color: transparent;--gutenslider-arrow-x-offset: 10px;--gutenslider-arrow-x-offset-md: 10px;--gutenslider-arrow-x-offset-sm: 10px;--gutenslider-arrow-y-offset: 0px;--gutenslider-arrow-y-offset-md: 0px;--gutenslider-arrow-y-offset-sm: 0px;--gutenslider-arrow-x-spacing: 0px;--gutenslider-dot-y-offset: 10px;--gutenslider-dot-y-offset-md: 10px;--gutenslider-dot-y-offset-sm: 10px;--gutenslider-margin-x: 0px;--gutenslider-margin-x-md: 0px;--gutenslider-margin-x-sm: 0px;--gutenslider-margin-y: 0px;--gutenslider-margin-y-md: 0px;--gutenslider-margin-y-sm: 0px;--gutenslider-divider-top: 60px;--gutenslider-divider-bottom: 60px;--gutenslider-lightgallery-bg: #ffffff;--gutenslider-lightgallery-font: #000000;--gs-first-pos: 50% 50%;--gs-gap-vertical: var( --wp--style--gallery-gap-default, var( --gallery-block--gutter-size, var( --wp--style--block-gap, 0.5em ) ) );--gs-gap-horizontal: var( --wp--style--gallery-gap-default, var( --gallery-block--gutter-size, var( --wp--style--block-gap, 0.5em ) ) );\"><div class=\"gutenslider-divider-top\" style=\"color:#fff;\"><\/div><div class=\"swiper\" data-settings='{\"autoplay\":{\"delay\":3000,\"pauseOnMouseEnter\":true,\"disableOnInteraction\":false},\"speed\":700,\"direction\":\"horizontal\",\"autoHeight\":\"\",\"loop\":true,\"centeredSlides\":true,\"spaceBetween\":0,\"slidesPerView\":1,\"slidesPerGroup\":1,\"effect\":\"slide\",\"coverflowEffect\":{\"rotate\":30,\"slideShadows\":false,\"depth\":100,\"stretch\":50,\"modifier\":1},\"fadeEffect\":{\"crossFade\":true},\"zoom\":\"\",\"navigation\":{\"nextEl\":\"#gutenslider-b6b8oiy0x .eedee-gutenslider-next\",\"prevEl\":\"#gutenslider-b6b8oiy0x .eedee-gutenslider-prev\"},\"pagination\":{\"type\":\"bullets\",\"clickable\":true,\"dynamicBullets\":false,\"el\":\"#gutenslider-b6b8oiy0x .eedee-gutenslider-pagination\"},\"pauseOnHover\":\"1\",\"watchSlidesProgress\":true,\"watchSlidesVisibility\":true,\"settingsMd\":{\"autoHeight\":\"\",\"slidesPerView\":1,\"slidesPerGroup\":1,\"spaceBetween\":0,\"loop\":true},\"settingsLg\":{\"autoHeight\":\"\",\"slidesPerView\":1,\"slidesPerGroup\":1,\"spaceBetween\":0,\"loop\":true},\"hasLg\":false,\"hasLgCounter\":true,\"isFullScreen\":false,\"arrowsFollowMouse\":false,\"lgTitle\":\"none\",\"lgCaption\":\"none\",\"lgThumbnails\":true,\"lgZoomEnabled\":false,\"keyboard\":{\"keyboard\":{\"enabled\":true,\"onlyInViewport\":true}},\"hashNavigation\":false,\"dividers\":false}'><div class=\"swiper-wrapper\">\n<div class=\"swiper-slide wp-block-eedee-block-gutenslide is-position-center-center ed-bg-image\" style=\"--ed-vw:300;--ed-vh:236;\" data-hash=\"\"><div class=\"eedee-background-div bg-image\"><img loading=\"lazy\" width=\"1000\" height=\"788\" class=\"wp-image-25984\" src=\"https:\/\/wicmtl.ca\/wp-content\/uploads\/2025\/11\/Strat-plan-photos.png\" alt=\"\" decoding=\"async\" style=\"object-fit: cover; object-position: 50% 50%;\"  data-title=\"Strat plan photos\" srcset=\"https:\/\/wicmtl.ca\/wp-content\/uploads\/2025\/11\/Strat-plan-photos.png 1000w, https:\/\/wicmtl.ca\/wp-content\/uploads\/2025\/11\/Strat-plan-photos-300x236.png 300w, https:\/\/wicmtl.ca\/wp-content\/uploads\/2025\/11\/Strat-plan-photos-768x605.png 768w, https:\/\/wicmtl.ca\/wp-content\/uploads\/2025\/11\/Strat-plan-photos-50x39.png 50w\" sizes=\"auto, (max-width: 1000px) 100vw, 1000px\" \/><div class=\"eedee-background-div__overlay\" style=\"opacity:1;\"><\/div><\/div><div class=\"slide-content\">\n\n<p class=\"has-text-align-center gutenslider-content-initial has-larger-font-size\"><\/p>\n\n<\/div><\/div>\n\n<div class=\"swiper-slide wp-block-eedee-block-gutenslide is-position-center-center ed-bg-image\" style=\"--ed-vw:300;--ed-vh:236;\" data-hash=\"\"><div class=\"eedee-background-div bg-image\"><img loading=\"lazy\" width=\"1000\" height=\"788\" class=\"wp-image-25866\" src=\"https:\/\/wicmtl.ca\/wp-content\/uploads\/2025\/11\/4.png\" alt=\"\" decoding=\"async\" style=\"object-fit: cover; object-position: 50% 50%;\"  data-title=\"4\" srcset=\"https:\/\/wicmtl.ca\/wp-content\/uploads\/2025\/11\/4.png 1000w, https:\/\/wicmtl.ca\/wp-content\/uploads\/2025\/11\/4-300x236.png 300w, https:\/\/wicmtl.ca\/wp-content\/uploads\/2025\/11\/4-768x605.png 768w, https:\/\/wicmtl.ca\/wp-content\/uploads\/2025\/11\/4-50x39.png 50w\" sizes=\"auto, (max-width: 1000px) 100vw, 1000px\" \/><div class=\"eedee-background-div__overlay\" style=\"opacity:1;\"><\/div><\/div><div class=\"slide-content\">\n\n<p class=\"has-text-align-center gutenslider-content-initial has-larger-font-size\"><\/p>\n\n<\/div><\/div>\n\n<div class=\"swiper-slide wp-block-eedee-block-gutenslide is-position-center-center ed-bg-image\" style=\"--ed-vw:300;--ed-vh:236;\" data-hash=\"\"><div class=\"eedee-background-div bg-image\"><img loading=\"lazy\" width=\"1000\" height=\"788\" class=\"wp-image-26027\" src=\"https:\/\/wicmtl.ca\/wp-content\/uploads\/2025\/12\/Strat-plan-photos-1.png\" alt=\"\" decoding=\"async\" style=\"object-fit: cover; object-position: 50% 50%;\"  data-title=\"Strat plan photos (1)\" srcset=\"https:\/\/wicmtl.ca\/wp-content\/uploads\/2025\/12\/Strat-plan-photos-1.png 1000w, https:\/\/wicmtl.ca\/wp-content\/uploads\/2025\/12\/Strat-plan-photos-1-300x236.png 300w, https:\/\/wicmtl.ca\/wp-content\/uploads\/2025\/12\/Strat-plan-photos-1-768x605.png 768w, https:\/\/wicmtl.ca\/wp-content\/uploads\/2025\/12\/Strat-plan-photos-1-50x39.png 50w\" sizes=\"auto, (max-width: 1000px) 100vw, 1000px\" \/><div class=\"eedee-background-div__overlay\" style=\"opacity:1;\"><\/div><\/div><div class=\"slide-content\">\n\n<p class=\"has-text-align-center gutenslider-content-initial has-larger-font-size\"><\/p>\n\n<\/div><\/div>\n<\/div><\/div><button class=\"eedee-gutenslider-nav eedee-gutenslider-prev\"><svg xmlns=\"http:\/\/www.w3.org\/2000\/svg\" viewBox=\"0 0 24 24\" width=\"24\" height=\"24\"><circle class=\"bg\" cx=\"13\" cy=\"12\" r=\"11\" \/><path fill=\"none\" d=\"M0 0h24v24H0z\"\/><path class=\"arrow\" d=\"M10.828 12l4.95 4.95-1.414 1.414L8 12l6.364-6.364 1.414 1.414z\"\/><\/svg><\/button><button class=\"eedee-gutenslider-nav eedee-gutenslider-next\"><svg xmlns=\"http:\/\/www.w3.org\/2000\/svg\" viewBox=\"0 0 24 24\" width=\"24\" height=\"24\"><circle class=\"bg\" cx=\"11\" cy=\"12\" r=\"11\" \/><path fill=\"none\" d=\"M0 0h24v24H0z\"\/><path class=\"arrow\" d=\"M13.172 12l-4.95-4.95 1.414-1.414L16 12l-6.364 6.364-1.414-1.414z\"\/><\/svg><\/button><div class=\"eedee-gutenslider-pagination\"><\/div><div class=\"gutenslider-divider-bottom \" style=\"color:#fff;\"><\/div><\/div><\/div>\n\n\n<p class=\"has-lg-font-size\"><\/p>\n\n\n\n<div class=\"wp-block-columns is-layout-flex wp-container-core-columns-is-layout-9d6595d7 wp-block-columns-is-layout-flex\">\n<div class=\"wp-block-column is-vertically-aligned-center is-layout-flow wp-block-column-is-layout-flow\">\n<figure class=\"gb-block-image gb-block-image-9cb7971f\"><img loading=\"lazy\" decoding=\"async\" width=\"300\" height=\"107\" class=\"gb-image gb-image-9cb7971f\" src=\"https:\/\/wicmtl.ca\/wp-content\/uploads\/2025\/08\/cropped-Logo-New-Colour-scaled-1-300x107.png\" alt=\"\" title=\"Logo - New - Colour\" srcset=\"https:\/\/wicmtl.ca\/wp-content\/uploads\/2025\/08\/cropped-Logo-New-Colour-scaled-1-300x107.png 300w, https:\/\/wicmtl.ca\/wp-content\/uploads\/2025\/08\/cropped-Logo-New-Colour-scaled-1-1024x365.png 1024w, https:\/\/wicmtl.ca\/wp-content\/uploads\/2025\/08\/cropped-Logo-New-Colour-scaled-1-768x274.png 768w, https:\/\/wicmtl.ca\/wp-content\/uploads\/2025\/08\/cropped-Logo-New-Colour-scaled-1-50x18.png 50w, https:\/\/wicmtl.ca\/wp-content\/uploads\/2025\/08\/cropped-Logo-New-Colour-scaled-1-1600x570.png 1600w, https:\/\/wicmtl.ca\/wp-content\/uploads\/2025\/08\/cropped-Logo-New-Colour-scaled-1-1536x547.png 1536w, https:\/\/wicmtl.ca\/wp-content\/uploads\/2025\/08\/cropped-Logo-New-Colour-scaled-1-2048x729.png 2048w\" sizes=\"auto, (max-width: 300px) 100vw, 300px\" \/><\/figure><br>\n\n\n\n<p class=\"has-wic-green-color has-text-color has-link-color has-medium-font-size wp-elements-626a62c204b804c9b27b81d34fd61167\" style=\"font-style:normal;font-weight:500;letter-spacing:1px\">Curiosit\u00e9. Courage. Connexion. <\/p>\n<\/div>\n\n\n\n<div class=\"wp-block-column is-vertically-aligned-center is-layout-flow wp-block-column-is-layout-flow\">\n<p>Au Coll\u00e8ge de l&#8217;Ouest de l&#8217;\u00cele, chaque \u00e9l\u00e8ve est un Voyageur : curieux, courageux et connect\u00e9. Notre nouveau plan strat\u00e9gique guide notre communaut\u00e9 vers la r\u00e9ussite gr\u00e2ce \u00e0 un apprentissage audacieux, des exp\u00e9riences enrichissantes et une croissance durable.<\/p>\n<\/div>\n<\/div>\n\n<\/div><\/div>\n\n<div class=\"gb-container gb-container-ced607c3 alignfull\"><div class=\"gb-inside-container\">\n\n<h2 class=\"wp-block-heading has-text-align-center\" style=\"font-size:40px;font-style:normal;font-weight:700\">Pr\u00e9sentation de notre plan strat\u00e9gique 2025-2030<\/h2>\n\n\n\n<figure class=\"wp-block-embed is-type-video is-provider-youtube wp-block-embed-youtube wp-embed-aspect-16-9 wp-has-aspect-ratio\"><div class=\"wp-block-embed__wrapper\">\r\n<iframe loading=\"lazy\" title=\"Voyager ensemble \/ Voyaging Together\" width=\"1200\" height=\"675\" src=\"https:\/\/www.youtube.com\/embed\/S1mgM36kXdI?feature=oembed\" frameborder=\"0\" allow=\"accelerometer; autoplay; clipboard-write; encrypted-media; gyroscope; picture-in-picture; web-share\" referrerpolicy=\"strict-origin-when-cross-origin\" allowfullscreen><\/iframe>\r\n<\/div><\/figure><br>\n\n\n\n<div id=\"wp-block-themeisle-blocks-button-group-05a69bd8\" class=\"wp-block-themeisle-blocks-button-group wp-block-buttons align-center-desktop\">\n<div id=\"wp-block-themeisle-blocks-button-67db375f\" class=\"wp-block-themeisle-blocks-button wp-block-button\"><a class=\"wp-block-button__link\" href=\"https:\/\/wicmtl.ca\/wp-content\/uploads\/2025\/11\/WIC_WORKINGFILE_ENG_05282025.pdf\" target=\"_blank\" rel=\"noopener noreferrer\">En apprendre davantage sur notre plan<\/a><\/div>\n<\/div>\n\n<\/div><\/div>\n\n<div class=\"gb-container gb-container-d498c76e\"><div class=\"gb-inside-container\">\n\n<h2 class=\"wp-block-heading has-text-align-center\" style=\"font-size:40px;font-style:normal;font-weight:700\">Un aper\u00e7u de notre plan strat\u00e9gique<\/h2>\n\n\n\n<h4 class=\"wp-block-heading has-text-align-center\" style=\"font-size:28px;font-style:normal;font-weight:700\">Nouvelles mission et vision<\/h4>\n\n\n\n<h3 class=\"gb-headline gb-headline-c66cad87 gb-headline-text\">Mission<\/h3>\n\n\n\n<p class=\"has-text-align-center\">Nous cultivons une communaut\u00e9 bilingue et dynamique o\u00f9 tous les membres s&#8217;\u00e9panouissent en tissant des liens forts et en vivant des apprentissages ancr\u00e9s dans la r\u00e9alit\u00e9, qui nourrissent la confiance, encouragent l\u2019exploration et donnent un sens au parcours de chacun en tant que Voyageur.<\/p>\n\n\n\n<h3 class=\"gb-headline gb-headline-1403f44d gb-headline-text\">Vision<\/h3><br>\n\n\n\n<p class=\"has-text-align-center\">\u00catre un chef de file de l\u2019enseignement bilingue et exp\u00e9rientiel \u2013 une \u00e9cole o\u00f9 chaque Voyageur trace son parcours avec curiosit\u00e9, courage et int\u00e9grit\u00e9; o\u00f9 le sentiment d\u2019appartenance inspire la passion; et o\u00f9 l\u2019apprentissage stimule la croissance personnelle.<\/p>\n\n\n\n<p><\/p>\n\n\n\n<h4 class=\"wp-block-heading has-text-align-center\" style=\"font-size:28px;font-style:normal;font-weight:700\">Nouvelles valeurs<\/h4>\n\n\n\n<div class=\"wp-block-columns is-layout-flex wp-container-core-columns-is-layout-9d6595d7 wp-block-columns-is-layout-flex\">\n<div class=\"wp-block-column is-layout-flow wp-block-column-is-layout-flow\">\n<figure class=\"wp-block-image aligncenter size-medium is-resized\"><img loading=\"lazy\" decoding=\"async\" width=\"300\" height=\"300\" src=\"https:\/\/wicmtl.ca\/wp-content\/uploads\/2025\/10\/6-2-300x300.png\" alt=\"\" class=\"wp-image-25832\" style=\"width:150px;height:auto\" srcset=\"https:\/\/wicmtl.ca\/wp-content\/uploads\/2025\/10\/6-2-300x300.png 300w, https:\/\/wicmtl.ca\/wp-content\/uploads\/2025\/10\/6-2-150x150.png 150w, https:\/\/wicmtl.ca\/wp-content\/uploads\/2025\/10\/6-2-768x768.png 768w, https:\/\/wicmtl.ca\/wp-content\/uploads\/2025\/10\/6-2-50x50.png 50w, https:\/\/wicmtl.ca\/wp-content\/uploads\/2025\/10\/6-2.png 1024w\" sizes=\"auto, (max-width: 300px) 100vw, 300px\" \/><\/figure>\n\n\n\n<h3 class=\"gb-headline gb-headline-2561569e gb-headline-text\">Appartenance<\/h3>\n<\/div>\n\n\n\n<div class=\"wp-block-column is-layout-flow wp-block-column-is-layout-flow\">\n<figure class=\"wp-block-image aligncenter size-thumbnail\"><img loading=\"lazy\" decoding=\"async\" width=\"150\" height=\"150\" src=\"https:\/\/wicmtl.ca\/wp-content\/uploads\/2025\/10\/4-2-150x150.png\" alt=\"\" class=\"wp-image-25828\" srcset=\"https:\/\/wicmtl.ca\/wp-content\/uploads\/2025\/10\/4-2-150x150.png 150w, https:\/\/wicmtl.ca\/wp-content\/uploads\/2025\/10\/4-2-300x300.png 300w, https:\/\/wicmtl.ca\/wp-content\/uploads\/2025\/10\/4-2-768x768.png 768w, https:\/\/wicmtl.ca\/wp-content\/uploads\/2025\/10\/4-2-50x50.png 50w, https:\/\/wicmtl.ca\/wp-content\/uploads\/2025\/10\/4-2.png 1024w\" sizes=\"auto, (max-width: 150px) 100vw, 150px\" \/><\/figure>\n\n\n\n<h3 class=\"gb-headline gb-headline-d31091e6 gb-headline-text\">Croissance<\/h3>\n<\/div>\n\n\n\n<div class=\"wp-block-column is-layout-flow wp-block-column-is-layout-flow\">\n<figure class=\"wp-block-image aligncenter size-thumbnail is-resized\"><img loading=\"lazy\" decoding=\"async\" width=\"150\" height=\"150\" src=\"https:\/\/wicmtl.ca\/wp-content\/uploads\/2025\/10\/5-2-150x150.png\" alt=\"\" class=\"wp-image-25830\" style=\"width:150px;height:auto\" srcset=\"https:\/\/wicmtl.ca\/wp-content\/uploads\/2025\/10\/5-2-150x150.png 150w, https:\/\/wicmtl.ca\/wp-content\/uploads\/2025\/10\/5-2-300x300.png 300w, https:\/\/wicmtl.ca\/wp-content\/uploads\/2025\/10\/5-2-768x768.png 768w, https:\/\/wicmtl.ca\/wp-content\/uploads\/2025\/10\/5-2-50x50.png 50w, https:\/\/wicmtl.ca\/wp-content\/uploads\/2025\/10\/5-2.png 1024w\" sizes=\"auto, (max-width: 150px) 100vw, 150px\" \/><\/figure>\n\n\n\n<h3 class=\"gb-headline gb-headline-71382f9f gb-headline-text\">Int\u00e9grit\u00e9<\/h3>\n<\/div>\n<\/div>\n\n\n\n<p><\/p>\n\n\n\n<h4 class=\"wp-block-heading has-text-align-center\" style=\"font-size:28px;font-style:normal;font-weight:700\">3 Pilliers strat\u00e9giques<\/h4>\n\n\n\n<div class=\"wp-block-columns is-layout-flex wp-container-core-columns-is-layout-9d6595d7 wp-block-columns-is-layout-flex\">\n<div class=\"wp-block-column is-layout-flow wp-block-column-is-layout-flow\">\n<figure class=\"wp-block-image aligncenter size-thumbnail\"><img loading=\"lazy\" decoding=\"async\" width=\"150\" height=\"150\" src=\"https:\/\/wicmtl.ca\/wp-content\/uploads\/2025\/10\/2-1-150x150.png\" alt=\"\" class=\"wp-image-25798\" srcset=\"https:\/\/wicmtl.ca\/wp-content\/uploads\/2025\/10\/2-1-150x150.png 150w, https:\/\/wicmtl.ca\/wp-content\/uploads\/2025\/10\/2-1-300x300.png 300w, https:\/\/wicmtl.ca\/wp-content\/uploads\/2025\/10\/2-1-768x768.png 768w, https:\/\/wicmtl.ca\/wp-content\/uploads\/2025\/10\/2-1-50x50.png 50w, https:\/\/wicmtl.ca\/wp-content\/uploads\/2025\/10\/2-1.png 1024w\" sizes=\"auto, (max-width: 150px) 100vw, 150px\" \/><\/figure>\n\n\n\n<h3 class=\"gb-headline gb-headline-c7f0fada gb-headline-text\">Personnes<\/h3>\n\n\n\n<p class=\"has-text-align-center has-lg-font-size\">Favoriser l\u2019\u00e9panouissement des \u00e9l\u00e8ves et du personnel<\/p>\n<\/div>\n\n\n\n<div class=\"wp-block-column is-layout-flow wp-block-column-is-layout-flow\">\n<figure class=\"wp-block-image aligncenter size-thumbnail\"><img loading=\"lazy\" decoding=\"async\" width=\"150\" height=\"150\" src=\"https:\/\/wicmtl.ca\/wp-content\/uploads\/2025\/10\/3-1-150x150.png\" alt=\"\" class=\"wp-image-25800\" srcset=\"https:\/\/wicmtl.ca\/wp-content\/uploads\/2025\/10\/3-1-150x150.png 150w, https:\/\/wicmtl.ca\/wp-content\/uploads\/2025\/10\/3-1-300x300.png 300w, https:\/\/wicmtl.ca\/wp-content\/uploads\/2025\/10\/3-1-768x768.png 768w, https:\/\/wicmtl.ca\/wp-content\/uploads\/2025\/10\/3-1-50x50.png 50w, https:\/\/wicmtl.ca\/wp-content\/uploads\/2025\/10\/3-1.png 1024w\" sizes=\"auto, (max-width: 150px) 100vw, 150px\" \/><\/figure>\n\n\n\n<h3 class=\"gb-headline gb-headline-8c25b05b gb-headline-text\">Programmes<\/h3>\n\n\n\n<p class=\"has-text-align-center has-lg-font-size\">Promouvoir l\u2019enseignement innovant et l\u2019engagement communautaire<\/p>\n<\/div>\n\n\n\n<div class=\"wp-block-column is-layout-flow wp-block-column-is-layout-flow\">\n<figure class=\"wp-block-image aligncenter size-thumbnail is-resized\"><img loading=\"lazy\" decoding=\"async\" width=\"150\" height=\"150\" src=\"https:\/\/wicmtl.ca\/wp-content\/uploads\/2025\/10\/1-1-150x150.png\" alt=\"\" class=\"wp-image-25796\" style=\"width:150px;height:auto\" srcset=\"https:\/\/wicmtl.ca\/wp-content\/uploads\/2025\/10\/1-1-150x150.png 150w, https:\/\/wicmtl.ca\/wp-content\/uploads\/2025\/10\/1-1-300x300.png 300w, https:\/\/wicmtl.ca\/wp-content\/uploads\/2025\/10\/1-1-768x768.png 768w, https:\/\/wicmtl.ca\/wp-content\/uploads\/2025\/10\/1-1-50x50.png 50w, https:\/\/wicmtl.ca\/wp-content\/uploads\/2025\/10\/1-1.png 1024w\" sizes=\"auto, (max-width: 150px) 100vw, 150px\" \/><\/figure>\n\n\n\n<h3 class=\"gb-headline gb-headline-7648140a gb-headline-text\">Positionnement<\/h3>\n\n\n\n<p class=\"has-text-align-center has-lg-font-size\">Mettre en valeur l\u2019identit\u00e9 des Voyageurs et assurer une croissance durable<\/p>\n<\/div>\n<\/div>\n\n\n\n<figure class=\"gb-block-image gb-block-image-03eeb24f\"><img loading=\"lazy\" decoding=\"async\" width=\"2560\" height=\"1707\" class=\"gb-image gb-image-03eeb24f\" src=\"https:\/\/wicmtl.ca\/wp-content\/uploads\/2025\/11\/Student-Leaders-2025-scaled.png\" alt=\"\" title=\"Student Leaders 2025\" srcset=\"https:\/\/wicmtl.ca\/wp-content\/uploads\/2025\/11\/Student-Leaders-2025-scaled.png 2560w, https:\/\/wicmtl.ca\/wp-content\/uploads\/2025\/11\/Student-Leaders-2025-300x200.png 300w, https:\/\/wicmtl.ca\/wp-content\/uploads\/2025\/11\/Student-Leaders-2025-1024x683.png 1024w, https:\/\/wicmtl.ca\/wp-content\/uploads\/2025\/11\/Student-Leaders-2025-768x512.png 768w, https:\/\/wicmtl.ca\/wp-content\/uploads\/2025\/11\/Student-Leaders-2025-50x33.png 50w, https:\/\/wicmtl.ca\/wp-content\/uploads\/2025\/11\/Student-Leaders-2025-1600x1067.png 1600w, https:\/\/wicmtl.ca\/wp-content\/uploads\/2025\/11\/Student-Leaders-2025-1536x1024.png 1536w, https:\/\/wicmtl.ca\/wp-content\/uploads\/2025\/11\/Student-Leaders-2025-2048x1366.png 2048w\" sizes=\"auto, (max-width: 2560px) 100vw, 2560px\" \/><\/figure><br>\n\n<\/div><\/div>","protected":false},"excerpt":{"rendered":"<p>Plan strat\u00e9gique : voyager ensemble Curiosit\u00e9. Courage. Connexion. Au Coll\u00e8ge de l&#8217;Ouest de l&#8217;\u00cele, chaque \u00e9l\u00e8ve est un Voyageur : curieux, courageux et connect\u00e9. Notre nouveau plan strat\u00e9gique guide notre communaut\u00e9 vers la r\u00e9ussite gr\u00e2ce \u00e0 un apprentissage audacieux, des exp\u00e9riences enrichissantes et une croissance durable. Pr\u00e9sentation de notre plan strat\u00e9gique 2025-2030 Un aper\u00e7u de &#8230; <a title=\"Plan strat\u00e9gique: Voyager ensemble\" class=\"read-more\" href=\"https:\/\/wicmtl.ca\/fr\/plan-strategique-voyager-ensemble\/\" aria-label=\"En savoir plus sur Plan strat\u00e9gique: Voyager ensemble\">Lire plus<\/a><\/p>\n","protected":false},"author":13,"featured_media":0,"parent":0,"menu_order":0,"comment_status":"closed","ping_status":"closed","template":"","meta":{"_themeisle_gutenberg_block_has_review":false,"footnotes":""},"class_list":["post-25982","page","type-page","status-publish"],"_links":{"self":[{"href":"https:\/\/wicmtl.ca\/fr\/wp-json\/wp\/v2\/pages\/25982","targetHints":{"allow":["GET"]}}],"collection":[{"href":"https:\/\/wicmtl.ca\/fr\/wp-json\/wp\/v2\/pages"}],"about":[{"href":"https:\/\/wicmtl.ca\/fr\/wp-json\/wp\/v2\/types\/page"}],"author":[{"embeddable":true,"href":"https:\/\/wicmtl.ca\/fr\/wp-json\/wp\/v2\/users\/13"}],"replies":[{"embeddable":true,"href":"https:\/\/wicmtl.ca\/fr\/wp-json\/wp\/v2\/comments?post=25982"}],"version-history":[{"count":3,"href":"https:\/\/wicmtl.ca\/fr\/wp-json\/wp\/v2\/pages\/25982\/revisions"}],"predecessor-version":[{"id":26029,"href":"https:\/\/wicmtl.ca\/fr\/wp-json\/wp\/v2\/pages\/25982\/revisions\/26029"}],"wp:attachment":[{"href":"https:\/\/wicmtl.ca\/fr\/wp-json\/wp\/v2\/media?parent=25982"}],"curies":[{"name":"wp","href":"https:\/\/api.w.org\/{rel}","templated":true}]}}