{"id":24700,"date":"2025-01-22T15:56:24","date_gmt":"2025-01-22T20:56:24","guid":{"rendered":"https:\/\/wicmtl.ca\/?page_id=24700"},"modified":"2025-03-14T13:54:51","modified_gmt":"2025-03-14T17:54:51","slug":"camp-de-soccer-ete","status":"publish","type":"page","link":"https:\/\/wicmtl.ca\/fr\/camp-de-soccer-ete\/","title":{"rendered":"Camp de soccer d&#8217;\u00e9t\u00e9"},"content":{"rendered":"<div class=\"gb-container gb-container-f102f60b alignfull\"><div class=\"gb-inside-container\">\n\n<h1 class=\"gb-headline gb-headline-d6c76f4b gb-headline-text\">Nouveau camp de soccer!<\/h1>\n\n<\/div><\/div>\n\n<div class=\"gb-container gb-container-eb885ea6 alignfull\"><div class=\"gb-inside-container\">\n\n<div class=\"wp-block-cover aligncenter\" style=\"min-height:600px;aspect-ratio:unset;\"><span aria-hidden=\"true\" class=\"wp-block-cover__background has-black-background-color has-background-dim-30 has-background-dim\"><\/span><img loading=\"lazy\" decoding=\"async\" width=\"2240\" height=\"1260\" class=\"wp-block-cover__image-background wp-image-24675\" alt=\"\" src=\"https:\/\/wicmtl.ca\/wp-content\/uploads\/2025\/01\/Blog-Banner-for-Website-Content.jpg\" data-object-fit=\"cover\" srcset=\"https:\/\/wicmtl.ca\/wp-content\/uploads\/2025\/01\/Blog-Banner-for-Website-Content.jpg 2240w, https:\/\/wicmtl.ca\/wp-content\/uploads\/2025\/01\/Blog-Banner-for-Website-Content-300x169.jpg 300w, https:\/\/wicmtl.ca\/wp-content\/uploads\/2025\/01\/Blog-Banner-for-Website-Content-1024x576.jpg 1024w, https:\/\/wicmtl.ca\/wp-content\/uploads\/2025\/01\/Blog-Banner-for-Website-Content-768x432.jpg 768w, https:\/\/wicmtl.ca\/wp-content\/uploads\/2025\/01\/Blog-Banner-for-Website-Content-50x28.jpg 50w, https:\/\/wicmtl.ca\/wp-content\/uploads\/2025\/01\/Blog-Banner-for-Website-Content-1600x900.jpg 1600w, https:\/\/wicmtl.ca\/wp-content\/uploads\/2025\/01\/Blog-Banner-for-Website-Content-1536x864.jpg 1536w, https:\/\/wicmtl.ca\/wp-content\/uploads\/2025\/01\/Blog-Banner-for-Website-Content-2048x1152.jpg 2048w\" sizes=\"auto, (max-width: 2240px) 100vw, 2240px\" \/><div class=\"wp-block-cover__inner-container is-layout-constrained wp-block-cover-is-layout-constrained\">\n<h2 class=\"gb-headline gb-headline-ed79e4f9 gb-headline-text\"><b>Entra\u00eenez-vous comme un pro au camp de soccer estival de WIC!<\/b><\/h2>\n<\/div><\/div>\n\n<\/div><\/div>\n\n<div class=\"gb-container gb-container-11e3643f\"><div class=\"gb-inside-container\">\n\n<p class=\"has-text-align-center\" style=\"font-size:23px\"><span style=\"font-weight: 400;\">Pr\u00eat \u00e0 \u00e9lever votre jeu de soccer\u202f?<br>Cet \u00e9t\u00e9, rejoignez-nous au Coll\u00e8ge pour un camp exclusif organis\u00e9 par le Coll\u00e8ge de l\u2019Ouest de l\u2019\u00cele en partenariat avec<\/span> Accademia Italia Pro<span style=\"font-weight: 400;\">, et b\u00e9n\u00e9ficiez de l\u2019encadrement d\u2019un coach italien professionnel de haut niveau au sein de notre \u00e9cole!<\/span><\/p>\n\n\n\n<figure class=\"gb-block-image gb-block-image-17e56024\"><img loading=\"lazy\" decoding=\"async\" width=\"487\" height=\"220\" class=\"gb-image gb-image-17e56024\" src=\"https:\/\/wicmtl.ca\/wp-content\/uploads\/2025\/01\/Visuels-pour-la-page-web.png\" alt=\"\" title=\"Logo WIC50 and Logo Accademia Italia Pro\" srcset=\"https:\/\/wicmtl.ca\/wp-content\/uploads\/2025\/01\/Visuels-pour-la-page-web.png 487w, https:\/\/wicmtl.ca\/wp-content\/uploads\/2025\/01\/Visuels-pour-la-page-web-300x136.png 300w, https:\/\/wicmtl.ca\/wp-content\/uploads\/2025\/01\/Visuels-pour-la-page-web-50x23.png 50w\" sizes=\"auto, (max-width: 487px) 100vw, 487px\" \/><\/figure>\n\n<\/div><\/div>\n\n<div class=\"gb-container gb-container-382018f5 alignfull\"><div class=\"gb-inside-container\">\n\n<h2 class=\"gb-headline gb-headline-02ca7960 gb-headline-text\"><strong>Ce qui vous attend<\/strong><\/h2>\n\n\n\n<div class=\"wp-block-columns is-layout-flex wp-container-core-columns-is-layout-9d6595d7 wp-block-columns-is-layout-flex\">\n<div class=\"wp-block-column is-layout-flow wp-block-column-is-layout-flow\" style=\"flex-basis:66.66%\">\n<ul class=\"wp-block-list\">\n<li>Apprenez avec un entra\u00eeneur certifi\u00e9 FIGC (F\u00e9d\u00e9ration de soccer italien) et UEFA (Union des associations europ\u00e9ennes de football) utilisant des m\u00e9thodes de pointe.<\/li>\n\n\n\n<li><span style=\"font-weight: 400;\">Jouez sous la direction de l&#8217;instructeur professionnel italien <strong>Cosimo Savoia<\/strong>, de son \u00e9quipe de professionnels et des entra\u00eeneurs qualifi\u00e9s du Coll\u00e8ge.<\/span><\/li>\n\n\n\n<li>B\u00e9n\u00e9ficiez d\u2019un entra\u00eenement personnalis\u00e9 ax\u00e9 sur le d\u00e9veloppement cognitif, social et moteur, que vous soyez d\u00e9butant ou avanc\u00e9.\n<\/li>\n\n\n\n<li>Une infirmi\u00e8re d\u00e9di\u00e9e sur place pour assurer une exp\u00e9rience s\u00e9curis\u00e9e pour tous.<\/li>\n<\/ul>\n<\/div>\n\n\n\n<div class=\"wp-block-column is-layout-flow wp-block-column-is-layout-flow\" style=\"flex-basis:33.33%\">\n<figure class=\"gb-block-image gb-block-image-1892a792\"><img loading=\"lazy\" decoding=\"async\" width=\"940\" height=\"743\" class=\"gb-image gb-image-1892a792\" src=\"https:\/\/wicmtl.ca\/wp-content\/uploads\/2025\/01\/Stock-Photos-e1737554150295.jpg\" alt=\"\" title=\"Accademia Italia Pro - Coach talking to players\" srcset=\"https:\/\/wicmtl.ca\/wp-content\/uploads\/2025\/01\/Stock-Photos-e1737554150295.jpg 940w, https:\/\/wicmtl.ca\/wp-content\/uploads\/2025\/01\/Stock-Photos-e1737554150295-300x237.jpg 300w, https:\/\/wicmtl.ca\/wp-content\/uploads\/2025\/01\/Stock-Photos-e1737554150295-768x607.jpg 768w, https:\/\/wicmtl.ca\/wp-content\/uploads\/2025\/01\/Stock-Photos-e1737554150295-50x40.jpg 50w\" sizes=\"auto, (max-width: 940px) 100vw, 940px\" \/><\/figure>\n<\/div>\n<\/div>\n\n\n\n<div id=\"wp-block-themeisle-blocks-button-group-db003fe4\" class=\"wp-block-themeisle-blocks-button-group wp-block-buttons align-center-desktop\">\n<div id=\"wp-block-themeisle-blocks-button-5e87f4d0\" class=\"wp-block-themeisle-blocks-button wp-block-button\"><a class=\"wp-block-button__link\" href=\"https:\/\/docs.google.com\/forms\/d\/e\/1FAIpQLSdA8edTru3IaNlldPpCnyrLzY0jHtXXkBRyawOcg2VYZJOvMA\/viewform?usp=header\" target=\"_self\" rel=\"noopener noreferrer\">Inscrivez-vous maintenant!<\/a><\/div>\n<\/div>\n\n<\/div><\/div>\n\n<div class=\"gb-container gb-container-4638f098 alignfull\"><div class=\"gb-inside-container\">\n\n<h2 class=\"gb-headline gb-headline-8cb1b8c2 gb-headline-text\"><strong>D\u00e9tails<\/strong><\/h2>\n\n\n\n<div class=\"wp-block-columns is-layout-flex wp-container-core-columns-is-layout-9d6595d7 wp-block-columns-is-layout-flex\">\n<div class=\"wp-block-column is-layout-flow wp-block-column-is-layout-flow\">\n<figure class=\"gb-block-image gb-block-image-4d1eee76\"><img loading=\"lazy\" decoding=\"async\" width=\"1468\" height=\"960\" class=\"gb-image gb-image-4d1eee76\" src=\"https:\/\/wicmtl.ca\/wp-content\/uploads\/2025\/01\/Blog-Banner-for-Website-Content-1.jpg\" alt=\"\" title=\"Teenager - Soccer drills\" srcset=\"https:\/\/wicmtl.ca\/wp-content\/uploads\/2025\/01\/Blog-Banner-for-Website-Content-1.jpg 1468w, https:\/\/wicmtl.ca\/wp-content\/uploads\/2025\/01\/Blog-Banner-for-Website-Content-1-300x196.jpg 300w, https:\/\/wicmtl.ca\/wp-content\/uploads\/2025\/01\/Blog-Banner-for-Website-Content-1-1024x670.jpg 1024w, https:\/\/wicmtl.ca\/wp-content\/uploads\/2025\/01\/Blog-Banner-for-Website-Content-1-768x502.jpg 768w, https:\/\/wicmtl.ca\/wp-content\/uploads\/2025\/01\/Blog-Banner-for-Website-Content-1-50x33.jpg 50w\" sizes=\"auto, (max-width: 1468px) 100vw, 1468px\" \/><\/figure>\n<\/div>\n\n\n\n<div class=\"wp-block-column is-layout-flow wp-block-column-is-layout-flow\">\n<ul class=\"wp-block-list has-lg-font-size\">\n<li><b>\u00c2ges 9-15 ans :<\/b><span style=\"font-weight: 400;\"> 2 groupes form\u00e9s selon l\u2019\u00e2ge et le niveau.<\/span><\/li>\n\n\n\n<li><span style=\"font-weight: 400;\">Sessions offertes en <\/span><b>anglais, fran\u00e7ais et italien<\/b>.<\/li>\n\n\n\n<li><span style=\"font-weight: 400;\">Deux semaines disponibles : <\/span><b>23 &#8211; 28 juin<\/b><span style=\"font-weight: 400;\"> (24 juin exclus) ou <\/span><b>30 juin &#8211; 5 juillet<\/b><span style=\"font-weight: 400;\"> (1er juillet exclus).<\/span><\/li>\n\n\n\n<li style=\"font-size:18px\"><span style=\"font-weight: 400;\">Co\u00fbt : <\/span><b>375\u202f$ + taxes par semaine<\/b><span style=\"font-weight: 400;\"> (jersey inclus) + option d\u00eener disponible du lundi au vendredi au prix de&nbsp;70 $ + taxes&nbsp;par jour, soit un total de 80,48 $&nbsp;pour&nbsp;4 repas.<br><\/span><\/li>\n<\/ul>\n<\/div>\n<\/div>\n\n\n\n<p class=\"has-text-align-center has-lg-font-size\"><strong>Les places sont limit\u00e9es<\/strong> \u2013 inscrivez-vous d\u00e8s maintenant et profitez de l\u2019\u00e9t\u00e9 sur le terrain!<\/p>\n\n\n\n<div id=\"wp-block-themeisle-blocks-button-group-e4b7f1cc\" class=\"wp-block-themeisle-blocks-button-group wp-block-buttons align-center-desktop\">\n<div id=\"wp-block-themeisle-blocks-button-227c51f8\" class=\"wp-block-themeisle-blocks-button wp-block-button\"><a class=\"wp-block-button__link\" href=\"https:\/\/docs.google.com\/forms\/d\/e\/1FAIpQLSdA8edTru3IaNlldPpCnyrLzY0jHtXXkBRyawOcg2VYZJOvMA\/viewform?usp=header\" target=\"_self\" rel=\"noopener noreferrer\">Inscrivez-vous maintenant!<\/a><\/div>\n<\/div>\n\n<\/div><\/div>\n\n<div class=\"gb-container gb-container-8aaeba77 alignfull alignfull\"><div class=\"gb-inside-container\">\n\n<h3 class=\"gb-headline gb-headline-d8949855 gb-headline-text\"><strong>Plus de d\u00e9tails<\/strong><\/h3>\n\n\n\n<ul class=\"wp-block-list has-medium-font-size\">\n<li style=\"font-size:18px\">Les frais d\u2019inscription incluent 4,5 jours intensifs de camp de soccer: de 9 h a 15 h 45 du lundi au vendredi, et le samedi de 9 h \u00e0 12 h (le 24 juin et le 1er juillet, jours f\u00e9ri\u00e9s, sont exclus).<\/li>\n\n\n\n<li style=\"font-size:18px\">Un maillot de soccer (chandail) sera fourni \u00e0 chaque joueur. Chaque participant.e est toutefois responsable d\u2019apporter ses propres shorts noirs, ses , prot\u00e8ge-tibias et chaussures de soccer avec crampons.<\/li>\n\n\n\n<li style=\"font-size:18px\">Un plan de d\u00eener optionnel est disponible (du lundi au vendredi) au prix de 17,50 $ + taxes par jour, soit un total de 80,48 $ 4 repas.<\/li>\n<\/ul>\n\n\n\n<h4 class=\"gb-headline gb-headline-d1cd5122 gb-headline-text\"><strong>Exemple d&#8217;une journ\u00e9e de camp<\/strong><\/h4>\n\n\n\n<img decoding=\"async\" src=\"https:\/\/wicmtl.ca\/wp-content\/uploads\/2025\/01\/Blog-Banner-for-Website-Content-5.png\" \/>\n\n\n\n<p><b>Note 1 :<\/b>&nbsp;L&#8217;emploi du temps et les horaires de d\u00e9but\/fin peuvent \u00eatre l\u00e9g\u00e8rement modifi\u00e9s en fonction du nombre de participants\/groupe.<\/p>\n\n\n\n<p><div>&#13;\n<div>&#13;\n<div>&#13;\n<div>&#13;\n<div dir=\"auto\">&#13;\n<div>&#13;\n<div>&#13;\n&#13;\n<b>Note 2 :<\/b> Les matchs de groupe finaux auront lieu le samedi matin, de 9 h \u00e0 12 h environ.&#13;\n&#13;\n<\/div>&#13;\n<\/div>&#13;\n<\/div>&#13;\n<\/div>&#13;\n<\/div>&#13;\n<\/div>&#13;\n<\/div><\/p>\n\n\n\n<div id=\"wp-block-themeisle-blocks-button-group-fca85867\" class=\"wp-block-themeisle-blocks-button-group wp-block-buttons align-center-desktop\">\n<div id=\"wp-block-themeisle-blocks-button-73ab6c8e\" class=\"wp-block-themeisle-blocks-button wp-block-button\"><a class=\"wp-block-button__link\" href=\"https:\/\/docs.google.com\/forms\/d\/e\/1FAIpQLSdA8edTru3IaNlldPpCnyrLzY0jHtXXkBRyawOcg2VYZJOvMA\/viewform?usp=header\" target=\"_self\" rel=\"noopener noreferrer\">Inscrivez-vous maintenant!<\/a><\/div>\n<\/div>\n\n<\/div><\/div>\n\n<div class=\"gb-container gb-container-1809128f alignfull alignfull\"><div class=\"gb-inside-container\">\n\n<h3 class=\"gb-headline gb-headline-afb2cd8c gb-headline-text\"><strong>Notre \u00e9quipe<\/strong><\/h3>\n\n\n\n<div class=\"wp-block-columns is-layout-flex wp-container-core-columns-is-layout-9d6595d7 wp-block-columns-is-layout-flex\">\n<div class=\"wp-block-column is-layout-flow wp-block-column-is-layout-flow\" style=\"flex-basis:33.33%\">\n<figure class=\"gb-block-image gb-block-image-719f0d9c\"><img loading=\"lazy\" decoding=\"async\" width=\"309\" height=\"309\" class=\"gb-image gb-image-719f0d9c\" src=\"https:\/\/wicmtl.ca\/wp-content\/uploads\/2025\/01\/Our-team-Website-photos-e1737743080132.png\" alt=\"\" title=\"Cosimo Savoia - Head of Academia Italia Pro\" srcset=\"https:\/\/wicmtl.ca\/wp-content\/uploads\/2025\/01\/Our-team-Website-photos-e1737743080132.png 309w, https:\/\/wicmtl.ca\/wp-content\/uploads\/2025\/01\/Our-team-Website-photos-e1737743080132-300x300.png 300w, https:\/\/wicmtl.ca\/wp-content\/uploads\/2025\/01\/Our-team-Website-photos-e1737743080132-150x150.png 150w, https:\/\/wicmtl.ca\/wp-content\/uploads\/2025\/01\/Our-team-Website-photos-e1737743080132-50x50.png 50w\" sizes=\"auto, (max-width: 309px) 100vw, 309px\" \/><\/figure>\n<\/div>\n\n\n\n<div class=\"wp-block-column is-layout-flow wp-block-column-is-layout-flow\" style=\"flex-basis:66.66%\">\n<h4 class=\"gb-headline gb-headline-51870297 gb-headline-text\"><strong>Cosimo Savoia, Directeur de l&#8217;Accademia Italia Pro<\/strong><\/h4>\n\n\n\n<p><span style=\"font-weight: 400;\">Cosimo Savoia apporte plus de 37 ans d&#8217;exp\u00e9rience comme entra\u00eeneur d&#8217;\u00e9lite \u00e0 notre camp de soccer estival. En tant qu&#8217;instructeur certifi\u00e9 par l&#8217;UEFA et la FIGC et <\/span><span style=\"font-weight: 400;\">entra\u00eeneur de longue date pour <strong>les acad\u00e9mies italiennes et internationales de l&#8217;AC Milan<\/strong>, Cosimo a form\u00e9 d&#8217;innombrables jeunes athl\u00e8tes, dont certains ont atteint le statut de professionnels en Europe.<\/span><\/p>\n\n\n\n<p>Sa grande expertise en mati\u00e8re d&#8217;entra\u00eenement technique et tactique, combin\u00e9e \u00e0 sa passion pour la formation des jeunes talents, garantit une exp\u00e9rience transformatrice pour chaque participant.&nbsp;<\/p>\n\n\n\n<p>Rejoignez-nous et entra\u00eenez-vous avec l&#8217;un des experts en soccer italiens les plus chevronn\u00e9s, ici m\u00eame dans l&#8217;Ouest-de-l&#8217;\u00cele!<\/p>\n<\/div>\n<\/div>\n\n\n\n<div class=\"wp-block-columns is-layout-flex wp-container-core-columns-is-layout-9d6595d7 wp-block-columns-is-layout-flex\">\n<div class=\"wp-block-column is-layout-flow wp-block-column-is-layout-flow\" style=\"flex-basis:66.66%\">\n<h4 class=\"gb-headline gb-headline-e7d716e9 gb-headline-text\"><strong><strong>Tom Angelitti, Entra\u00eeneur <b>du Coll\u00e8ge de l\u2019Ouest de l\u2019\u00cele<\/b><\/strong><\/strong><\/h4>\n\n\n\n<p>Tom Angelitti, \u00e9ducateur exp\u00e9riment\u00e9 et entra\u00eeneur WIC, apporte une grande exp\u00e9rience en \u00e9ducation \u00e0 notre camp de soccer. Il a \u00e9t\u00e9 professeur d&#8217;\u00e9ducation physique et de math\u00e9matiques, directeur adjoint, directeur sportif et directeur d&#8217;\u00e9cole adjoint au Qu\u00e9bec, en Alberta et en Suisse.<\/p>\n\n\n\n<p>En tant qu&#8217;instructeur de soccer pour l&#8217;Accademia Italia Pro en Suisse, Tom allie son expertise en mati\u00e8re d&#8217;entra\u00eenement \u00e0 sa passion pour le d\u00e9veloppement des jeunes. Son exp\u00e9rience vari\u00e9e comprend \u00e9galement l&#8217;entra\u00eenement professionnel de hockey sur glace en Suisse, la direction de camps sportifs internationaux et la direction de programmes r\u00e9sidentiels et de voyages \u00e0 l&#8217;\u00e9tranger.<\/p>\n\n\n\n<p>Reconnu pour ses comp\u00e9tences en communication et son approche inclusive, M. Angelitti cr\u00e9e un environnement favorable et motivant pour que les jeunes athl\u00e8tes s&#8217;\u00e9panouissent, tant sur le terrain qu&#8217;en dehors. <\/p>\n<\/div>\n\n\n\n<div class=\"wp-block-column is-layout-flow wp-block-column-is-layout-flow\" style=\"flex-basis:33.33%\">\n<figure class=\"gb-block-image gb-block-image-81a31410\"><img loading=\"lazy\" decoding=\"async\" width=\"303\" height=\"307\" class=\"gb-image gb-image-81a31410\" src=\"https:\/\/wicmtl.ca\/wp-content\/uploads\/2025\/01\/1-1-e1737559806128.png\" alt=\"\" title=\"Tom Angelitti - WIC coach\" srcset=\"https:\/\/wicmtl.ca\/wp-content\/uploads\/2025\/01\/1-1-e1737559806128.png 303w, https:\/\/wicmtl.ca\/wp-content\/uploads\/2025\/01\/1-1-e1737559806128-296x300.png 296w, https:\/\/wicmtl.ca\/wp-content\/uploads\/2025\/01\/1-1-e1737559806128-50x51.png 50w\" sizes=\"auto, (max-width: 303px) 100vw, 303px\" \/><\/figure>\n<\/div>\n<\/div>\n\n<\/div><\/div>\n\n<div class=\"gb-container gb-container-9d59f9aa alignfull alignfull\"><div class=\"gb-inside-container\">\n\n<h3 class=\"gb-headline gb-headline-5dba6dea gb-headline-text\"><strong>Contactez-nous<\/strong><\/h3>\n\n\n\n<div class=\"wp-block-columns is-layout-flex wp-container-core-columns-is-layout-9d6595d7 wp-block-columns-is-layout-flex\">\n<div class=\"wp-block-column is-layout-flow wp-block-column-is-layout-flow\" style=\"flex-basis:50%\">\n<h4 class=\"gb-headline gb-headline-7afc671c gb-headline-text\"><strong><strong>Coordonn\u00e9es<\/strong><\/strong><\/h4>\n\n\n\n<p>N&#8217;h\u00e9sitez pas \u00e0 contacter notre \u00e9quipe si vous avez des questions!<\/p>\n\n\n\n<p><\/p>\n\n\n\n<p>T\u00e9l\u00e9phone: (514) 683-4660<\/p>\n\n\n\n<p>Adresse: Coll\u00e8ge de l&#8217;Ouest de l&#8217;\u00cele\n851 Tecumseh St, Dollard-Des Ormeaux, Quebec H9B 2L2<\/p>\n\n\n\n<div id=\"wp-block-themeisle-blocks-button-group-833dd980\" class=\"wp-block-themeisle-blocks-button-group wp-block-buttons align-left-desktop\">\n<div id=\"wp-block-themeisle-blocks-button-721e8d5e\" class=\"wp-block-themeisle-blocks-button wp-block-button\"><a class=\"wp-block-button__link\" href=\"mailto:wicsoccer@wicmtl.ca\" target=\"_self\" rel=\"noopener noreferrer\">Contactez-nous par courriel<\/a><\/div>\n<\/div>\n<\/div>\n\n\n\n<div class=\"wp-block-column is-layout-flow wp-block-column-is-layout-flow\" style=\"flex-basis:33.33%\"><div style=\"height:400pxpx;\" class=\"wp-block-themeisle-blocks-leaflet-map\" id=\"wp-block-themeisle-blocks-leaflet-map-714f182c\"><\/div>\n<script type=\"text\/javascript\">\n\t\/* <![CDATA[ *\/\n\t\tif ( ! window.themeisleLeafletMaps ) window.themeisleLeafletMaps =[];\n\t\twindow.themeisleLeafletMaps.push( { container: \"wp-block-themeisle-blocks-leaflet-map-714f182c\", attributes: {\"id\":\"wp-block-themeisle-blocks-leaflet-map-714f182c\",\"location\":\"West island college Montreal\",\"latitude\":\"45.48110858954642\",\"longitude\":\"-73.81653694017308\",\"bbox\":\"-73.81739616394044,45.48035491818751,-73.81567955017091,45.48185941088379\",\"zoom\":18,\"markers\":[{\"id\":\"0e5b64dd-1af3-433c-8270-4242f923ed79\",\"latitude\":45.47936193100033,\"longitude\":-73.81557226181032,\"title\":\"West Island College\",\"description\":\"\"}],\"height\":\"400px\",\"zoomControl\":true,\"draggable\":true,\"gbBlockCondition\":\"\",\"gbBlockConditionInvert\":false,\"openPopupId\":\"\",\"otterConditions\":[]} } );\n\t\/* ]]> *\/\n<\/script>\n<\/div>\n<\/div>\n\n<\/div><\/div>","protected":false},"excerpt":{"rendered":"<p>Nouveau camp de soccer! Pr\u00eat \u00e0 \u00e9lever votre jeu de soccer\u202f?Cet \u00e9t\u00e9, rejoignez-nous au Coll\u00e8ge pour un camp exclusif organis\u00e9 par le Coll\u00e8ge de l\u2019Ouest de l\u2019\u00cele en partenariat avec Accademia Italia Pro, et b\u00e9n\u00e9ficiez de l\u2019encadrement d\u2019un coach italien professionnel de haut niveau au sein de notre \u00e9cole! Ce qui vous attend D\u00e9tails Les &#8230; <a title=\"Camp de soccer d&#8217;\u00e9t\u00e9\" class=\"read-more\" href=\"https:\/\/wicmtl.ca\/fr\/camp-de-soccer-ete\/\" aria-label=\"En savoir plus sur Camp de soccer d&#8217;\u00e9t\u00e9\">Lire plus<\/a><\/p>\n","protected":false},"author":13,"featured_media":0,"parent":0,"menu_order":0,"comment_status":"closed","ping_status":"closed","template":"","meta":{"_themeisle_gutenberg_block_has_review":false,"footnotes":""},"class_list":["post-24700","page","type-page","status-publish"],"_links":{"self":[{"href":"https:\/\/wicmtl.ca\/fr\/wp-json\/wp\/v2\/pages\/24700","targetHints":{"allow":["GET"]}}],"collection":[{"href":"https:\/\/wicmtl.ca\/fr\/wp-json\/wp\/v2\/pages"}],"about":[{"href":"https:\/\/wicmtl.ca\/fr\/wp-json\/wp\/v2\/types\/page"}],"author":[{"embeddable":true,"href":"https:\/\/wicmtl.ca\/fr\/wp-json\/wp\/v2\/users\/13"}],"replies":[{"embeddable":true,"href":"https:\/\/wicmtl.ca\/fr\/wp-json\/wp\/v2\/comments?post=24700"}],"version-history":[{"count":42,"href":"https:\/\/wicmtl.ca\/fr\/wp-json\/wp\/v2\/pages\/24700\/revisions"}],"predecessor-version":[{"id":24919,"href":"https:\/\/wicmtl.ca\/fr\/wp-json\/wp\/v2\/pages\/24700\/revisions\/24919"}],"wp:attachment":[{"href":"https:\/\/wicmtl.ca\/fr\/wp-json\/wp\/v2\/media?parent=24700"}],"curies":[{"name":"wp","href":"https:\/\/api.w.org\/{rel}","templated":true}]}}