{"id":22632,"date":"2023-09-21T09:00:00","date_gmt":"2023-09-21T13:00:00","guid":{"rendered":"https:\/\/wicmtl.ca\/?page_id=22632"},"modified":"2023-09-21T09:58:40","modified_gmt":"2023-09-21T13:58:40","slug":"la-vie-apres-wic","status":"publish","type":"page","link":"https:\/\/wicmtl.ca\/fr\/curriculum\/la-vie-apres-wic\/","title":{"rendered":"La vie apr\u00e8s WIC"},"content":{"rendered":"<div class=\"gb-container gb-container-e1e90879 alignfull\"><div class=\"gb-inside-container\">\n\n<h1 class=\"gb-headline gb-headline-84b9a601 gb-headline-text\">La vie apr\u00e8s le Coll\u00e8ge<\/h1>\n\n<\/div><\/div>\n\n<div class=\"gb-container gb-container-abc6bc82\"><div class=\"gb-inside-container\">\n\n<div class=\"wp-block-columns is-layout-flex wp-container-core-columns-is-layout-201b4ec5 wp-block-columns-is-layout-flex\">\n<div class=\"wp-block-column is-layout-flow wp-block-column-is-layout-flow\" style=\"padding-top:20px;padding-right:20px;padding-bottom:20px;padding-left:20px\">\n<div class=\"wp-block-columns is-layout-flex wp-container-core-columns-is-layout-9d6595d7 wp-block-columns-is-layout-flex\">\n<div class=\"wp-block-column is-vertically-aligned-center is-layout-flow wp-block-column-is-layout-flow\">\n<p>Apr\u00e8s avoir termin\u00e9 leur 5e secondaire, les dipl\u00f4m\u00e9\u00b7e\u00b7s du Coll\u00e8ge de l\u2019Ouest-de-l\u2019\u00cele peuvent choisir parmi une vari\u00e9t\u00e9 d\u2019options de parcours d\u2019\u00e9tudes postsecondaires. Notre orienteuse travaille avec chacun\u00b7e des \u00e9l\u00e8ves afin de les aider \u00e0 identifier le parcours le mieux adapt\u00e9 \u00e0 leurs int\u00e9r\u00eats et ambitions. <\/p>\n<\/div>\n\n\n\n<div class=\"wp-block-column is-layout-flow wp-block-column-is-layout-flow\">\n<figure class=\"wp-block-image size-large\"><img loading=\"lazy\" decoding=\"async\" width=\"1024\" height=\"683\" src=\"https:\/\/wicmtl.ca\/wp-content\/uploads\/2023\/09\/PBL-WICGraduation2023-22160-1024x683.jpg\" alt=\"\" class=\"wp-image-22692\" srcset=\"https:\/\/wicmtl.ca\/wp-content\/uploads\/2023\/09\/PBL-WICGraduation2023-22160-1024x683.jpg 1024w, https:\/\/wicmtl.ca\/wp-content\/uploads\/2023\/09\/PBL-WICGraduation2023-22160-300x200.jpg 300w, https:\/\/wicmtl.ca\/wp-content\/uploads\/2023\/09\/PBL-WICGraduation2023-22160-768x512.jpg 768w, https:\/\/wicmtl.ca\/wp-content\/uploads\/2023\/09\/PBL-WICGraduation2023-22160-1600x1067.jpg 1600w, https:\/\/wicmtl.ca\/wp-content\/uploads\/2023\/09\/PBL-WICGraduation2023-22160-1536x1024.jpg 1536w\" sizes=\"auto, (max-width: 1024px) 100vw, 1024px\" \/><\/figure>\n<\/div>\n<\/div>\n\n\n\n<h5 class=\"wp-block-heading\"><strong>Parmi les plus populaires, il y a:\u00a0<\/strong><\/h5>\n\n\n\n<ul class=\"wp-block-list\">\n<li><strong>C\u00e9gep&nbsp;: <\/strong>Plusieurs \u00e9tudiant\u00b7e\u00b7s du Qu\u00e9bec choisissent de s\u2019inscrire au C\u00e9gep (Coll\u00e8ge d\u2019enseignement g\u00e9n\u00e9ral et professionnel). Ce parcours leur offre l\u2019occasion de d\u00e9couvrir diverses disciplines scolaires avant d\u2019entrer \u00e0 l\u2019universit\u00e9. Le C\u00e9gep offre des programmes pr\u00e9universitaires d\u2019une dur\u00e9e de deux ans et des programmes techniques d\u2019une dur\u00e9e de trois ans.<\/li>\n<\/ul>\n\n\n\n<ul class=\"wp-block-list\">\n<li><strong>Programme pr\u00e9universitaire de 12e ann\u00e9e&nbsp;: <\/strong>Dans les derni\u00e8res ann\u00e9es, un nombre croissant d\u2019\u00e9l\u00e8ves ont choisi l\u2019option de la 12e ann\u00e9e. C\u2019est pourquoi nous avons cr\u00e9\u00e9 le <strong>WIC12<\/strong>, un programme sp\u00e9cialement con\u00e7u pour les \u00e9l\u00e8ves du Coll\u00e8ge de l\u2019Ouest-de-l\u2019\u00cele et qui sera lanc\u00e9 en ao\u00fbt 2024. D\u2019une dur\u00e9e d\u2019un an, le programme pr\u00e9universitaire bilingue pr\u00e9pare les \u00e9l\u00e8ves \u00e0 un parcours universitaire au Qu\u00e9bec, au Canada ou \u00e0 l\u2019international en misant sur des occasions d\u2019apprentissage pratiques, des applications concr\u00e8tes et le d\u00e9veloppement de comp\u00e9tences qui leur serviront tout au long de leur cheminement.<\/li>\n<\/ul>\n\n\n\n<ul class=\"wp-block-list\">\n<li><strong>\u00c9cole pr\u00e9paratoire am\u00e9ricaine : <\/strong>Certain\u00b7e\u00b7s \u00e9l\u00e8ves choisissent d\u2019aller \u00e0 l\u2019\u00e9cole pr\u00e9paratoire am\u00e9ricaine apr\u00e8s leur secondaire&nbsp;5 afin de se pr\u00e9parer \u00e0 l\u2019admission au coll\u00e8ge ou \u00e0 l\u2019universit\u00e9 aux \u00c9tats-Unis. Ces \u00e9coles proposent un programme scolaire rigoureux, une pr\u00e9paration aux tests normalis\u00e9s et des conseils par rapport \u00e0 la demande d\u2019admission afin de combler l\u2019\u00e9cart entre le syst\u00e8me d\u2019\u00e9ducation qu\u00e9b\u00e9cois et les \u00e9tablissements d\u2019\u00e9tudes sup\u00e9rieures am\u00e9ricains.<\/li>\n<\/ul>\n\n\n\n<ul class=\"wp-block-list\">\n<li><strong>Programme international&nbsp;:<\/strong> D\u2019autres dipl\u00f4m\u00e9\u00b7e\u00b7s s\u2019inspirent plut\u00f4t de leur exp\u00e9rience WIC Voyageur et choisissent de poursuivre leurs \u00e9tudes \u00e0 l\u2019\u00e9tranger. Dans le pass\u00e9, plusieurs \u00e9l\u00e8ves du Coll\u00e8ge de l\u2019Ouest-de-l\u2019\u00cele ont \u00e9tudi\u00e9 dans des programmes internationaux en Suisse, en Italie et partout ailleurs dans le monde.<\/li>\n<\/ul>\n\n\n\n<ul class=\"wp-block-list\">\n<li><strong>Formation professionnelle&nbsp;et stage&nbsp;: <\/strong>Les programmes de formation professionnelle offrent aux \u00e9l\u00e8ves qui s\u2019int\u00e9ressent aux comp\u00e9tences pratiques une voie directe vers des carri\u00e8res dans les secteurs de la sant\u00e9 et de la technologie ou vers un m\u00e9tier manuel. De plus, les programmes de stage permettent d\u2019apprendre tout en acqu\u00e9rant une exp\u00e9rience pratique dans des domaines tels que la construction, la plomberie ou l\u2019\u00e9lectricit\u00e9.&nbsp;<\/li>\n<\/ul>\n\n\n\n<p>Il est important que les \u00e9l\u00e8ves et leurs parents \u00e9tudient ces diff\u00e9rentes options afin de faire un choix \u00e9clair\u00e9 en fonction des int\u00e9r\u00eats, des forces et des ambitions de l\u2019\u00e9l\u00e8ve. L\u2019orienteuse du Coll\u00e8ge de l\u2019Ouest-de-l\u2019\u00cele s\u2019engage \u00e0 accompagner les \u00e9l\u00e8ves dans leur d\u00e9cision et tout au long du processus de demande d\u2019admission afin d\u2019assurer une transition r\u00e9ussie vers le parcours de leur choix.<\/p>\n<\/div>\n<\/div>\n\n<\/div><\/div>\n\n<div class=\"gb-container gb-container-30cc8d92\"><div class=\"gb-inside-container\">\n\n<div class=\"wp-block-cover alignfull is-light\" style=\"min-height:600px;aspect-ratio:unset;\"><span aria-hidden=\"true\" class=\"wp-block-cover__background has-black-background-color has-background-dim\"><\/span><img decoding=\"async\" class=\"wp-block-cover__image-background wp-image-22641\" alt=\"\" src=\"https:\/\/wicmtl.ca\/wp-content\/uploads\/2023\/09\/RBP_7448-4-scaled.jpg\" data-object-fit=\"cover\"\/><div class=\"wp-block-cover__inner-container is-layout-flow wp-block-cover-is-layout-flow\">\n<h2 class=\"gb-headline gb-headline-34b811a5 gb-headline-text\"><mark style=\"background-color:rgba(0, 0, 0, 0)\" class=\"has-inline-color has-base-3-color\">D\u00e9couvrir WIC12<\/mark><\/h2>\n\n\n\n<div class=\"wp-block-buttons is-content-justification-center is-layout-flex wp-container-core-buttons-is-layout-16018d1d wp-block-buttons-is-layout-flex\">\n<div class=\"wp-block-button has-custom-font-size\" style=\"font-size:16px\"><a class=\"wp-block-button__link wp-element-button\" href=\"https:\/\/wic12.ca\" target=\"_blank\" rel=\"noreferrer noopener\">EN SAVOIR PLUS<\/a><\/div>\n<\/div>\n<\/div><\/div>\n\n<\/div><\/div>","protected":false},"excerpt":{"rendered":"<p>La vie apr\u00e8s le Coll\u00e8ge Apr\u00e8s avoir termin\u00e9 leur 5e secondaire, les dipl\u00f4m\u00e9\u00b7e\u00b7s du Coll\u00e8ge de l\u2019Ouest-de-l\u2019\u00cele peuvent choisir parmi une vari\u00e9t\u00e9 d\u2019options de parcours d\u2019\u00e9tudes postsecondaires. Notre orienteuse travaille avec chacun\u00b7e des \u00e9l\u00e8ves afin de les aider \u00e0 identifier le parcours le mieux adapt\u00e9 \u00e0 leurs int\u00e9r\u00eats et ambitions. Parmi les plus populaires, il &#8230; <a title=\"La vie apr\u00e8s WIC\" class=\"read-more\" href=\"https:\/\/wicmtl.ca\/fr\/curriculum\/la-vie-apres-wic\/\" aria-label=\"En savoir plus sur La vie apr\u00e8s WIC\">Lire plus<\/a><\/p>\n","protected":false},"author":13,"featured_media":0,"parent":19608,"menu_order":4,"comment_status":"closed","ping_status":"closed","template":"","meta":{"_themeisle_gutenberg_block_has_review":false,"footnotes":""},"class_list":["post-22632","page","type-page","status-publish"],"_links":{"self":[{"href":"https:\/\/wicmtl.ca\/fr\/wp-json\/wp\/v2\/pages\/22632","targetHints":{"allow":["GET"]}}],"collection":[{"href":"https:\/\/wicmtl.ca\/fr\/wp-json\/wp\/v2\/pages"}],"about":[{"href":"https:\/\/wicmtl.ca\/fr\/wp-json\/wp\/v2\/types\/page"}],"author":[{"embeddable":true,"href":"https:\/\/wicmtl.ca\/fr\/wp-json\/wp\/v2\/users\/13"}],"replies":[{"embeddable":true,"href":"https:\/\/wicmtl.ca\/fr\/wp-json\/wp\/v2\/comments?post=22632"}],"version-history":[{"count":6,"href":"https:\/\/wicmtl.ca\/fr\/wp-json\/wp\/v2\/pages\/22632\/revisions"}],"predecessor-version":[{"id":22697,"href":"https:\/\/wicmtl.ca\/fr\/wp-json\/wp\/v2\/pages\/22632\/revisions\/22697"}],"up":[{"embeddable":true,"href":"https:\/\/wicmtl.ca\/fr\/wp-json\/wp\/v2\/pages\/19608"}],"wp:attachment":[{"href":"https:\/\/wicmtl.ca\/fr\/wp-json\/wp\/v2\/media?parent=22632"}],"curies":[{"name":"wp","href":"https:\/\/api.w.org\/{rel}","templated":true}]}}