{"id":21022,"date":"2022-12-07T14:11:08","date_gmt":"2022-12-07T19:11:08","guid":{"rendered":"https:\/\/wicmtl.ca\/reglements-et-plan-contre-lintimidation\/"},"modified":"2025-09-26T11:14:01","modified_gmt":"2025-09-26T15:14:01","slug":"reglements-et-plan-contre-lintimidation","status":"publish","type":"page","link":"https:\/\/wicmtl.ca\/fr\/reglements-et-plan-contre-lintimidation\/","title":{"rendered":"Guide du Coll\u00e8ge et plan contre l\u2019intimidation et la violence"},"content":{"rendered":"<div class=\"gb-container gb-container-e5e030bb alignfull\"><div class=\"gb-inside-container\">\n\n<h1 class=\"gb-headline gb-headline-efa73c5d gb-headline-text\">Guide du Coll\u00e8ge et plan contre l\u2019intimidation et la violence<\/h1>\n\n<\/div><\/div><div class=\"gb-container gb-container-ff9ca29d\"><div class=\"gb-inside-container\">\n\n<figure class=\"gb-block-image gb-block-image-f2cba3f3\"><img loading=\"lazy\" decoding=\"async\" width=\"1200\" height=\"630\" class=\"gb-image gb-image-f2cba3f3\" title=\"1\" src=\"https:\/\/wicmtl.ca\/wp-content\/uploads\/2024\/11\/1.png\" alt=\"\" srcset=\"https:\/\/wicmtl.ca\/wp-content\/uploads\/2024\/11\/1.png 1200w, https:\/\/wicmtl.ca\/wp-content\/uploads\/2024\/11\/1-300x158.png 300w, https:\/\/wicmtl.ca\/wp-content\/uploads\/2024\/11\/1-1024x538.png 1024w, https:\/\/wicmtl.ca\/wp-content\/uploads\/2024\/11\/1-768x403.png 768w, https:\/\/wicmtl.ca\/wp-content\/uploads\/2024\/11\/1-50x26.png 50w\" sizes=\"auto, (max-width: 1200px) 100vw, 1200px\" \/><\/figure>\n\n\n\n<div class=\"wp-block-group is-nowrap is-layout-flex wp-container-core-group-is-layout-ad2f72ca wp-block-group-is-layout-flex\"><\/div>\n\n\n\n<div id=\"wp-block-themeisle-blocks-button-group-f5f5b46e\" class=\"wp-block-themeisle-blocks-button-group wp-block-buttons align-center-desktop\">\n<div id=\"wp-block-themeisle-blocks-button-74048f78\" class=\"wp-block-themeisle-blocks-button wp-block-button\"><a class=\"wp-block-button__link\" href=\"https:\/\/wicmtl.ca\/wp-content\/uploads\/2025\/09\/Code-de-vie-officiel-2025-26.pdf\" target=\"_self\" rel=\"noopener noreferrer\">Code de conduite de la communaut\u00e9<\/a><\/div>\n<\/div>\n\n<\/div><\/div><div class=\"gb-container gb-container-4f0a1927 alignfull\"><div class=\"gb-inside-container\">\n\n<h2 class=\"gb-headline gb-headline-aa4245bf gb-headline-text\">Plan contre la violence et l\u2019intimidation<\/h2>\n\n\n<div class=\"gb-grid-wrapper gb-grid-wrapper-abed3b45\">\n<div class=\"gb-grid-column gb-grid-column-635b4a6b\"><div class=\"gb-container gb-container-635b4a6b\">\n\n<p class=\"has-medium-font-size\">Le Coll\u00e8ge dispose d&#8217;un plan complet de lutte contre la violence et l&#8217;intimidation afin de pr\u00e9venir ces situations et d&#8217;intervenir correctement.<\/p>\n\n\n\n<div id=\"wp-block-themeisle-blocks-button-group-aadd6485\" class=\"wp-block-themeisle-blocks-button-group wp-block-buttons align-center-desktop\">\n<div id=\"wp-block-themeisle-blocks-button-f2ecc816\" class=\"wp-block-themeisle-blocks-button wp-block-button\"><a class=\"wp-block-button__link\" href=\"https:\/\/wicmtl.ca\/wp-content\/uploads\/2025\/09\/Plan-de-lutte-contre-lintimidation-et-la-violence.pdf\" target=\"_self\" rel=\"noopener noreferrer\">Lire notre plan<\/a><\/div>\n<\/div>\n\n\n\n<p><\/p>\n\n\n\n<p class=\"has-medium-font-size\">Veuillez signaler tout incident d&#8217;intimidation \u00e0 notre \u00e9quipe en utilisant le formulaire appropri\u00e9 :<\/p>\n\n\n\n<div id=\"wp-block-themeisle-blocks-button-group-a9c981b3\" class=\"wp-block-themeisle-blocks-button-group wp-block-buttons align-center-desktop\">\n<div id=\"wp-block-themeisle-blocks-button-d7403d15\" class=\"wp-block-themeisle-blocks-button wp-block-button\"><a class=\"wp-block-button__link\" href=\"https:\/\/docs.google.com\/forms\/d\/e\/1FAIpQLScMQGVWIABOUw3MksKhxD1KjxRnpNf7j7Xg_CuyHfBYqFypVg\/viewform\" target=\"_self\" rel=\"noopener noreferrer\">POUR \u00c9L\u00c8VES<\/a><\/div>\n\n\n\n<div id=\"wp-block-themeisle-blocks-button-400bf9fd\" class=\"wp-block-themeisle-blocks-button wp-block-button\"><a class=\"wp-block-button__link\" href=\"https:\/\/docs.google.com\/forms\/d\/e\/1FAIpQLSfe4vmOpG7cmMgqGE0g1uhm_SE-E8R4YnXLYKDb6MFGsAJb8Q\/viewform\" target=\"_self\" rel=\"noopener noreferrer\">POUR PARENTS<\/a><\/div>\n<\/div>\n\n<\/div><\/div>\n\n<div class=\"gb-grid-column gb-grid-column-f850b7ca\"><div class=\"gb-container gb-container-f850b7ca\">\n\n<figure class=\"wp-block-image alignright size-large\"><img loading=\"lazy\" decoding=\"async\" width=\"683\" height=\"1024\" src=\"https:\/\/wicmtl.ca\/wp-content\/uploads\/2024\/11\/7R303185-1-683x1024.jpg\" alt=\"\" class=\"wp-image-24334\" style=\"aspect-ratio:3\/4;object-fit:cover\" srcset=\"https:\/\/wicmtl.ca\/wp-content\/uploads\/2024\/11\/7R303185-1-683x1024.jpg 683w, https:\/\/wicmtl.ca\/wp-content\/uploads\/2024\/11\/7R303185-1-200x300.jpg 200w, https:\/\/wicmtl.ca\/wp-content\/uploads\/2024\/11\/7R303185-1-768x1151.jpg 768w, https:\/\/wicmtl.ca\/wp-content\/uploads\/2024\/11\/7R303185-1-50x75.jpg 50w, https:\/\/wicmtl.ca\/wp-content\/uploads\/2024\/11\/7R303185-1-1600x2398.jpg 1600w, https:\/\/wicmtl.ca\/wp-content\/uploads\/2024\/11\/7R303185-1-1025x1536.jpg 1025w, https:\/\/wicmtl.ca\/wp-content\/uploads\/2024\/11\/7R303185-1-1366x2048.jpg 1366w, https:\/\/wicmtl.ca\/wp-content\/uploads\/2024\/11\/7R303185-1-scaled.jpg 1708w\" sizes=\"auto, (max-width: 683px) 100vw, 683px\" \/><\/figure>\n\n<\/div><\/div>\n<\/div>\n<\/div><\/div><div class=\"gb-container gb-container-0256eed7 alignfull\"><div class=\"gb-inside-container\">\n\n<div class=\"wp-block-cover alignfull is-light\" style=\"min-height:600px;aspect-ratio:unset;\"><img loading=\"lazy\" decoding=\"async\" width=\"1280\" height=\"853\" class=\"wp-block-cover__image-background wp-image-931\" alt=\"\" src=\"https:\/\/wicmtl.ca\/wp-content\/uploads\/2022\/06\/WICFRONTIMG_3695.jpeg\" style=\"object-position:14% 39%\" data-object-fit=\"cover\" data-object-position=\"14% 39%\" srcset=\"https:\/\/wicmtl.ca\/wp-content\/uploads\/2022\/06\/WICFRONTIMG_3695.jpeg 1280w, https:\/\/wicmtl.ca\/wp-content\/uploads\/2022\/06\/WICFRONTIMG_3695-300x200.jpeg 300w, https:\/\/wicmtl.ca\/wp-content\/uploads\/2022\/06\/WICFRONTIMG_3695-1024x682.jpeg 1024w, https:\/\/wicmtl.ca\/wp-content\/uploads\/2022\/06\/WICFRONTIMG_3695-768x512.jpeg 768w\" sizes=\"auto, (max-width: 1280px) 100vw, 1280px\" \/><span aria-hidden=\"true\" class=\"wp-block-cover__background has-black-background-color has-background-dim-40 has-background-dim\"><\/span><div class=\"wp-block-cover__inner-container is-layout-flow wp-block-cover-is-layout-flow\">\n<p class=\"has-text-align-center has-large-font-size\"><\/p>\n<\/div><\/div>\n\n<\/div><\/div>","protected":false},"excerpt":{"rendered":"<p>Guide du Coll\u00e8ge et plan contre l\u2019intimidation et la violence Plan contre la violence et l\u2019intimidation<\/p>\n","protected":false},"author":2,"featured_media":0,"parent":0,"menu_order":8,"comment_status":"closed","ping_status":"closed","template":"","meta":{"_themeisle_gutenberg_block_has_review":false,"footnotes":""},"class_list":["post-21022","page","type-page","status-publish"],"_links":{"self":[{"href":"https:\/\/wicmtl.ca\/fr\/wp-json\/wp\/v2\/pages\/21022","targetHints":{"allow":["GET"]}}],"collection":[{"href":"https:\/\/wicmtl.ca\/fr\/wp-json\/wp\/v2\/pages"}],"about":[{"href":"https:\/\/wicmtl.ca\/fr\/wp-json\/wp\/v2\/types\/page"}],"author":[{"embeddable":true,"href":"https:\/\/wicmtl.ca\/fr\/wp-json\/wp\/v2\/users\/2"}],"replies":[{"embeddable":true,"href":"https:\/\/wicmtl.ca\/fr\/wp-json\/wp\/v2\/comments?post=21022"}],"version-history":[{"count":24,"href":"https:\/\/wicmtl.ca\/fr\/wp-json\/wp\/v2\/pages\/21022\/revisions"}],"predecessor-version":[{"id":25718,"href":"https:\/\/wicmtl.ca\/fr\/wp-json\/wp\/v2\/pages\/21022\/revisions\/25718"}],"wp:attachment":[{"href":"https:\/\/wicmtl.ca\/fr\/wp-json\/wp\/v2\/media?parent=21022"}],"curies":[{"name":"wp","href":"https:\/\/api.w.org\/{rel}","templated":true}]}}