{"id":20917,"date":"2022-11-22T18:56:23","date_gmt":"2022-11-22T23:56:23","guid":{"rendered":"https:\/\/wicmtl.ca\/calendriers\/"},"modified":"2026-03-13T08:34:56","modified_gmt":"2026-03-13T12:34:56","slug":"calendriers","status":"publish","type":"page","link":"https:\/\/wicmtl.ca\/fr\/calendriers\/","title":{"rendered":"Calendriers"},"content":{"rendered":"<div class=\"gb-container gb-container-e5e030bb alignfull\"><div class=\"gb-inside-container\">\n\n<h1 class=\"gb-headline gb-headline-efa73c5d gb-headline-text\">Calendriers du Coll\u00e8ge de l\u2019Ouest de l\u2019\u00cele<\/h1><br>\n\n<\/div><\/div><div class=\"gb-container gb-container-fbf196c4\" id=\"events-calendar\"><div class=\"gb-inside-container\">\n\n<h2 class=\"gb-headline gb-headline-fd4bc3e0 gb-headline-text board-of-directors\">Calendriers internes<\/h2>\n\n\n\n<div id=\"wp-block-themeisle-blocks-button-group-c75bd14d\" class=\"wp-block-themeisle-blocks-button-group wp-block-buttons align-center-desktop\">\n<div id=\"wp-block-themeisle-blocks-button-eeb10f23\" class=\"wp-block-themeisle-blocks-button wp-block-button\"><a class=\"wp-block-button__link\" href=\"https:\/\/wicmtl.ca\/wp-content\/uploads\/2025\/10\/2025_26-9-day-cycle-School-Calendar.xlsx-May-9-update.pdf\" target=\"_self\" rel=\"noopener noreferrer\">Calendrier scolaire 25-26\u00a0<\/a><\/div>\n\n\n\n<div id=\"wp-block-themeisle-blocks-button-d40b4be5\" class=\"wp-block-themeisle-blocks-button wp-block-button\"><a class=\"wp-block-button__link\" href=\"https:\/\/wicmtl.ca\/wp-content\/uploads\/2025\/10\/2025_26-Calendrier-academique.pdf\" target=\"_self\" rel=\"noopener noreferrer\">Calendrier acad\u00e9mique<\/a><\/div>\n<\/div>\n\n<\/div><\/div><div class=\"gb-container gb-container-7c36e7c3\" id=\"events-calendar\"><div class=\"gb-inside-container\">\n\n<h2 class=\"gb-headline gb-headline-9510c23f gb-headline-text board-of-directors\">\u00c9v\u00e8nements du Coll\u00e8ge<\/h2><br>\n\n\n\n<iframe loading=\"lazy\" style=\"border: 0;\" src=\"https:\/\/calendar.google.com\/calendar\/embed?src=u0etrfigb2jipjkn8pg0nfbuas%40group.calendar.google.com&#038;ctz=America\/Toronto\" width=\"100%\" height=\"600\" frameborder=\"0\" scrolling=\"no\"><\/iframe><br\/>\n\n<\/div><\/div><section class=\"gb-container gb-container-c072688d alignfull\" id=\"athletics-calendar\"><div class=\"gb-inside-container\">\n\n<h2 class=\"gb-headline gb-headline-d1cf9829 gb-headline-text athletics-calendar\">Sports<\/h2>\n\n\n\n<iframe loading=\"lazy\" style=\"border: 0;\" src=\"https:\/\/calendar.google.com\/calendar\/embed?src=wicmtl.ca_t9b302cajb8162ug8qpnsa760c%40group.calendar.google.com&#038;ctz=America%2FToronto\" width=\"100%\" height=\"600\" frameborder=\"0\" scrolling=\"no\"><\/iframe><br\/>\n\n<\/div><\/section><div class=\"gb-container gb-container-78b9aa73\" id=\"extras-calendar\"><div class=\"gb-inside-container\">\n\n<h2 class=\"gb-headline gb-headline-59e3788f gb-headline-text board-of-directors\">Activit\u00e9s parascolaires + aide suppl\u00e9mentaire<\/h2>\n\n\n\n<iframe loading=\"lazy\" style=\"border: 0;\" src=\"https:\/\/calendar.google.com\/calendar\/embed?src=wicmtl.ca_4r93taa31ha4mspjlmt80a8vqs%40group.calendar.google.com&#038;ctz=America%2FToronto\" width=\"100%\" height=\"600\" frameborder=\"0\" scrolling=\"no\"><\/iframe><br\/>\n\n<\/div><\/div>","protected":false},"excerpt":{"rendered":"<p>Calendriers du Coll\u00e8ge de l\u2019Ouest de l\u2019\u00cele Calendriers internes \u00c9v\u00e8nements du Coll\u00e8ge Sports Activit\u00e9s parascolaires + aide suppl\u00e9mentaire<\/p>\n","protected":false},"author":2,"featured_media":0,"parent":0,"menu_order":18,"comment_status":"closed","ping_status":"closed","template":"","meta":{"_themeisle_gutenberg_block_has_review":false,"footnotes":""},"class_list":["post-20917","page","type-page","status-publish"],"_links":{"self":[{"href":"https:\/\/wicmtl.ca\/fr\/wp-json\/wp\/v2\/pages\/20917","targetHints":{"allow":["GET"]}}],"collection":[{"href":"https:\/\/wicmtl.ca\/fr\/wp-json\/wp\/v2\/pages"}],"about":[{"href":"https:\/\/wicmtl.ca\/fr\/wp-json\/wp\/v2\/types\/page"}],"author":[{"embeddable":true,"href":"https:\/\/wicmtl.ca\/fr\/wp-json\/wp\/v2\/users\/2"}],"replies":[{"embeddable":true,"href":"https:\/\/wicmtl.ca\/fr\/wp-json\/wp\/v2\/comments?post=20917"}],"version-history":[{"count":11,"href":"https:\/\/wicmtl.ca\/fr\/wp-json\/wp\/v2\/pages\/20917\/revisions"}],"predecessor-version":[{"id":26201,"href":"https:\/\/wicmtl.ca\/fr\/wp-json\/wp\/v2\/pages\/20917\/revisions\/26201"}],"wp:attachment":[{"href":"https:\/\/wicmtl.ca\/fr\/wp-json\/wp\/v2\/media?parent=20917"}],"curies":[{"name":"wp","href":"https:\/\/api.w.org\/{rel}","templated":true}]}}