{"id":20710,"date":"2022-11-09T21:01:07","date_gmt":"2022-11-10T02:01:07","guid":{"rendered":"https:\/\/wicmtl.ca\/enseigner-apprendre-soutenir\/"},"modified":"2023-05-31T15:18:41","modified_gmt":"2023-05-31T19:18:41","slug":"enseigner-apprendre-soutenir","status":"publish","type":"page","link":"https:\/\/wicmtl.ca\/fr\/enseigner-apprendre-soutenir\/","title":{"rendered":"Enseigner. Apprendre. Soutenir."},"content":{"rendered":"<div class=\"gb-container gb-container-e5e030bb alignfull\"><div class=\"gb-inside-container\">\n\n<h1 class=\"gb-headline gb-headline-efa73c5d gb-headline-text\">Enseigner. Apprendre. Soutenir.<\/h1>\n\n<\/div><\/div><div class=\"gb-container gb-container-ff9ca29d\"><div class=\"gb-inside-container\">\n\n<p class=\"has-medium-font-size\">Un apprentissage efficace se r\u00e9sume \u00e0 la qualit\u00e9 des relations entre les enseignants et les \u00e9l\u00e8ves, et entre l\u2019apprenant et l\u2019apprentissage lui-m\u00eame. Notre monde moderne incroyablement exigeant signifie que nous devons continuer \u00e0 rechercher des moyens significatifs de nous connecter \u00e0 l\u2019apprentissage \u2014 pour faire le lien entre le connu et l\u2019inconnu, la passion avec un but, le moi avec les autres. <\/p>\n\n\n\n<div class=\"wp-block-columns is-layout-flex wp-container-core-columns-is-layout-e86123f3 wp-block-columns-is-layout-flex\" style=\"padding-top:20px;padding-right:20px;padding-bottom:20px;padding-left:20px\">\n<div class=\"wp-block-column is-layout-flow wp-block-column-is-layout-flow\">\n<figure class=\"wp-block-image size-large\" style=\"border-radius:5px\"><img loading=\"lazy\" decoding=\"async\" width=\"1024\" height=\"682\" src=\"https:\/\/wicmtl.ca\/wp-content\/uploads\/2022\/11\/art-1024x682.jpg\" alt=\"\" class=\"wp-image-20680\" srcset=\"https:\/\/wicmtl.ca\/wp-content\/uploads\/2022\/11\/art-1024x682.jpg 1024w, https:\/\/wicmtl.ca\/wp-content\/uploads\/2022\/11\/art-300x200.jpg 300w, https:\/\/wicmtl.ca\/wp-content\/uploads\/2022\/11\/art-768x512.jpg 768w, https:\/\/wicmtl.ca\/wp-content\/uploads\/2022\/11\/art.jpg 1280w\" sizes=\"auto, (max-width: 1024px) 100vw, 1024px\" \/><\/figure>\n<\/div>\n\n\n\n<div class=\"wp-block-column is-layout-flow wp-block-column-is-layout-flow\">\n<p class=\"has-medium-font-size\">De bons r\u00e9sultats et des connaissances g\u00e9n\u00e9rales comptent bien s\u00fbr, mais elles ne suffiront pas \u00e0 elles seules \u00e0 pr\u00e9parer nos jeunes voyageurs \u00e0 relever les d\u00e9fis de la vie. \u00catre \u00e9duqu\u00e9 aujourd\u2019hui, c\u2019est :<\/p>\n\n\n\n<ol class=\"has-medium-font-size wp-block-list\"><li>d\u00e9velopper et utiliser des connaissances et des comp\u00e9tences pour grandir et trouver le bonheur ; et<\/li><li>devenir \u00e9quip\u00e9 et pr\u00eat \u00e0 apporter une contribution positive \u00e0 la communaut\u00e9.<\/li><\/ol>\n<\/div>\n<\/div>\n\n\n\n<p class=\"has-medium-font-size\">De tels r\u00e9sultats d\u2019apprentissage sont au c\u0153ur de la vision et de la mission du Coll\u00e8ge, aidant \u00e0 fa\u00e7onner les exp\u00e9riences en classe et la programmation du Coll\u00e8ge. Comme le dit l\u2019adage,  <em>\u00ab qui vous \u00eates est plus important que ce que vous savez\u2026 \u00bb.<\/em>De bons r\u00e9sultats et des connaissances g\u00e9n\u00e9rales comptent bien s\u00fbr, <em>mais elles ne suffiront pas \u00e0 elles seules \u00e0 pr\u00e9parer<\/em> nos jeunes voyageurs \u00e0 relever les d\u00e9fis de la vie.<\/p>\n\n<\/div><\/div><div class=\"gb-container gb-container-383437fe figures-no-margin alignfull\"><div class=\"gb-inside-container\">\n\n<h2 class=\"gb-headline gb-headline-aa4245bf gb-headline-text\"><strong>\u00c9l\u00e9ments cl\u00e9s de la diff\u00e9rence WIC<\/strong><\/h2>\n\n\n\n<div class=\"wp-block-columns has-base-3-background-color has-background is-layout-flex wp-container-core-columns-is-layout-f5e77106 wp-block-columns-is-layout-flex\" style=\"padding-top:0px;padding-right:0px;padding-bottom:0px;padding-left:0px\">\n<div class=\"wp-block-column is-vertically-aligned-center is-layout-flow wp-block-column-is-layout-flow\">\n<div class=\"wp-block-group has-light-background-color has-background is-layout-flow wp-block-group-is-layout-flow\" style=\"padding-top:20px;padding-right:20px;padding-bottom:20px;padding-left:20px\">\n<h3 class=\"gb-headline gb-headline-861822ab gb-headline-text\">Petits groupes d\u2019\u00e9l\u00e8ves<\/h3>\n\n\n\n<p>Une moyenne de 24 \u00e9l\u00e8ves par groupe permet aux enseignants de diff\u00e9rencier leur style d&#8217;enseignement pour r\u00e9pondre aux besoins de l&#8217;\u00e9l\u00e8ve, approfondir sa compr\u00e9hension et son appr\u00e9ciation de la mati\u00e8re.<\/p>\n<\/div>\n<\/div>\n\n\n\n<div class=\"wp-block-column is-vertically-aligned-center is-layout-flow wp-block-column-is-layout-flow\" style=\"flex-basis:30%\">\n<figure class=\"wp-block-image size-large\" style=\"border-radius:5px\"><img loading=\"lazy\" decoding=\"async\" width=\"768\" height=\"1024\" src=\"https:\/\/wicmtl.ca\/wp-content\/uploads\/2022\/11\/learning-1-768x1024.jpg\" alt=\"\" class=\"wp-image-20686\" srcset=\"https:\/\/wicmtl.ca\/wp-content\/uploads\/2022\/11\/learning-1-768x1024.jpg 768w, https:\/\/wicmtl.ca\/wp-content\/uploads\/2022\/11\/learning-1-225x300.jpg 225w, https:\/\/wicmtl.ca\/wp-content\/uploads\/2022\/11\/learning-1.jpg 960w\" sizes=\"auto, (max-width: 768px) 100vw, 768px\" \/><\/figure>\n<\/div>\n<\/div>\n\n\n\n<div class=\"wp-block-columns has-base-3-background-color has-background is-layout-flex wp-container-core-columns-is-layout-f5e77106 wp-block-columns-is-layout-flex\" style=\"padding-top:0px;padding-right:0px;padding-bottom:0px;padding-left:0px\">\n<div class=\"wp-block-column has-base-3-background-color has-background is-layout-flow wp-block-column-is-layout-flow\">\n<div class=\"wp-block-group has-light-background-color has-background is-layout-flow wp-block-group-is-layout-flow\" style=\"padding-top:20px;padding-right:20px;padding-bottom:20px;padding-left:20px\">\n<h3 class=\"gb-headline gb-headline-545a879c gb-headline-text\">Une approche \u00e9ducative exp\u00e9rientielle<\/h3>\n\n\n\n<p>Les \u00e9l\u00e8ves acqui\u00e8rent des connaissances et des comp\u00e9tences de vie gr\u00e2ce \u00e0 une combinaison de th\u00e9orie, de sorties en classe et d&#8217;excursions, d&#8217;\u00e9ducation en plein air, d&#8217;apprentissage par projet, d&#8217;apprentissage actif et d&#8217;apprentissage par le service communautaire.<\/p>\n<\/div>\n<\/div>\n\n\n\n<div class=\"wp-block-column is-vertically-aligned-center has-base-3-background-color has-background is-layout-flow wp-block-column-is-layout-flow\">\n<div class=\"wp-block-group has-light-background-color has-background is-layout-flow wp-block-group-is-layout-flow\" style=\"padding-top:20px;padding-right:20px;padding-bottom:20px;padding-left:20px\">\n<h3 class=\"gb-headline gb-headline-1f53d830 gb-headline-text\">Une vie \u00e9tudiante engageante<\/h3>\n\n\n\n<p>Avec plus de 45 sports, clubs et opportunit\u00e9s de leadership, les \u00e9l\u00e8ves peuvent poursuivre une activit\u00e9 qu&#8217;ils aiment d\u00e9j\u00e0 ou se d\u00e9couvrir une nouvelle passion tout en d\u00e9veloppant des comp\u00e9tences en mati\u00e8re de travail d\u2019\u00e9quipe, de discipline, de collaboration et de communication.<\/p>\n<\/div>\n<\/div>\n<\/div>\n\n\n\n<div class=\"wp-block-columns has-base-3-background-color has-background is-layout-flex wp-container-core-columns-is-layout-f5e77106 wp-block-columns-is-layout-flex\" style=\"padding-top:0px;padding-right:0px;padding-bottom:0px;padding-left:0px\">\n<div class=\"wp-block-column is-vertically-aligned-center is-layout-flow wp-block-column-is-layout-flow\" style=\"flex-basis:30%\">\n<figure class=\"wp-block-image size-full\" style=\"border-radius:5px\"><img loading=\"lazy\" decoding=\"async\" width=\"480\" height=\"640\" src=\"https:\/\/wicmtl.ca\/wp-content\/uploads\/2022\/11\/robotics-rotated.jpg\" alt=\"\" class=\"wp-image-20682\" srcset=\"https:\/\/wicmtl.ca\/wp-content\/uploads\/2022\/11\/robotics-rotated.jpg 480w, https:\/\/wicmtl.ca\/wp-content\/uploads\/2022\/11\/robotics-225x300.jpg 225w\" sizes=\"auto, (max-width: 480px) 100vw, 480px\" \/><\/figure>\n<\/div>\n\n\n\n<div class=\"wp-block-column is-vertically-aligned-center is-layout-flow wp-block-column-is-layout-flow\">\n<div class=\"wp-block-group has-light-background-color has-background is-layout-flow wp-block-group-is-layout-flow\" style=\"padding-top:20px;padding-right:20px;padding-bottom:20px;padding-left:20px\">\n<h3 class=\"gb-headline gb-headline-b9f19f02 gb-headline-text\">Une culture de bien-\u00eatre holistique<\/h3>\n\n\n\n<p>En plus de notre corps professoral passionn\u00e9, les \u00e9l\u00e8ves du Coll\u00e8ge sont soutenus par une \u00e9quipe multidisciplinaire de professionnels d\u00e9di\u00e9s \u00e0 aider les \u00e9l\u00e8ves \u00e0 s&#8217;\u00e9panouir et \u00e0 \u00e9quilibrer la r\u00e9ussite scolaire, la croissance personnelle et le bien-\u00eatre physique\/\u00e9motionnel.<\/p>\n<\/div>\n<\/div>\n<\/div>\n\n\n\n<div class=\"wp-block-columns has-base-3-background-color has-background is-layout-flex wp-container-core-columns-is-layout-f5e77106 wp-block-columns-is-layout-flex\" style=\"padding-top:0px;padding-right:0px;padding-bottom:0px;padding-left:0px\">\n<div class=\"wp-block-column is-layout-flow wp-block-column-is-layout-flow\">\n<div class=\"wp-block-group has-light-background-color has-background is-layout-flow wp-block-group-is-layout-flow\" style=\"padding-top:20px;padding-right:20px;padding-bottom:20px;padding-left:20px\">\n<h3 class=\"gb-headline gb-headline-b92306e5 gb-headline-text\">Un programme d&#8217;\u00e9ducation en plein air enrichissant<\/h3>\n\n\n\n<p>Au Coll\u00e8ge, l&#8217;apprentissage se fait \u00e0 l&#8217;int\u00e9rieur et \u00e0 l&#8217;ext\u00e9rieur de la salle de classe. Nos voyages \u00e9ducatifs en plein air offrent \u00e0 nos \u00e9l\u00e8ves des comp\u00e9tences et des le\u00e7ons ax\u00e9es sur l&#8217;ing\u00e9niosit\u00e9, la collaboration et des exp\u00e9riences inoubliables. <\/p>\n<\/div>\n<\/div>\n\n\n\n<div class=\"wp-block-column is-layout-flow wp-block-column-is-layout-flow\">\n<div class=\"wp-block-group has-light-background-color has-background is-layout-flow wp-block-group-is-layout-flow\" style=\"padding-top:20px;padding-right:20px;padding-bottom:20px;padding-left:20px\">\n<h3 class=\"gb-headline gb-headline-81b0bcf7 gb-headline-text\">Deux \u00e9coles sous le m\u00eame toit<\/h3>\n\n\n\n<p>Une \u00e9cole dont le curriculum est enti\u00e8rement en fran\u00e7ais (sauf le cours d\u2019anglais de niveau langue maternelle) et une \u00e9cole anglaise avec un programme d&#8217;immersion en fran\u00e7ais, qui coexistent harmonieusement pour offrir \u00e0 nos \u00e9l\u00e8ves l&#8217;exp\u00e9rience bilingue ultime. <\/p>\n<\/div>\n<\/div>\n<\/div>\n\n<\/div><\/div><div class=\"gb-container gb-container-0256eed7 alignfull\"><div class=\"gb-inside-container\">\n\n<div class=\"wp-block-cover is-light\" style=\"min-height:600px;aspect-ratio:unset;\"><span aria-hidden=\"true\" class=\"wp-block-cover__background has-black-background-color has-background-dim-40 has-background-dim\"><\/span><img loading=\"lazy\" decoding=\"async\" width=\"1200\" height=\"800\" class=\"wp-block-cover__image-background wp-image-20677\" alt=\"\" src=\"https:\/\/wicmtl.ca\/wp-content\/uploads\/2022\/11\/science.jpg\" style=\"object-position:14% 39%\" data-object-fit=\"cover\" data-object-position=\"14% 39%\" srcset=\"https:\/\/wicmtl.ca\/wp-content\/uploads\/2022\/11\/science.jpg 1200w, https:\/\/wicmtl.ca\/wp-content\/uploads\/2022\/11\/science-300x200.jpg 300w, https:\/\/wicmtl.ca\/wp-content\/uploads\/2022\/11\/science-1024x683.jpg 1024w, https:\/\/wicmtl.ca\/wp-content\/uploads\/2022\/11\/science-768x512.jpg 768w\" sizes=\"auto, (max-width: 1200px) 100vw, 1200px\" \/><div class=\"wp-block-cover__inner-container is-layout-flow wp-block-cover-is-layout-flow\">\n<h4 class=\"gb-headline gb-headline-2051d003 gb-headline-text\"><mark style=\"background-color:rgba(0, 0, 0, 0)\" class=\"has-inline-color has-wic-yellow-color\">D\u00e9couvrez<\/mark><\/h4>\n\n\n\n<h2 class=\"gb-headline gb-headline-404f9d6d gb-headline-text\"><mark style=\"background-color:rgba(0, 0, 0, 0)\" class=\"has-inline-color has-base-3-color\">Notre Mission, Notre Vision et Nos Valeurs<\/mark><\/h2>\n\n\n\n<div class=\"wp-block-buttons is-content-justification-center is-layout-flex wp-container-core-buttons-is-layout-16018d1d wp-block-buttons-is-layout-flex\">\n<div class=\"wp-block-button has-custom-font-size has-base-font-family\" style=\"font-size:16px\"><a class=\"wp-block-button__link\" href=\"https:\/\/wicmtl.ca\/fr\/decouvrir\/mission-et-vision\/\">Cliquez ici<\/a><\/div>\n<\/div>\n<\/div><\/div>\n\n<\/div><\/div>","protected":false},"excerpt":{"rendered":"<p>Enseigner. Apprendre. Soutenir. Un apprentissage efficace se r\u00e9sume \u00e0 la qualit\u00e9 des relations entre les enseignants et les \u00e9l\u00e8ves, et entre l\u2019apprenant et l\u2019apprentissage lui-m\u00eame. Notre monde moderne incroyablement exigeant signifie que nous devons continuer \u00e0 rechercher des moyens significatifs de nous connecter \u00e0 l\u2019apprentissage \u2014 pour faire le lien entre le connu et l\u2019inconnu, &#8230; <a title=\"Enseigner. Apprendre. Soutenir.\" class=\"read-more\" href=\"https:\/\/wicmtl.ca\/fr\/enseigner-apprendre-soutenir\/\" aria-label=\"En savoir plus sur Enseigner. Apprendre. Soutenir.\">Lire plus<\/a><\/p>\n","protected":false},"author":2,"featured_media":0,"parent":0,"menu_order":17,"comment_status":"closed","ping_status":"closed","template":"","meta":{"_themeisle_gutenberg_block_has_review":false,"footnotes":""},"class_list":["post-20710","page","type-page","status-publish"],"_links":{"self":[{"href":"https:\/\/wicmtl.ca\/fr\/wp-json\/wp\/v2\/pages\/20710","targetHints":{"allow":["GET"]}}],"collection":[{"href":"https:\/\/wicmtl.ca\/fr\/wp-json\/wp\/v2\/pages"}],"about":[{"href":"https:\/\/wicmtl.ca\/fr\/wp-json\/wp\/v2\/types\/page"}],"author":[{"embeddable":true,"href":"https:\/\/wicmtl.ca\/fr\/wp-json\/wp\/v2\/users\/2"}],"replies":[{"embeddable":true,"href":"https:\/\/wicmtl.ca\/fr\/wp-json\/wp\/v2\/comments?post=20710"}],"version-history":[{"count":11,"href":"https:\/\/wicmtl.ca\/fr\/wp-json\/wp\/v2\/pages\/20710\/revisions"}],"predecessor-version":[{"id":22058,"href":"https:\/\/wicmtl.ca\/fr\/wp-json\/wp\/v2\/pages\/20710\/revisions\/22058"}],"wp:attachment":[{"href":"https:\/\/wicmtl.ca\/fr\/wp-json\/wp\/v2\/media?parent=20710"}],"curies":[{"name":"wp","href":"https:\/\/api.w.org\/{rel}","templated":true}]}}