{"id":19636,"date":"2022-06-17T18:27:54","date_gmt":"2022-06-17T22:27:54","guid":{"rendered":"https:\/\/wicmtl.ca\/admission\/droits-pour-les-services-educatifs\/"},"modified":"2025-10-06T15:38:16","modified_gmt":"2025-10-06T19:38:16","slug":"droits-pour-les-services-educatifs","status":"publish","type":"page","link":"https:\/\/wicmtl.ca\/fr\/admission\/droits-pour-les-services-educatifs\/","title":{"rendered":"Droits pour les services \u00e9ducatifs"},"content":{"rendered":"<div class=\"gb-container gb-container-f102f60b alignfull\"><div class=\"gb-inside-container\">\n\n<h1 class=\"gb-headline gb-headline-d6c76f4b gb-headline-text\">Droits pour les services \u00e9ducatifs<\/h1>\n\n<\/div><\/div>\n\n<div class=\"gb-container gb-container-eb885ea6\"><div class=\"gb-inside-container\">\n\n<div class=\"wp-block-cover aligncenter is-light\" style=\"min-height:600px;aspect-ratio:unset;\"><img loading=\"lazy\" decoding=\"async\" width=\"1280\" height=\"925\" class=\"wp-block-cover__image-background wp-image-941\" alt=\"\" src=\"https:\/\/wicmtl.ca\/wp-content\/uploads\/2022\/06\/bastien4-1.jpeg\" style=\"object-position:51% 24%\" data-object-fit=\"cover\" data-object-position=\"51% 24%\" srcset=\"https:\/\/wicmtl.ca\/wp-content\/uploads\/2022\/06\/bastien4-1.jpeg 1280w, https:\/\/wicmtl.ca\/wp-content\/uploads\/2022\/06\/bastien4-1-300x217.jpeg 300w, https:\/\/wicmtl.ca\/wp-content\/uploads\/2022\/06\/bastien4-1-1024x740.jpeg 1024w, https:\/\/wicmtl.ca\/wp-content\/uploads\/2022\/06\/bastien4-1-768x555.jpeg 768w\" sizes=\"auto, (max-width: 1280px) 100vw, 1280px\" \/><span aria-hidden=\"true\" class=\"wp-block-cover__background has-background-dim-30 has-background-dim\"><\/span><div class=\"wp-block-cover__inner-container is-layout-flow wp-block-cover-is-layout-flow\">\n<h2 class=\"gb-headline gb-headline-ed79e4f9 gb-headline-text\"><mark class=\"has-inline-color has-base-3-color\" style=\"background-color: rgba(0, 0, 0, 0);\">Notre engagement:\ninciter votre enfant \u00e0 se surpasser!<\/mark><\/h2>\n<\/div><\/div>\n\n<\/div><\/div>\n\n<div class=\"gb-container gb-container-11e3643f\"><div class=\"gb-inside-container\">\n\n<p class=\"has-lg-font-size\">Au Coll\u00e8ge de l\u2019Ouest de l\u2019\u00cele, nous voulons repousser les limites d\u2019une \u00e9ducation diversifi\u00e9e et stimulante. Nous sommes engag\u00e9s \u00e0 encourager chacun des enfants \u00e0 r\u00e9ussir; c\u00e9l\u00e9brant tous les succ\u00e8s, qu\u2019ils soient scolaires, athl\u00e9tiques, de leadership ou autre, accompagnant et motivant chacun d\u2019eux \u00e0 exploiter tous leurs talents et \u00e0 se r\u00e9aliser pleinement, et en les incitant \u00e0 explorer autant d\u2019avenues que leur c\u0153ur leur en dit. <\/p>\n\n<\/div><\/div>\n\n<div class=\"gb-container gb-container-382018f5 alignfull\"><div class=\"gb-inside-container\">\n\n<h2 class=\"gb-headline gb-headline-02ca7960 gb-headline-text\">Inclus dans nos frais:<\/h2>\n\n\n\n<div class=\"wp-block-columns is-layout-flex wp-container-core-columns-is-layout-9d6595d7 wp-block-columns-is-layout-flex\">\n<div class=\"wp-block-column is-layout-flow wp-block-column-is-layout-flow\"><div class=\"gb-container gb-container-ca9cca76\"><div class=\"gb-inside-container\">\n\n<h3 class=\"gb-headline gb-headline-e5831d46 gb-headline-text\">Bulletins scolaires \u00ab \u00c0 la poursuite de l\u2019excellence \u00bb&nbsp;(4) et c\u00e9r\u00e9monies de c\u00e9l\u00e9brations de l\u2019excellence.<\/h3>\n\n\n\n<p class=\"has-lg-font-size\">Les bulletins scolaires sont revus par un directeur du niveau scolaire. Les enseignants misent sur les forces particuli\u00e8res de votre enfant. De m\u00eame, les enseignants mettront un plan pr\u00e9cis en place, d\u00e8s le premier bulletin en novembre, si l\u2019enfant semble \u00e9prouver quelques difficult\u00e9s dans une mati\u00e8re afin d\u2019assurer que tous les \u00e9l\u00e8ves re\u00e7oivent le type de soutien qui convient et dont ils ont besoin. Les parents et les \u00e9l\u00e8ves sont invit\u00e9s \u00e0 diverses c\u00e9r\u00e9monies (c\u00e9r\u00e9monie d\u2019ouverture, c\u00e9r\u00e9monie de cl\u00f4ture et c\u00e9r\u00e9monie des finissants), lesquelles sont organis\u00e9es chaque ann\u00e9e pour c\u00e9l\u00e9brer les accomplissements des \u00e9l\u00e8ves dans les domaines des sports, de leadership, de service communautaire, d\u2019efforts individuels et scolaires. Les co\u00fbts de ces c\u00e9r\u00e9monies, des prix, des plaques et des troph\u00e9es sont inclus dans les frais.<\/p>\n\n<\/div><\/div><\/div>\n\n\n\n<div class=\"wp-block-column is-layout-flow wp-block-column-is-layout-flow\"><div class=\"gb-container gb-container-49d2cb1b\"><div class=\"gb-inside-container\">\n\n<h3 class=\"gb-headline gb-headline-0b398f1d gb-headline-text\">Les services couvrant le d\u00e9veloppement social, culturel et de leadership<\/h3>\n\n\n\n<p class=\"has-lg-font-size\">Ces services couvrent les excursions d\u2019enseignement en plein air qui font partie du programme d\u2019\u00e9tudes de chaque niveau scolaire, de m\u00eame qu\u2019une partie subventionn\u00e9e des activit\u00e9s centr\u00e9es sur les volets culturels, sociaux et communautaires. Les frais charg\u00e9s pour ces services couvrent le transport, les frais d\u2019utilisation ou d\u2019achat d\u2019\u00e9quipements sp\u00e9cifiques, les frais des guides et superviseurs, les droits d\u2019entr\u00e9e (les mus\u00e9es par exemple), les frais des repas, d\u2019h\u00e9bergement et de location d\u2019\u00e9quipement. <\/p>\n\n<\/div><\/div>\n\n<div class=\"gb-container gb-container-bc03ad8b\"><div class=\"gb-inside-container\">\n\n<h3 class=\"gb-headline gb-headline-5dd16d3b gb-headline-text\">Tous les autres services \u00e0 caract\u00e8re non \u00e9ducatif,<\/h3>\n\n\n\n<p class=\"has-lg-font-size\">incluant, mais sans se limiter \u00e0:<\/p>\n\n\n\n<ul class=\"wp-block-list has-lg-font-size\">\n<li>Surveillance<\/li>\n\n\n\n<li>Service de supervision durant le diner et apr\u00e8s les classes<\/li>\n\n\n\n<li>Tutorat de groupe et pr\u00e9paration aux examens, lorsqu\u2019ils sont offerts<\/li>\n\n\n\n<li>Groupes d\u2019\u00e9tude<\/li>\n\n\n\n<li>Des s\u00e9ances d\u2019aide suppl\u00e9mentaire sont organis\u00e9es apr\u00e8s les heures de classe r\u00e9guli\u00e8res durant les jours d\u2019\u00e9cole, ou durant des jours qui ne font pas partie du calendrier scolaire.<\/li>\n<\/ul>\n\n<\/div><\/div><\/div>\n\n\n\n<div class=\"wp-block-column is-layout-flow wp-block-column-is-layout-flow\"><div class=\"gb-container gb-container-eb7bf90f\"><div class=\"gb-inside-container\">\n\n<h3 class=\"gb-headline gb-headline-5d6c7263 gb-headline-text\">Activit\u00e9s parascolaires<\/h3>\n\n\n\n<p class=\"has-lg-font-size\">Tous les \u00e9l\u00e8ves sont encourag\u00e9s \u00e0 participer \u00e0 au moins une activit\u00e9 parascolaire par terme. Le Coll\u00e8ge offre plus de 40 de sports de comp\u00e9tition et de clubs parmi lesquels choisir, permettant \u00e0 chacun des \u00e9l\u00e8ves de poursuivre leur passion ou d\u2019en d\u00e9couvrir de nouvelles. Les frais couvrent la majorit\u00e9 des co\u00fbts associ\u00e9s \u00e0 ces activit\u00e9s, incluant les uniformes d\u2019\u00e9quipes, le transport aller-retour, la location des installations, services d\u2019un entra\u00eeneur et de supervision des enseignants, etc.  <\/p>\n\n<\/div><\/div>\n\n<div class=\"gb-container gb-container-841b9d0c\"><div class=\"gb-inside-container\">\n\n<h3 class=\"gb-headline gb-headline-5a9388e0 gb-headline-text\">Frais de technologie<\/h3>\n\n\n\n<p class=\"has-lg-font-size\">Ceux-ci comprennent les comptes de courriel des \u00e9l\u00e8ves, l\u2019acc\u00e8s aux portails pour les \u00e9l\u00e8ves et les parents, l\u2019acc\u00e8s au r\u00e9seau sans fil du Coll\u00e8ge, de m\u00eame que l\u2019entretien et les mises \u00e0 niveau du r\u00e9seau.<\/p>\n\n<\/div><\/div>\n\n<div class=\"gb-container gb-container-4d4ac703\"><div class=\"gb-inside-container\">\n\n<h3 class=\"gb-headline gb-headline-60e9944d gb-headline-text\">Excursions&nbsp;(co\u00fbts des excursions, sorties, etc.)<\/h3>\n\n\n\n<p class=\"has-lg-font-size\">Que les \u00e9l\u00e8ves se rendent \u00e0 la ville de Qu\u00e9bec ou \u00e0 Ottawa, explorent les sentiers des Adirondacks, ouvrent leurs horizons culturels en visitant un mus\u00e9e ou encore qu\u2019ils s\u2019adonnent \u00e0 la p\u00eache et \u00e0 l\u2019\u00e9tude du monde aquatique dans un ruisseau non loin, tous les co\u00fbts li\u00e9s \u00e0 de telles opportunit\u00e9s d\u2019apprentissage sont inclus dans la structure des frais<\/p>\n\n<\/div><\/div><\/div>\n<\/div>\n\n\n\n<p class=\"has-text-align-center has-36-font-size has-lg-font-size\"><strong><em>Non inclus dans nos frais<\/em><\/strong>: Plan de repas, manuels scolaires, uniformes, voyages internationaux, club de ski, le carnaval, le voyage des finissants et autres activit\u00e9s facultatives.<\/p>\n\n<\/div><\/div>\n\n<div class=\"gb-container gb-container-cd95e541\"><div class=\"gb-inside-container\">\n\n<h2 class=\"gb-headline gb-headline-a758366b gb-headline-text\"><strong>Frais de scolarit\u00e9 2025-26&nbsp;<\/strong><\/h2>\n\n\n\n<div class=\"wp-block-columns is-layout-flex wp-container-core-columns-is-layout-9d6595d7 wp-block-columns-is-layout-flex\">\n<div class=\"wp-block-column has-wic-bg-background-color has-background is-layout-flow wp-block-column-is-layout-flow\" style=\"padding-top:20px;padding-right:20px;padding-bottom:20px;padding-left:20px\"><div class=\"gb-container gb-container-193fd9f1\"><div class=\"gb-inside-container\">\n\n<h3 class=\"gb-headline gb-headline-7ce8a023 gb-headline-text\">Droits pour les services \u00e9ducatifs<\/h3>\n\n\n\n<p class=\"has-text-align-center has-lg-font-size\">5 900 $<\/p>\n\n<\/div><\/div><\/div>\n\n\n\n<div class=\"wp-block-column has-wic-bg-background-color has-background is-layout-flow wp-block-column-is-layout-flow\" style=\"padding-top:20px;padding-right:20px;padding-bottom:20px;padding-left:20px\"><div class=\"gb-container gb-container-7a2b8d75\"><div class=\"gb-inside-container\">\n\n<h3 class=\"gb-headline gb-headline-7ce8a023 gb-headline-text\">Droits pour les services accessoires\r\n(la Diff\u00e9rence WIC)<\/h3>\n\n\n\n<p class=\"has-text-align-center has-lg-font-size\">10 725 $<\/p>\n\n<\/div><\/div><\/div>\n<\/div>\n\n\n\n<h3 class=\"gb-headline gb-headline-56e7541c gb-headline-text\">Optionnel: Plan repas<\/h3>\n\n\n\n<p class=\"has-text-align-center\"><p dir=\"ltr\"><strong>Plan de repas standard (r\u00e9gulier ou v\u00e9g\u00e9tarien)<\/strong>\u00a0: 1 350 $&#13;\n<strong>Plan sans gluten ou v\u00e9g\u00e9talien<\/strong> : 1 630 $&#13;\n<strong>Plan Repas Plus (portion double de prot\u00e9ines)<\/strong> : 1 800 $<\/p><\/p>\n\n<\/div><\/div>\n\n<div class=\"gb-container gb-container-8aaeba77 alignfull alignfull\"><div class=\"gb-inside-container\">\n\n<h2 class=\"gb-headline gb-headline-0b43db24 gb-headline-text\"><strong>Choix de mode de paiement:<\/strong><\/h2>\n\n\n\n<div class=\"wp-block-columns is-layout-flex wp-container-core-columns-is-layout-9d6595d7 wp-block-columns-is-layout-flex\">\n<div class=\"wp-block-column has-base-3-background-color has-background is-layout-flow wp-block-column-is-layout-flow\" style=\"padding-top:20px;padding-right:20px;padding-bottom:20px;padding-left:20px\">\n<h3 class=\"gb-headline gb-headline-08a39a98 gb-headline-text\">OPTION A<\/h3>\n\n\n\n<p class=\"has-text-align-left has-lg-font-size\">\u00c0 l\u2019inscription : 200,00 $<br>4 versements \u00e9gaux :<\/p>\n\n\n\n<ul class=\"wp-block-list has-lg-font-size\">\n<li>01-09-2025<\/li>\n\n\n\n<li>01-10-2025<\/li>\n\n\n\n<li>01-11-2025<\/li>\n\n\n\n<li>01-01-2026<\/li>\n<\/ul>\n<\/div>\n\n\n\n<div class=\"wp-block-column has-base-3-background-color has-background is-layout-flow wp-block-column-is-layout-flow\" style=\"padding-top:20px;padding-right:20px;padding-bottom:20px;padding-left:20px\">\n<h3 class=\"gb-headline gb-headline-061cb76c gb-headline-text\">option b<\/h3>\n\n\n\n<p class=\"has-text-align-left has-lg-font-size\">\u00c0 l\u2019inscription : 200,00 $<br>6 versements \u00e9gaux :<\/p>\n\n\n\n<ul class=\"wp-block-list has-lg-font-size\">\n<li>01-09-2025<\/li>\n\n\n\n<li>01-10-2025<\/li>\n\n\n\n<li>01-11-2025<\/li>\n\n\n\n<li>01-01-2026<\/li>\n\n\n\n<li>01-02-2026<\/li>\n\n\n\n<li>01-03-2026<\/li>\n<\/ul>\n<\/div>\n\n\n\n<div class=\"wp-block-column has-base-3-background-color has-background is-layout-flow wp-block-column-is-layout-flow\" style=\"padding-top:20px;padding-right:20px;padding-bottom:20px;padding-left:20px\">\n<h3 class=\"gb-headline gb-headline-b8047af1 gb-headline-text\">option c<\/h3>\n\n\n\n<p class=\"has-lg-font-size\">\u00c0 l\u2019inscription : 200,00 $<br>8 versements \u00e9gaux :<\/p>\n\n\n\n<ul class=\"wp-block-list has-lg-font-size\">\n<li>01-09-2025<\/li>\n\n\n\n<li>01-10-2025<\/li>\n\n\n\n<li>01-11-2025<\/li>\n\n\n\n<li>01-12-2025<\/li>\n\n\n\n<li>01-01-2026<\/li>\n\n\n\n<li>01-02-2026<\/li>\n\n\n\n<li>01-03-2026<\/li>\n\n\n\n<li>01-04-2026<\/li>\n<\/ul>\n<\/div>\n<\/div>\n\n<\/div><\/div>\n\n<div class=\"gb-container gb-container-d5f9b2c4 alignfull\"><div class=\"gb-inside-container\">\n\n<div class=\"wp-block-cover aligncenter is-light\" id=\"financial-aid\"><img loading=\"lazy\" decoding=\"async\" width=\"1000\" height=\"666\" class=\"wp-block-cover__image-background wp-image-553\" alt=\"\" src=\"https:\/\/wicmtl.ca\/wp-content\/uploads\/2022\/06\/scholarship.jpeg\" style=\"object-position:50% 50%\" data-object-fit=\"cover\" data-object-position=\"50% 50%\" srcset=\"https:\/\/wicmtl.ca\/wp-content\/uploads\/2022\/06\/scholarship.jpeg 1000w, https:\/\/wicmtl.ca\/wp-content\/uploads\/2022\/06\/scholarship-300x200.jpeg 300w, https:\/\/wicmtl.ca\/wp-content\/uploads\/2022\/06\/scholarship-768x511.jpeg 768w\" sizes=\"auto, (max-width: 1000px) 100vw, 1000px\" \/><span aria-hidden=\"true\" class=\"wp-block-cover__background has-background-dim\"><\/span><div class=\"wp-block-cover__inner-container is-layout-flow wp-block-cover-is-layout-flow\">\n<h2 class=\"gb-headline gb-headline-a0557aaa gb-headline-text\"><mark class=\"has-inline-color has-base-3-color\" style=\"background-color: rgba(0, 0, 0, 0);\">BOURSES D\u2019\u00c9TUDES ET AIDE FINANCI\u00c8RE<\/mark><\/h2>\n<\/div><\/div>\n\n<\/div><\/div>\n\n<div class=\"gb-container gb-container-63fc030f alignfull\"><div class=\"gb-inside-container\">\n\n<p class=\"has-lg-font-size\">La r\u00e9putation du Coll\u00e8ge de l&#8217;Ouest de l&#8217;\u00cele attire r\u00e9guli\u00e8rement des \u00e9l\u00e8ves de plus de 35 \u00e9coles primaires de Montr\u00e9al, de Laval et de l&#8217;Ouest de l&#8217;\u00cele. La cr\u00e9ation de nos fonds de bourses et d&#8217;aide financi\u00e8re nous assure le soutien financier et la reconnaissance qui nous permettront de continuer \u00e0 attirer et \u00e0 retenir des \u00e9l\u00e8ves \u00e9quilibr\u00e9s, engag\u00e9s dans la communaut\u00e9 et travaillants. Au cours des quatre derni\u00e8res d\u00e9cennies, plus de 250 familles ont b\u00e9n\u00e9fici\u00e9 de bourses et d&#8217;aides financi\u00e8res. Ensemble, nous pouvons fournir des bourses et une aide financi\u00e8re aux \u00e9l\u00e8ves afin que tous ceux qui r\u00eavent d&#8217;\u00e9tudier au WIC puissent avoir cette opportunit\u00e9. <a href=\"https:\/\/collegedelouestdelile.crowdchange.ca\/16549\" rel=\"noopener\">Faites un don maintenant<\/a>!<\/p>\n\n\n\n<div class=\"wp-block-columns is-layout-flex wp-container-core-columns-is-layout-b9169773 wp-block-columns-is-layout-flex\" style=\"padding-top:40px;padding-bottom:40px\">\n<div class=\"wp-block-column has-base-3-background-color has-background is-layout-flow wp-block-column-is-layout-flow\" style=\"padding-top:20px;padding-right:20px;padding-bottom:20px;padding-left:20px\">\n<p class=\"has-text-align-center has-lg-font-size\"><strong>Bourse inspirer les g\u00e9n\u00e9rations de la Fondation Rita et Victor Bertrand<\/strong><\/p>\n\n\n\n<p class=\"has-lg-font-size\"> Les nouveaux \u00e9l\u00e8ves qui ont besoin d\u2019une aide financi\u00e8re sont invit\u00e9s \u00e0 soumettre une demande. Les \u00e9l\u00e8ves peuvent soumettre une demande de bourse en m\u00eame temps que leur demande d\u2019admission, en suivant la proc\u00e9dure pr\u00e9sent\u00e9e dans la section &#8220;Comment faire une demande&#8221;. Chaque bourse de 5 000 $ par ann\u00e9e (25 000 $ en bourses au total) est accord\u00e9e \u00e0 des \u00e9l\u00e8ves m\u00e9ritants pour la dur\u00e9e de leurs \u00e9tudes au Coll\u00e8ge de l\u2019Ouest de l\u2019\u00cele. Le nombre de bourses est limit\u00e9.<\/p>\n<\/div>\n\n\n\n<div class=\"wp-block-column has-base-3-background-color has-background is-layout-flow wp-block-column-is-layout-flow\" style=\"padding-top:20px;padding-right:20px;padding-bottom:20px;padding-left:20px\">\n<p class=\"has-text-align-center has-lg-font-size\"><strong>Bourse d\u2019\u00e9tude Bailly<\/strong> <\/p>\n\n\n\n<p class=\"has-lg-font-size\">Cr\u00e9\u00e9e en l\u2019honneur de Martin Bailly, ancien directeur g\u00e9n\u00e9ral, offre un appui \u00e0 des \u00e9l\u00e8ves qui ont besoin d\u2019une aide financi\u00e8re. Les nouveaux \u00e9l\u00e8ves et les \u00e9l\u00e8ves actuels (secondaires II \u2013 V) qui ont besoin d\u2019une aide financi\u00e8re sont invit\u00e9s \u00e0 soumettre une demande. Le montant de l\u2019aide financi\u00e8re peut varier d\u2019un \u00e9l\u00e8ve \u00e0 l\u2019autre et d\u00e9pend des fonds disponibles et du nombre de demandes par ann\u00e9e.<\/p>\n<\/div>\n<\/div>\n\n<\/div><\/div>\n\n<div class=\"gb-container gb-container-fd7944f6 alignfull\"><div class=\"gb-inside-container\">\n\n<h3 class=\"gb-headline gb-headline-5b850c61 gb-headline-text\">Comment faire une demande<\/h3>\n\n\n\n<p class=\"has-lg-font-size\">Nous avons retenu les services d\u2019Apple Financial Services pour \u00e9valuer toutes les demandes re\u00e7ues. Les parents doivent remplir la demande en ligne et soumettre les documents requis. Apple fournit une analyse objective de chaque application, avec une recommandation de ce que la famille devrait raisonnablement contribuer au total des frais. Le comit\u00e9 d\u2019aide financi\u00e8re examine ensuite les r\u00e9sultats et approuve les montants finaux, sous r\u00e9serve de la disponibilit\u00e9 des fonds. Les familles sont inform\u00e9es par \u00e9crit de la d\u00e9cision du comit\u00e9.    <\/p>\n\n\n\n<p class=\"has-lg-font-size\">L\u2019aide financi\u00e8re accord\u00e9e est d\u2019une dur\u00e9e d\u2019un an. Les familles doivent pr\u00e9senter une nouvelle demande chaque ann\u00e9e si leurs besoins financiers persistent.. <\/p>\n\n\n\n<p class=\"has-lg-font-size\">Le Coll\u00e8ge s\u2019attend \u00e0 ce que les informations fournies dans la demande soient exactes et v\u00e9ridiques. Toute preuve du contraire mettra en p\u00e9ril le statut de l\u2019\u00e9tudiant au WIC et risquera le rappel, r\u00e9troactivement, de toutes les aides financi\u00e8res accord\u00e9es. <\/p>\n\n\n\n<p class=\"has-lg-font-size\">Pour demander l\u2019aide, veuillez saisir <strong><a href=\"https:\/\/applefinancialservices.ca\/landing-page\" rel=\"noopener\">votre demande en ligne.<\/a><\/strong>&nbsp;Il y a des instructions sur la fa\u00e7on de remplir la demande et leur \u00e9quipe de service \u00e0 la client\u00e8le est disponible pour r\u00e9pondre \u00e0 toutes vos questions.<\/p>\n\n\n\n<p class=\"has-lg-font-size\">Le portail pour l&#8217;ann\u00e9e scolaire 2026-27 sera ouvert \u00e0 partir du<strong> 29 septembre 2025<\/strong>&nbsp;et la date limite pour soumettre votre application est le <strong>31 octobre 2025.<\/strong><\/p>\n\n<\/div><\/div>","protected":false},"excerpt":{"rendered":"<p>Droits pour les services \u00e9ducatifs Au Coll\u00e8ge de l\u2019Ouest de l\u2019\u00cele, nous voulons repousser les limites d\u2019une \u00e9ducation diversifi\u00e9e et stimulante. Nous sommes engag\u00e9s \u00e0 encourager chacun des enfants \u00e0 r\u00e9ussir; c\u00e9l\u00e9brant tous les succ\u00e8s, qu\u2019ils soient scolaires, athl\u00e9tiques, de leadership ou autre, accompagnant et motivant chacun d\u2019eux \u00e0 exploiter tous leurs talents et \u00e0 &#8230; <a title=\"Droits pour les services \u00e9ducatifs\" class=\"read-more\" href=\"https:\/\/wicmtl.ca\/fr\/admission\/droits-pour-les-services-educatifs\/\" aria-label=\"En savoir plus sur Droits pour les services \u00e9ducatifs\">Lire plus<\/a><\/p>\n","protected":false},"author":2,"featured_media":0,"parent":19579,"menu_order":2,"comment_status":"closed","ping_status":"closed","template":"","meta":{"_themeisle_gutenberg_block_has_review":false,"footnotes":""},"class_list":["post-19636","page","type-page","status-publish"],"_links":{"self":[{"href":"https:\/\/wicmtl.ca\/fr\/wp-json\/wp\/v2\/pages\/19636","targetHints":{"allow":["GET"]}}],"collection":[{"href":"https:\/\/wicmtl.ca\/fr\/wp-json\/wp\/v2\/pages"}],"about":[{"href":"https:\/\/wicmtl.ca\/fr\/wp-json\/wp\/v2\/types\/page"}],"author":[{"embeddable":true,"href":"https:\/\/wicmtl.ca\/fr\/wp-json\/wp\/v2\/users\/2"}],"replies":[{"embeddable":true,"href":"https:\/\/wicmtl.ca\/fr\/wp-json\/wp\/v2\/comments?post=19636"}],"version-history":[{"count":31,"href":"https:\/\/wicmtl.ca\/fr\/wp-json\/wp\/v2\/pages\/19636\/revisions"}],"predecessor-version":[{"id":25791,"href":"https:\/\/wicmtl.ca\/fr\/wp-json\/wp\/v2\/pages\/19636\/revisions\/25791"}],"up":[{"embeddable":true,"href":"https:\/\/wicmtl.ca\/fr\/wp-json\/wp\/v2\/pages\/19579"}],"wp:attachment":[{"href":"https:\/\/wicmtl.ca\/fr\/wp-json\/wp\/v2\/media?parent=19636"}],"curies":[{"name":"wp","href":"https:\/\/api.w.org\/{rel}","templated":true}]}}