{"id":19626,"date":"2022-07-09T03:04:10","date_gmt":"2022-07-09T07:04:10","guid":{"rendered":"https:\/\/wicmtl.ca\/cours\/"},"modified":"2023-05-30T16:39:10","modified_gmt":"2023-05-30T20:39:10","slug":"cours","status":"publish","type":"page","link":"https:\/\/wicmtl.ca\/fr\/cours\/","title":{"rendered":"Cours"},"content":{"rendered":"<div class=\"gb-container gb-container-3f196884 alignfull\"><div class=\"gb-inside-container\">\n\n<h1 class=\"gb-headline gb-headline-992824a8 gb-headline-text\">Cours<\/h1>\n\n<\/div><\/div><div class=\"gb-container gb-container-db0532e0\"><div class=\"gb-inside-container\">\n\n<h2 class=\"gb-headline gb-headline-fe6a4637 gb-headline-text\">1er cycle<\/h2>\n\n\n\n<div class=\"wp-block-columns is-layout-flex wp-container-core-columns-is-layout-9d6595d7 wp-block-columns-is-layout-flex\">\n<div class=\"wp-block-column has-wic-pale-green-background-color has-background is-layout-flow wp-block-column-is-layout-flow\" style=\"padding-top:20px;padding-right:20px;padding-bottom:20px;padding-left:20px\">\n<h2 class=\"gb-headline gb-headline-f4fbf4ae gb-headline-text\">1er secondaire<\/h2>\n\n\n\n<ul class=\"has-lg-font-size wp-block-list\"><li>Anglais langue d\u2019enseignement<\/li><li>Fran\u00e7ais langue d\u2019enseignement<\/li><li>Fran\u00e7ais langue seconde programme enrichi<\/li><li>Math\u00e9matiques<\/li><li>Science et technologie<\/li><li>G\u00e9ographie<\/li><li>Histoire et \u00e9ducation \u00e0 la citoyennet\u00e9<\/li><li>\u00c9ducation physique et \u00e0 la sant\u00e9<\/li><li>Arts plastiques<\/li><li>Art dramatique<\/li><li>Musique<\/li><li>CLC (communaut\u00e9, leadership et citoyennet\u00e9)<\/li><li>\u00c9thique et culture religieuse<\/li><li>Formation plein air<\/li><\/ul>\n<\/div>\n\n\n\n<div class=\"wp-block-column has-wic-pale-green-background-color has-background is-layout-flow wp-block-column-is-layout-flow\" style=\"padding-top:20px;padding-right:20px;padding-bottom:20px;padding-left:20px\">\n<h2 class=\"gb-headline gb-headline-cc6c7490 gb-headline-text\">2e secondaire<\/h2>\n\n\n\n<ul class=\"wp-block-list\"><li>Anglais langue d\u2019enseignement<\/li><li>Fran\u00e7ais langue d\u2019enseignement<\/li><li>Fran\u00e7ais langue seconde programme enrichi<\/li><li>Math\u00e9matiques<\/li><li>Science et technologie<\/li><li>G\u00e9ographie<\/li><li>Histoire et \u00e9ducation \u00e0 la citoyennet\u00e9<\/li><li>\u00c9ducation physique et \u00e0 la sant\u00e9<\/li><li>Arts plastiques<\/li><li>Art dramatique<\/li><li>Musique<\/li><li>CLC (communaut\u00e9, leadership et citoyennet\u00e9)<\/li><li>\u00c9thique et culture religieuse<\/li><li>Formation plein air <\/li><\/ul>\n<\/div>\n<\/div>\n\n<\/div><\/div><div class=\"gb-container gb-container-ed75d77d alignfull\" id=\"senior-courses\"><div class=\"gb-inside-container\">\n\n<h2 class=\"gb-headline gb-headline-e2cda9ec gb-headline-text\">2e cycle<\/h2>\n\n\n<div class=\"gb-container gb-container-23bf9274 alignfull\"><div class=\"gb-inside-container\">\n\n<h2 class=\"gb-headline gb-headline-2c7ea19b gb-headline-text\">3e secondaire<\/h2>\n\n\n\n<div class=\"wp-block-columns is-layout-flex wp-container-core-columns-is-layout-9d6595d7 wp-block-columns-is-layout-flex\">\n<div class=\"wp-block-column is-layout-flow wp-block-column-is-layout-flow\"><div class=\"gb-container gb-container-f6c8f2f1\"><div class=\"gb-inside-container\">\n\n<ul class=\"wp-block-list\"><li>Anglais langue d\u2019enseignement<\/li><li>Fran\u00e7ais langue d\u2019enseignement<\/li><li>Fran\u00e7ais langue seconde programme enrichi<\/li><li>Math\u00e9matiques<\/li><li>Science et technologie<\/li><\/ul>\n\n<\/div><\/div><\/div>\n\n\n\n<div class=\"wp-block-column is-layout-flow wp-block-column-is-layout-flow\"><div class=\"gb-container gb-container-c4562af7\"><div class=\"gb-inside-container\">\n\n<ul class=\"wp-block-list\"><li>Histoire du Quebec et du Canada<\/li><li>\u00c9ducation physique et \u00e0 la sant\u00e9<\/li><li>Arts plastiques<\/li><li>Musique<\/li><li>Art dramatique<\/li><\/ul>\n\n<\/div><\/div><\/div>\n\n\n\n<div class=\"wp-block-column is-layout-flow wp-block-column-is-layout-flow\"><div class=\"gb-container gb-container-fe9263fb\"><div class=\"gb-inside-container\">\n\n<ul class=\"wp-block-list\"><li>Formation plein air<\/li><li>CLCC (communaut\u00e9, leadership, citoyennet\u00e9 et carri\u00e8res)<\/li><li>Option: Coding, Espagnol, Robotique, \u00c9d. Phys +, Photographie et art num\u00e9rique <\/li><\/ul>\n\n<\/div><\/div><\/div>\n<\/div>\n\n<\/div><\/div>\n\n<div class=\"gb-container gb-container-54acc127 alignfull\"><div class=\"gb-inside-container\">\n\n<h2 class=\"gb-headline gb-headline-ef2f4d13 gb-headline-text\">4e et 5e secondaire<\/h2>\n\n\n\n<div class=\"wp-block-columns is-layout-flex wp-container-core-columns-is-layout-9d6595d7 wp-block-columns-is-layout-flex\">\n<div class=\"wp-block-column is-layout-flow wp-block-column-is-layout-flow\"><div class=\"gb-container gb-container-83584b73\"><div class=\"gb-inside-container\">\n\n<h3 class=\"gb-headline gb-headline-13468bf7 gb-headline-text\"><strong>Math\u00e9matiques<\/strong><\/h3>\n\n\n\n<ul class=\"has-lg-font-size wp-block-list\"><li>Math\u00e9matiques: Sciences naturelles 4<\/li><li>Math\u00e9matiques: culture, soci\u00e9t\u00e9 et technique 4<\/li><li>Math\u00e9matiques: Sciences naturelles 5<\/li><li>Math\u00e9matiques: culture, soci\u00e9t\u00e9 et technique 5<\/li><li>Pr\u00e9-calcul 5 \/Intro to Calculus 5 <\/li><li>Applications math\u00e9matiques \/ Codage<\/li><\/ul>\n\n<\/div><\/div>\n\n<div class=\"gb-container gb-container-bc50c418\"><div class=\"gb-inside-container\">\n\n<h3 class=\"gb-headline gb-headline-2fba75be gb-headline-text\"><strong>Univers Social<\/strong><\/h3>\n\n\n\n<ul class=\"has-lg-font-size wp-block-list\"><li>Histoire du Quebec et du Canada 4<\/li><li>Droit 5 (\u00e9cole anglaise)<\/li><li>Introduction \u00e0 la psychologie <\/li><li>Monde contemporain 5<\/li><li>Sensibilisation \u00e0 l\u2019entrepreneuriat (\u00e9cole anglaise) <\/li><li>\u00c9ducation financi\u00e8re 5<\/li><\/ul>\n\n<\/div><\/div><\/div>\n\n\n\n<div class=\"wp-block-column is-layout-flow wp-block-column-is-layout-flow\"><div class=\"gb-container gb-container-97d094c0\"><div class=\"gb-inside-container\">\n\n<h3 class=\"gb-headline gb-headline-64d5859c gb-headline-text\"><strong>D\u00e9veloppement Personnel<\/strong><\/h3>\n\n\n\n<ul class=\"has-lg-font-size wp-block-list\"><li>CLCC 5 (communaut\u00e9, leadership, citoyennet\u00e9 et CEGEP PREP)<\/li><li>\u00c9thique &amp; culture religieuse 5<\/li><li>Introduction \u00e0 la psychologie<\/li><li>\u00c9ducation physique 5<\/li><li>Option Conditionnement physique<\/li><li>Formation plein air 4-5<\/li><li>Former des leaders avec le sport 5<\/li><li>Comp\u00e9tences de vie 5<\/li><li>Projet personnel 5<\/li><li>\u00c9ducation physique 4\/5: Option yoga et conditionnement physique, formation plein-air, sports individuels, sports d\u2019\u00e9quipe<\/li><li>Sports et vie active en leadership 4\/5<\/li><li>Voyages internationaux \/ International Travel 3\/4\/5<\/li><li>Activit\u00e9s r\u00e9cr\u00e9atives 5<\/li><\/ul>\n\n<\/div><\/div><\/div>\n\n\n\n<div class=\"wp-block-column is-layout-flow wp-block-column-is-layout-flow\"><div class=\"gb-container gb-container-d3ccc99e\"><div class=\"gb-inside-container\">\n\n<h3 class=\"gb-headline gb-headline-dee65fcf gb-headline-text\"><strong>Science et Technologie<\/strong><\/h3>\n\n\n\n<ul class=\"has-lg-font-size wp-block-list\"><li>Science &amp; technologie 4<\/li><li>Science &amp; technologie de l\u2019environnement 4<\/li><li>Chimie <\/li><li>Physiques <\/li><li>Biologie environnementale<\/li><\/ul>\n\n<\/div><\/div>\n\n<div class=\"gb-container gb-container-af7eb4eb\"><div class=\"gb-inside-container\">\n\n<h3 class=\"gb-headline gb-headline-5430f22c gb-headline-text\"><strong>Langages<\/strong><\/h3>\n\n\n\n<ul class=\"has-lg-font-size wp-block-list\"><li>Anglais langue d\u2019enseignement 4<\/li><li>Anglais langue d\u2019enseignement 5<\/li><li>Fran\u00e7ais langue seconde programme enrichi 4<\/li><li>Fran\u00e7ais langue seconde programme enrichi 5<\/li><li>Fran\u00e7ais langue d\u2019enseignement 4<\/li><li>Fran\u00e7ais langue d\u2019enseignement 5<\/li><\/ul>\n\n<\/div><\/div>\n\n<div class=\"gb-container gb-container-3a2d9392\"><div class=\"gb-inside-container\">\n\n<h3 class=\"gb-headline gb-headline-3ad48aeb gb-headline-text\">Les Arts<\/h3>\n\n\n\n<ul class=\"has-lg-font-size wp-block-list\"><li>Art dramatique<\/li><li>Design web et art num\u00e9rique<\/li><li>Musique<\/li><li>Club de photographie<\/li><li>Yearbook et conception m\u00e9diatiques 4\/5<\/li><\/ul>\n\n<\/div><\/div><\/div>\n<\/div>\n\n<\/div><\/div>\n<\/div><\/div><div class=\"gb-container gb-container-776aac77\"><div class=\"gb-inside-container\">\n\n<h2 class=\"gb-headline gb-headline-0605b929 gb-headline-text\">Cours Enrichi<\/h2>\n\n\n\n<p>Le concept de cours enrichi au Coll\u00e8ge se distingue par l\u2019engagement des enseignants \u00e0 stimuler l\u2019enthousiasme et \u00e0 assurer la participation de tous les \u00e9l\u00e8ves, rehaussant l\u2019exp\u00e9rience d\u2019apprentissage des mati\u00e8res avec des applications concr\u00e8tes et alliant des pratiques exemplaires \u00e0 des m\u00e9thodes d\u2019enseignement actives et technologiquement avanc\u00e9es.  <\/p>\n\n<\/div><\/div><div class=\"gb-container gb-container-8aaeba77 alignfull\"><div class=\"gb-inside-container\">\n\n<div class=\"wp-block-cover alignfull is-light\" style=\"min-height:600px;aspect-ratio:unset;\"><span aria-hidden=\"true\" class=\"wp-block-cover__background has-background-dim-30 has-background-dim\"><\/span><img loading=\"lazy\" decoding=\"async\" width=\"1280\" height=\"854\" class=\"wp-block-cover__image-background wp-image-1047\" alt=\"\" src=\"https:\/\/wicmtl.ca\/wp-content\/uploads\/2022\/06\/basteineclass-1.jpeg\" style=\"object-position:53% 25%\" data-object-fit=\"cover\" data-object-position=\"53% 25%\" srcset=\"https:\/\/wicmtl.ca\/wp-content\/uploads\/2022\/06\/basteineclass-1.jpeg 1280w, https:\/\/wicmtl.ca\/wp-content\/uploads\/2022\/06\/basteineclass-1-300x200.jpeg 300w, https:\/\/wicmtl.ca\/wp-content\/uploads\/2022\/06\/basteineclass-1-1024x683.jpeg 1024w, https:\/\/wicmtl.ca\/wp-content\/uploads\/2022\/06\/basteineclass-1-768x512.jpeg 768w\" sizes=\"auto, (max-width: 1280px) 100vw, 1280px\" \/><div class=\"wp-block-cover__inner-container is-layout-flow wp-block-cover-is-layout-flow\">\n<h2 class=\"gb-headline gb-headline-ed79e4f9 gb-headline-text\"><\/h2>\n<\/div><\/div>\n\n<\/div><\/div>","protected":false},"excerpt":{"rendered":"<p>Cours 1er cycle 1er secondaire Anglais langue d\u2019enseignement Fran\u00e7ais langue d\u2019enseignement Fran\u00e7ais langue seconde programme enrichi Math\u00e9matiques Science et technologie G\u00e9ographie Histoire et \u00e9ducation \u00e0 la citoyennet\u00e9 \u00c9ducation physique et \u00e0 la sant\u00e9 Arts plastiques Art dramatique Musique CLC (communaut\u00e9, leadership et citoyennet\u00e9) \u00c9thique et culture religieuse Formation plein air 2e secondaire Anglais langue d\u2019enseignement &#8230; <a title=\"Cours\" class=\"read-more\" href=\"https:\/\/wicmtl.ca\/fr\/cours\/\" aria-label=\"En savoir plus sur Cours\">Lire plus<\/a><\/p>\n","protected":false},"author":2,"featured_media":0,"parent":0,"menu_order":7,"comment_status":"closed","ping_status":"closed","template":"","meta":{"_themeisle_gutenberg_block_has_review":false,"footnotes":""},"class_list":["post-19626","page","type-page","status-publish"],"_links":{"self":[{"href":"https:\/\/wicmtl.ca\/fr\/wp-json\/wp\/v2\/pages\/19626","targetHints":{"allow":["GET"]}}],"collection":[{"href":"https:\/\/wicmtl.ca\/fr\/wp-json\/wp\/v2\/pages"}],"about":[{"href":"https:\/\/wicmtl.ca\/fr\/wp-json\/wp\/v2\/types\/page"}],"author":[{"embeddable":true,"href":"https:\/\/wicmtl.ca\/fr\/wp-json\/wp\/v2\/users\/2"}],"replies":[{"embeddable":true,"href":"https:\/\/wicmtl.ca\/fr\/wp-json\/wp\/v2\/comments?post=19626"}],"version-history":[{"count":15,"href":"https:\/\/wicmtl.ca\/fr\/wp-json\/wp\/v2\/pages\/19626\/revisions"}],"predecessor-version":[{"id":22024,"href":"https:\/\/wicmtl.ca\/fr\/wp-json\/wp\/v2\/pages\/19626\/revisions\/22024"}],"wp:attachment":[{"href":"https:\/\/wicmtl.ca\/fr\/wp-json\/wp\/v2\/media?parent=19626"}],"curies":[{"name":"wp","href":"https:\/\/api.w.org\/{rel}","templated":true}]}}