{"id":19617,"date":"2022-07-09T19:36:48","date_gmt":"2022-07-09T23:36:48","guid":{"rendered":"https:\/\/wicmtl.ca\/membres-du-conseil-administration-fondation-du-college\/"},"modified":"2026-02-12T10:23:18","modified_gmt":"2026-02-12T15:23:18","slug":"membres-du-conseil-administration-fondation-du-college","status":"publish","type":"page","link":"https:\/\/wicmtl.ca\/fr\/membres-du-conseil-administration-fondation-du-college\/","title":{"rendered":"Membres du conseil d\u2019administration"},"content":{"rendered":"<div class=\"gb-container gb-container-3e0465a1 alignfull\"><div class=\"gb-inside-container\">\n\n<h1 class=\"gb-headline gb-headline-a09ef142 gb-headline-text\">Les membres du conseil d\u2019administration de la Fondation du Coll\u00e8ge de l\u2019Ouest de l\u2019\u00cele<\/h1>\n\n<\/div><\/div>\n\n<div class=\"gb-container gb-container-9e93c0ff\"><div class=\"gb-inside-container\">\n\n<h2 class=\"gb-headline gb-headline-d0356833 gb-headline-text\">Les membres du Conseil d\u2019administration de la Fondation du Coll\u00e8ge de l\u2019Ouest de l\u2019\u00cele 2025-26:<\/h2>\n\n\n<div class=\"gb-grid-wrapper gb-grid-wrapper-fe038edd wic-portrait-grid\">\n<div class=\"gb-grid-column gb-grid-column-adad8720\"><div class=\"gb-container gb-container-adad8720\"><div class=\"gb-inside-container\">\n\n<figure class=\"wp-block-image size-large\"><img loading=\"lazy\" decoding=\"async\" width=\"683\" height=\"1024\" src=\"https:\/\/wicmtl.ca\/wp-content\/uploads\/2024\/10\/Joel-Erikson-683x1024.png\" alt=\"\" class=\"wp-image-24129\" srcset=\"https:\/\/wicmtl.ca\/wp-content\/uploads\/2024\/10\/Joel-Erikson-683x1024.png 683w, https:\/\/wicmtl.ca\/wp-content\/uploads\/2024\/10\/Joel-Erikson-200x300.png 200w, https:\/\/wicmtl.ca\/wp-content\/uploads\/2024\/10\/Joel-Erikson-768x1152.png 768w, https:\/\/wicmtl.ca\/wp-content\/uploads\/2024\/10\/Joel-Erikson-50x75.png 50w, https:\/\/wicmtl.ca\/wp-content\/uploads\/2024\/10\/Joel-Erikson-1024x1536.png 1024w, https:\/\/wicmtl.ca\/wp-content\/uploads\/2024\/10\/Joel-Erikson-1365x2048.png 1365w, https:\/\/wicmtl.ca\/wp-content\/uploads\/2024\/10\/Joel-Erikson.png 1600w\" sizes=\"auto, (max-width: 683px) 100vw, 683px\" \/><\/figure>\n\n\n\n<h3 class=\"gb-headline gb-headline-7080c0e0 gb-headline-text\">JOEL ERICKSON\n(\u201990)<\/h3>\n\n\n\n<p class=\"has-text-align-center\" style=\"font-size:16px;text-transform:capitalize\">Parent, pr\u00e9sident de la fondation WIC. Vice-pr\u00e9sident ex\u00e9cutif, Sant\u00e9 Ashfield Canada Inc. <\/p>\n\n<\/div><\/div><\/div>\n\n<div class=\"gb-grid-column gb-grid-column-f409aa75\"><div class=\"gb-container gb-container-f409aa75\"><div class=\"gb-inside-container\">\n\n<figure class=\"wp-block-image size-full\"><img loading=\"lazy\" decoding=\"async\" width=\"1600\" height=\"2400\" src=\"https:\/\/wicmtl.ca\/wp-content\/uploads\/2024\/10\/Michelle-Bertrand.png\" alt=\"\" class=\"wp-image-24119\" srcset=\"https:\/\/wicmtl.ca\/wp-content\/uploads\/2024\/10\/Michelle-Bertrand.png 1600w, https:\/\/wicmtl.ca\/wp-content\/uploads\/2024\/10\/Michelle-Bertrand-200x300.png 200w, https:\/\/wicmtl.ca\/wp-content\/uploads\/2024\/10\/Michelle-Bertrand-683x1024.png 683w, https:\/\/wicmtl.ca\/wp-content\/uploads\/2024\/10\/Michelle-Bertrand-768x1152.png 768w, https:\/\/wicmtl.ca\/wp-content\/uploads\/2024\/10\/Michelle-Bertrand-50x75.png 50w, https:\/\/wicmtl.ca\/wp-content\/uploads\/2024\/10\/Michelle-Bertrand-1024x1536.png 1024w, https:\/\/wicmtl.ca\/wp-content\/uploads\/2024\/10\/Michelle-Bertrand-1365x2048.png 1365w\" sizes=\"auto, (max-width: 1600px) 100vw, 1600px\" \/><\/figure>\n\n\n\n<h3 class=\"gb-headline gb-headline-74cde36d gb-headline-text\">MICHELLE BERTRAND\n(\u201992)<\/h3>\n\n\n\n<p class=\"has-text-align-center\" style=\"font-size:16px;text-transform:capitalize\">Vice-pr\u00e9sidente, parent. Psychologue  <\/p>\n\n<\/div><\/div><\/div>\n\n<div class=\"gb-grid-column gb-grid-column-ef7cc4c0\"><div class=\"gb-container gb-container-ef7cc4c0\"><div class=\"gb-inside-container\">\n\n<figure class=\"wp-block-image size-full is-resized\"><img loading=\"lazy\" decoding=\"async\" width=\"1600\" height=\"2400\" src=\"https:\/\/wicmtl.ca\/wp-content\/uploads\/2024\/10\/Chris-Vounasis.png\" alt=\"\" class=\"wp-image-24121\" style=\"width:235px\" srcset=\"https:\/\/wicmtl.ca\/wp-content\/uploads\/2024\/10\/Chris-Vounasis.png 1600w, https:\/\/wicmtl.ca\/wp-content\/uploads\/2024\/10\/Chris-Vounasis-200x300.png 200w, https:\/\/wicmtl.ca\/wp-content\/uploads\/2024\/10\/Chris-Vounasis-683x1024.png 683w, https:\/\/wicmtl.ca\/wp-content\/uploads\/2024\/10\/Chris-Vounasis-768x1152.png 768w, https:\/\/wicmtl.ca\/wp-content\/uploads\/2024\/10\/Chris-Vounasis-50x75.png 50w, https:\/\/wicmtl.ca\/wp-content\/uploads\/2024\/10\/Chris-Vounasis-1024x1536.png 1024w, https:\/\/wicmtl.ca\/wp-content\/uploads\/2024\/10\/Chris-Vounasis-1365x2048.png 1365w\" sizes=\"auto, (max-width: 1600px) 100vw, 1600px\" \/><\/figure>\n\n\n\n<h3 class=\"gb-headline gb-headline-998e37c6 gb-headline-text\">CHRIS VOUNASIS\n(\u201993)<\/h3>\n\n\n\n<p class=\"has-text-align-center\" style=\"font-size:16px;text-transform:capitalize\">Tr\u00e9sorier , parent, vp, d\u00e9v., ventes et marketing, Ropack Pharma Solutions<\/p>\n\n<\/div><\/div><\/div>\n\n<div class=\"gb-grid-column gb-grid-column-ab6ea8a3\"><div class=\"gb-container gb-container-ab6ea8a3\"><div class=\"gb-inside-container\">\n\n<figure class=\"wp-block-image size-large\"><img loading=\"lazy\" decoding=\"async\" width=\"683\" height=\"1024\" src=\"https:\/\/wicmtl.ca\/wp-content\/uploads\/2024\/10\/Eric-Jabal-683x1024.png\" alt=\"\" class=\"wp-image-24144\" srcset=\"https:\/\/wicmtl.ca\/wp-content\/uploads\/2024\/10\/Eric-Jabal-683x1024.png 683w, https:\/\/wicmtl.ca\/wp-content\/uploads\/2024\/10\/Eric-Jabal-200x300.png 200w, https:\/\/wicmtl.ca\/wp-content\/uploads\/2024\/10\/Eric-Jabal-768x1152.png 768w, https:\/\/wicmtl.ca\/wp-content\/uploads\/2024\/10\/Eric-Jabal-50x75.png 50w, https:\/\/wicmtl.ca\/wp-content\/uploads\/2024\/10\/Eric-Jabal-1024x1536.png 1024w, https:\/\/wicmtl.ca\/wp-content\/uploads\/2024\/10\/Eric-Jabal-1365x2048.png 1365w, https:\/\/wicmtl.ca\/wp-content\/uploads\/2024\/10\/Eric-Jabal.png 1600w\" sizes=\"auto, (max-width: 683px) 100vw, 683px\" \/><\/figure>\n\n\n\n<h3 class=\"gb-headline gb-headline-4e81e360 gb-headline-text\">ERIC JABAL<\/h3>\n\n\n\n<p class=\"has-text-align-center\" style=\"font-size:16px\">Directeur g\u00e9n\u00e9ral<\/p>\n\n<\/div><\/div><\/div>\n\n<div class=\"gb-grid-column gb-grid-column-3742948d\"><div class=\"gb-container gb-container-3742948d\"><div class=\"gb-inside-container\">\n\n<figure class=\"wp-block-image size-full\"><img loading=\"lazy\" decoding=\"async\" width=\"1707\" height=\"2560\" src=\"https:\/\/wicmtl.ca\/wp-content\/uploads\/2025\/09\/Foundation-Board-Members-1-scaled.png\" alt=\"\" class=\"wp-image-25660\" srcset=\"https:\/\/wicmtl.ca\/wp-content\/uploads\/2025\/09\/Foundation-Board-Members-1-scaled.png 1707w, https:\/\/wicmtl.ca\/wp-content\/uploads\/2025\/09\/Foundation-Board-Members-1-200x300.png 200w, https:\/\/wicmtl.ca\/wp-content\/uploads\/2025\/09\/Foundation-Board-Members-1-683x1024.png 683w, https:\/\/wicmtl.ca\/wp-content\/uploads\/2025\/09\/Foundation-Board-Members-1-768x1152.png 768w, https:\/\/wicmtl.ca\/wp-content\/uploads\/2025\/09\/Foundation-Board-Members-1-50x75.png 50w, https:\/\/wicmtl.ca\/wp-content\/uploads\/2025\/09\/Foundation-Board-Members-1-1600x2400.png 1600w, https:\/\/wicmtl.ca\/wp-content\/uploads\/2025\/09\/Foundation-Board-Members-1-1024x1536.png 1024w, https:\/\/wicmtl.ca\/wp-content\/uploads\/2025\/09\/Foundation-Board-Members-1-1365x2048.png 1365w\" sizes=\"auto, (max-width: 1707px) 100vw, 1707px\" \/><\/figure>\n\n\n\n<h3 class=\"gb-headline gb-headline-c7d1b3fe gb-headline-text\">LAURA BORSELLINO\n(\u201994)<\/h3>\n\n\n\n<p class=\"has-text-align-center\" style=\"font-size:16px;text-transform:capitalize\">Parent<\/p>\n\n<\/div><\/div><\/div>\n\n<div class=\"gb-grid-column gb-grid-column-ff6ed43b\"><div class=\"gb-container gb-container-ff6ed43b\"><div class=\"gb-inside-container\">\n\n<figure class=\"wp-block-image size-large\"><img loading=\"lazy\" decoding=\"async\" width=\"683\" height=\"1024\" src=\"https:\/\/wicmtl.ca\/wp-content\/uploads\/2025\/09\/Harry-Liang-683x1024.png\" alt=\"\" class=\"wp-image-25648\" srcset=\"https:\/\/wicmtl.ca\/wp-content\/uploads\/2025\/09\/Harry-Liang-683x1024.png 683w, https:\/\/wicmtl.ca\/wp-content\/uploads\/2025\/09\/Harry-Liang-200x300.png 200w, https:\/\/wicmtl.ca\/wp-content\/uploads\/2025\/09\/Harry-Liang-768x1152.png 768w, https:\/\/wicmtl.ca\/wp-content\/uploads\/2025\/09\/Harry-Liang-50x75.png 50w, https:\/\/wicmtl.ca\/wp-content\/uploads\/2025\/09\/Harry-Liang-1600x2400.png 1600w, https:\/\/wicmtl.ca\/wp-content\/uploads\/2025\/09\/Harry-Liang-1024x1536.png 1024w, https:\/\/wicmtl.ca\/wp-content\/uploads\/2025\/09\/Harry-Liang-1365x2048.png 1365w, https:\/\/wicmtl.ca\/wp-content\/uploads\/2025\/09\/Harry-Liang-scaled.png 1707w\" sizes=\"auto, (max-width: 683px) 100vw, 683px\" \/><\/figure>\n\n\n\n<h3 class=\"gb-headline gb-headline-2e567eb8 gb-headline-text\">Harry Liang<\/h3>\n\n\n\n<p class=\"has-text-align-center\" style=\"font-size:16px;text-transform:capitalize\">Ancien parent d&#8217;\u00e9l\u00e8ve du Coll\u00e8ge de l&#8217;Ouest de l&#8217;\u00cele<\/p>\n\n<\/div><\/div><\/div>\n\n<div class=\"gb-grid-column gb-grid-column-cb026f3b\"><div class=\"gb-container gb-container-cb026f3b\"><div class=\"gb-inside-container\">\n\n<figure class=\"wp-block-image size-full\"><img loading=\"lazy\" decoding=\"async\" width=\"1707\" height=\"2560\" src=\"https:\/\/wicmtl.ca\/wp-content\/uploads\/2025\/09\/Gabriella-Musacchio-scaled.png\" alt=\"\" class=\"wp-image-25650\" srcset=\"https:\/\/wicmtl.ca\/wp-content\/uploads\/2025\/09\/Gabriella-Musacchio-scaled.png 1707w, https:\/\/wicmtl.ca\/wp-content\/uploads\/2025\/09\/Gabriella-Musacchio-200x300.png 200w, https:\/\/wicmtl.ca\/wp-content\/uploads\/2025\/09\/Gabriella-Musacchio-683x1024.png 683w, https:\/\/wicmtl.ca\/wp-content\/uploads\/2025\/09\/Gabriella-Musacchio-768x1152.png 768w, https:\/\/wicmtl.ca\/wp-content\/uploads\/2025\/09\/Gabriella-Musacchio-50x75.png 50w, https:\/\/wicmtl.ca\/wp-content\/uploads\/2025\/09\/Gabriella-Musacchio-1600x2400.png 1600w, https:\/\/wicmtl.ca\/wp-content\/uploads\/2025\/09\/Gabriella-Musacchio-1024x1536.png 1024w, https:\/\/wicmtl.ca\/wp-content\/uploads\/2025\/09\/Gabriella-Musacchio-1365x2048.png 1365w\" sizes=\"auto, (max-width: 1707px) 100vw, 1707px\" \/><\/figure>\n\n\n\n<h3 class=\"gb-headline gb-headline-88cb859c gb-headline-text\">Gabriella Musacchio(\u201910)<\/h3>\n\n\n\n<p class=\"has-text-align-center\" style=\"font-size:16px;text-transform:capitalize\">Dipl\u00f4m\u00e9e du Coll\u00e8ge de l&#8217;Ouest de l&#8217;\u00cele, promotion 2010<\/p>\n\n<\/div><\/div><\/div>\n\n<div class=\"gb-grid-column gb-grid-column-768afd06\"><div class=\"gb-container gb-container-768afd06\"><div class=\"gb-inside-container\">\n\n<figure class=\"wp-block-image size-large\"><img loading=\"lazy\" decoding=\"async\" width=\"683\" height=\"1024\" src=\"https:\/\/wicmtl.ca\/wp-content\/uploads\/2024\/10\/Derek-Linetsky-683x1024.png\" alt=\"\" class=\"wp-image-24146\" srcset=\"https:\/\/wicmtl.ca\/wp-content\/uploads\/2024\/10\/Derek-Linetsky-683x1024.png 683w, https:\/\/wicmtl.ca\/wp-content\/uploads\/2024\/10\/Derek-Linetsky-200x300.png 200w, https:\/\/wicmtl.ca\/wp-content\/uploads\/2024\/10\/Derek-Linetsky-768x1152.png 768w, https:\/\/wicmtl.ca\/wp-content\/uploads\/2024\/10\/Derek-Linetsky-50x75.png 50w, https:\/\/wicmtl.ca\/wp-content\/uploads\/2024\/10\/Derek-Linetsky-1024x1536.png 1024w, https:\/\/wicmtl.ca\/wp-content\/uploads\/2024\/10\/Derek-Linetsky-1365x2048.png 1365w, https:\/\/wicmtl.ca\/wp-content\/uploads\/2024\/10\/Derek-Linetsky.png 1600w\" sizes=\"auto, (max-width: 683px) 100vw, 683px\" \/><\/figure>\n\n\n\n<h3 class=\"gb-headline gb-headline-6e55938b gb-headline-text\">Derek Linetsky (&#8217;98)<\/h3>\n\n\n\n<p class=\"has-text-align-center\" style=\"font-size:16px;text-transform:capitalize\">Directeur, D\u00e9veloppement Philanthropique<\/p>\n\n<\/div><\/div><\/div>\n\n<div class=\"gb-grid-column gb-grid-column-1c85c4c2\"><div class=\"gb-container gb-container-1c85c4c2\"><div class=\"gb-inside-container\">\n\n<figure class=\"wp-block-image size-large\"><img loading=\"lazy\" decoding=\"async\" width=\"683\" height=\"1024\" src=\"https:\/\/wicmtl.ca\/wp-content\/uploads\/2024\/10\/Marco-Zaino-683x1024.png\" alt=\"\" class=\"wp-image-24127\" srcset=\"https:\/\/wicmtl.ca\/wp-content\/uploads\/2024\/10\/Marco-Zaino-683x1024.png 683w, https:\/\/wicmtl.ca\/wp-content\/uploads\/2024\/10\/Marco-Zaino-200x300.png 200w, https:\/\/wicmtl.ca\/wp-content\/uploads\/2024\/10\/Marco-Zaino-768x1152.png 768w, https:\/\/wicmtl.ca\/wp-content\/uploads\/2024\/10\/Marco-Zaino-50x75.png 50w, https:\/\/wicmtl.ca\/wp-content\/uploads\/2024\/10\/Marco-Zaino-1024x1536.png 1024w, https:\/\/wicmtl.ca\/wp-content\/uploads\/2024\/10\/Marco-Zaino-1365x2048.png 1365w, https:\/\/wicmtl.ca\/wp-content\/uploads\/2024\/10\/Marco-Zaino.png 1600w\" sizes=\"auto, (max-width: 683px) 100vw, 683px\" \/><\/figure>\n\n\n\n<h3 class=\"gb-headline gb-headline-b9143f65 gb-headline-text\">MARCO ZAINO\n(\u201996)<\/h3>\n\n\n\n<p class=\"has-text-align-center\" style=\"font-size:16px;text-transform:capitalize\">MBA, PDG et gestionnaire de portefeuille chez Highgate Family Office<\/p>\n\n<\/div><\/div><\/div>\n\n<div class=\"gb-grid-column gb-grid-column-b27617a6\"><div class=\"gb-container gb-container-b27617a6\"><div class=\"gb-inside-container\">\n\n<figure class=\"wp-block-image size-large\"><img loading=\"lazy\" decoding=\"async\" width=\"683\" height=\"1024\" src=\"https:\/\/wicmtl.ca\/wp-content\/uploads\/2024\/10\/Vincent-Chevalier-683x1024.png\" alt=\"\" class=\"wp-image-24111\" srcset=\"https:\/\/wicmtl.ca\/wp-content\/uploads\/2024\/10\/Vincent-Chevalier-683x1024.png 683w, https:\/\/wicmtl.ca\/wp-content\/uploads\/2024\/10\/Vincent-Chevalier-200x300.png 200w, https:\/\/wicmtl.ca\/wp-content\/uploads\/2024\/10\/Vincent-Chevalier-768x1152.png 768w, https:\/\/wicmtl.ca\/wp-content\/uploads\/2024\/10\/Vincent-Chevalier-50x75.png 50w, https:\/\/wicmtl.ca\/wp-content\/uploads\/2024\/10\/Vincent-Chevalier-1024x1536.png 1024w, https:\/\/wicmtl.ca\/wp-content\/uploads\/2024\/10\/Vincent-Chevalier-1365x2048.png 1365w, https:\/\/wicmtl.ca\/wp-content\/uploads\/2024\/10\/Vincent-Chevalier.png 1600w\" sizes=\"auto, (max-width: 683px) 100vw, 683px\" \/><\/figure>\n\n\n\n<h3 class=\"gb-headline gb-headline-736535f2 gb-headline-text\"><strong>Vincent Chevalier<\/strong><\/h3>\n\n\n\n<p class=\"has-text-align-center\" style=\"font-size:16px;text-transform:capitalize\">Parent and Senior Director, Data Analytics &amp; Engineering, Fasken<\/p>\n\n<\/div><\/div><\/div>\n\n<div class=\"gb-grid-column gb-grid-column-ebb1a136\"><div class=\"gb-container gb-container-ebb1a136\"><div class=\"gb-inside-container\">\n\n<figure class=\"wp-block-image size-large\"><img loading=\"lazy\" decoding=\"async\" width=\"683\" height=\"1024\" src=\"https:\/\/wicmtl.ca\/wp-content\/uploads\/2024\/10\/Alessia-Talarico-683x1024.png\" alt=\"\" class=\"wp-image-24117\" srcset=\"https:\/\/wicmtl.ca\/wp-content\/uploads\/2024\/10\/Alessia-Talarico-683x1024.png 683w, https:\/\/wicmtl.ca\/wp-content\/uploads\/2024\/10\/Alessia-Talarico-200x300.png 200w, https:\/\/wicmtl.ca\/wp-content\/uploads\/2024\/10\/Alessia-Talarico-768x1152.png 768w, https:\/\/wicmtl.ca\/wp-content\/uploads\/2024\/10\/Alessia-Talarico-50x75.png 50w, https:\/\/wicmtl.ca\/wp-content\/uploads\/2024\/10\/Alessia-Talarico-1024x1536.png 1024w, https:\/\/wicmtl.ca\/wp-content\/uploads\/2024\/10\/Alessia-Talarico-1365x2048.png 1365w, https:\/\/wicmtl.ca\/wp-content\/uploads\/2024\/10\/Alessia-Talarico.png 1600w\" sizes=\"auto, (max-width: 683px) 100vw, 683px\" \/><\/figure>\n\n\n\n<h3 class=\"gb-headline gb-headline-d510b9b4 gb-headline-text\"><strong>Alessia Talarico (&#8217;12<\/strong>)<\/h3>\n\n\n\n<p class=\"has-text-align-center\" style=\"font-size:16px;text-transform:capitalize\">Lawyer, BCF Business Law<\/p>\n\n<\/div><\/div><\/div>\n\n<div class=\"gb-grid-column gb-grid-column-76ffcbac\"><div class=\"gb-container gb-container-76ffcbac\"><div class=\"gb-inside-container\">\n\n<figure class=\"wp-block-image size-large\"><img loading=\"lazy\" decoding=\"async\" width=\"683\" height=\"1024\" src=\"https:\/\/wicmtl.ca\/wp-content\/uploads\/2024\/10\/Kelly-Solti-683x1024.png\" alt=\"\" class=\"wp-image-24115\" srcset=\"https:\/\/wicmtl.ca\/wp-content\/uploads\/2024\/10\/Kelly-Solti-683x1024.png 683w, https:\/\/wicmtl.ca\/wp-content\/uploads\/2024\/10\/Kelly-Solti-200x300.png 200w, https:\/\/wicmtl.ca\/wp-content\/uploads\/2024\/10\/Kelly-Solti-768x1152.png 768w, https:\/\/wicmtl.ca\/wp-content\/uploads\/2024\/10\/Kelly-Solti-50x75.png 50w, https:\/\/wicmtl.ca\/wp-content\/uploads\/2024\/10\/Kelly-Solti-1024x1536.png 1024w, https:\/\/wicmtl.ca\/wp-content\/uploads\/2024\/10\/Kelly-Solti-1365x2048.png 1365w, https:\/\/wicmtl.ca\/wp-content\/uploads\/2024\/10\/Kelly-Solti.png 1600w\" sizes=\"auto, (max-width: 683px) 100vw, 683px\" \/><\/figure>\n\n\n\n<h3 class=\"gb-headline gb-headline-276d585b gb-headline-text\"><strong>Kelly Solti (&#8217;97)<\/strong><\/h3>\n\n\n\n<p class=\"has-text-align-center\" style=\"font-size:16px;text-transform:capitalize\">Parent and Head of Marketing, Ardene<\/p>\n\n<\/div><\/div><\/div>\n\n<div class=\"gb-grid-column gb-grid-column-4f47a773\"><div class=\"gb-container gb-container-4f47a773\"><div class=\"gb-inside-container\">\n\n<figure class=\"wp-block-image size-large\"><img loading=\"lazy\" decoding=\"async\" width=\"683\" height=\"1024\" src=\"https:\/\/wicmtl.ca\/wp-content\/uploads\/2024\/10\/Justin-Orleans-683x1024.png\" alt=\"\" class=\"wp-image-24113\" srcset=\"https:\/\/wicmtl.ca\/wp-content\/uploads\/2024\/10\/Justin-Orleans-683x1024.png 683w, https:\/\/wicmtl.ca\/wp-content\/uploads\/2024\/10\/Justin-Orleans-200x300.png 200w, https:\/\/wicmtl.ca\/wp-content\/uploads\/2024\/10\/Justin-Orleans-768x1152.png 768w, https:\/\/wicmtl.ca\/wp-content\/uploads\/2024\/10\/Justin-Orleans-50x75.png 50w, https:\/\/wicmtl.ca\/wp-content\/uploads\/2024\/10\/Justin-Orleans-1024x1536.png 1024w, https:\/\/wicmtl.ca\/wp-content\/uploads\/2024\/10\/Justin-Orleans-1365x2048.png 1365w, https:\/\/wicmtl.ca\/wp-content\/uploads\/2024\/10\/Justin-Orleans.png 1600w\" sizes=\"auto, (max-width: 683px) 100vw, 683px\" \/><\/figure>\n\n\n\n<h3 class=\"gb-headline gb-headline-c9dcdc50 gb-headline-text\"><strong>Justin Orleans (&#8217;09)<\/strong><\/h3>\n\n\n\n<p class=\"has-text-align-center\" style=\"font-size:16px;text-transform:capitalize\">BCom, LL.B., J.D. and Assistant Vice-President of Robert Half<\/p>\n\n<\/div><\/div><\/div>\n<\/div>\n<\/div><\/div>\n\n<div class=\"gb-container gb-container-8aaeba77 alignfull\"><div class=\"gb-inside-container\">\n\n<div class=\"wp-block-cover alignfull\" style=\"min-height:600px;aspect-ratio:unset;\"><img loading=\"lazy\" decoding=\"async\" width=\"1280\" height=\"853\" class=\"wp-block-cover__image-background wp-image-930\" alt=\"\" src=\"https:\/\/wicmtl.ca\/wp-content\/uploads\/2022\/06\/Student-Leaders.jpeg\" style=\"object-position:40% 52%\" data-object-fit=\"cover\" data-object-position=\"40% 52%\" srcset=\"https:\/\/wicmtl.ca\/wp-content\/uploads\/2022\/06\/Student-Leaders.jpeg 1280w, https:\/\/wicmtl.ca\/wp-content\/uploads\/2022\/06\/Student-Leaders-300x200.jpeg 300w, https:\/\/wicmtl.ca\/wp-content\/uploads\/2022\/06\/Student-Leaders-1024x682.jpeg 1024w, https:\/\/wicmtl.ca\/wp-content\/uploads\/2022\/06\/Student-Leaders-768x512.jpeg 768w\" sizes=\"auto, (max-width: 1280px) 100vw, 1280px\" \/><span aria-hidden=\"true\" class=\"wp-block-cover__background has-background-dim-30 has-background-dim\"><\/span><div class=\"wp-block-cover__inner-container is-layout-flow wp-block-cover-is-layout-flow\">\n<h2 class=\"gb-headline gb-headline-ed79e4f9 gb-headline-text\"><mark class=\"has-inline-color has-base-3-color\" style=\"background-color: rgba(0, 0, 0, 0);\"><strong>Inspirez nos \u00e9tudiants<\/strong>\n<strong>Responsabiliser nos dipl\u00f4m\u00e9s<\/strong><\/mark><\/h2>\n<\/div><\/div>\n\n<\/div><\/div>","protected":false},"excerpt":{"rendered":"<p>Les membres du conseil d\u2019administration de la Fondation du Coll\u00e8ge de l\u2019Ouest de l\u2019\u00cele Les membres du Conseil d\u2019administration de la Fondation du Coll\u00e8ge de l\u2019Ouest de l\u2019\u00cele 2025-26:<\/p>\n","protected":false},"author":2,"featured_media":0,"parent":0,"menu_order":10,"comment_status":"closed","ping_status":"closed","template":"","meta":{"_themeisle_gutenberg_block_has_review":false,"footnotes":""},"class_list":["post-19617","page","type-page","status-publish"],"_links":{"self":[{"href":"https:\/\/wicmtl.ca\/fr\/wp-json\/wp\/v2\/pages\/19617","targetHints":{"allow":["GET"]}}],"collection":[{"href":"https:\/\/wicmtl.ca\/fr\/wp-json\/wp\/v2\/pages"}],"about":[{"href":"https:\/\/wicmtl.ca\/fr\/wp-json\/wp\/v2\/types\/page"}],"author":[{"embeddable":true,"href":"https:\/\/wicmtl.ca\/fr\/wp-json\/wp\/v2\/users\/2"}],"replies":[{"embeddable":true,"href":"https:\/\/wicmtl.ca\/fr\/wp-json\/wp\/v2\/comments?post=19617"}],"version-history":[{"count":25,"href":"https:\/\/wicmtl.ca\/fr\/wp-json\/wp\/v2\/pages\/19617\/revisions"}],"predecessor-version":[{"id":25695,"href":"https:\/\/wicmtl.ca\/fr\/wp-json\/wp\/v2\/pages\/19617\/revisions\/25695"}],"wp:attachment":[{"href":"https:\/\/wicmtl.ca\/fr\/wp-json\/wp\/v2\/media?parent=19617"}],"curies":[{"name":"wp","href":"https:\/\/api.w.org\/{rel}","templated":true}]}}