{"id":19616,"date":"2022-06-30T02:08:42","date_gmt":"2022-06-30T06:08:42","guid":{"rendered":"https:\/\/wicmtl.ca\/anciens-et-anciennes-eleves\/releve-de-notes\/"},"modified":"2023-05-30T16:49:33","modified_gmt":"2023-05-30T20:49:33","slug":"releve-de-notes","status":"publish","type":"page","link":"https:\/\/wicmtl.ca\/fr\/anciens-et-anciennes-eleves\/releve-de-notes\/","title":{"rendered":"Relev\u00e9 de notes"},"content":{"rendered":"<div class=\"gb-container gb-container-12a3963d alignfull\"><div class=\"gb-inside-container\">\n\n<h1 class=\"gb-headline gb-headline-148e96f9 gb-headline-text\">Relev\u00e9 de notes<\/h1>\n\n<\/div><\/div><div class=\"gb-container gb-container-8504f096\"><div class=\"gb-inside-container\">\n\n<p class=\"has-medium-font-size\">Pour obtenir une copie de votre relev\u00e9 de notes ou de votre dipl\u00f4me, vous devez faire parvenir une demande en ligne directement au Minist\u00e8re de l&#8217;\u00c9ducation.<\/p>\n\n\n\n<p class=\"has-medium-font-size\">Acc\u00e9der au site web du Minist\u00e8re de l\u2019\u00c9ducation Qu\u00e9bec \u00e0 :<br\/><a href=\"https:\/\/www.education.gouv.qc.ca\/\" rel=\"noopener\"><strong>https:\/\/www.education.gouv.qc.ca<\/strong><\/a> et remplir le formulaire en ligne.<\/p>\n\n\n\n<p class=\"has-medium-font-size\">Vous devrez cliquer sur \u00ab Demander un relev\u00e9 ou un dipl\u00f4me \u00bb, qui se situe \u00e0 droite sur la page, et remplir le formulaire ad\u00e9quat.<\/p>\n\n\n\n<p class=\"has-medium-font-size\">Les documents vous seront envoy\u00e9s par la poste dans un d\u00e9lai de <strong>10 jours ouvrables<\/strong>. Il n&#8217;y a pas de frais pour faire la demande. <\/p>\n\n<\/div><\/div><div class=\"gb-container gb-container-8aaeba77 alignfull\"><div class=\"gb-inside-container\">\n\n<div class=\"wp-block-cover alignfull is-light\" style=\"min-height:600px;aspect-ratio:unset;\"><span aria-hidden=\"true\" class=\"wp-block-cover__background has-background-dim-30 has-background-dim\"><\/span><img loading=\"lazy\" decoding=\"async\" width=\"1280\" height=\"853\" class=\"wp-block-cover__image-background wp-image-931\" alt=\"\" src=\"https:\/\/wicmtl.ca\/wp-content\/uploads\/2022\/06\/WICFRONTIMG_3695.jpeg\" style=\"object-position:50% 50%\" data-object-fit=\"cover\" data-object-position=\"50% 50%\" srcset=\"https:\/\/wicmtl.ca\/wp-content\/uploads\/2022\/06\/WICFRONTIMG_3695.jpeg 1280w, https:\/\/wicmtl.ca\/wp-content\/uploads\/2022\/06\/WICFRONTIMG_3695-300x200.jpeg 300w, https:\/\/wicmtl.ca\/wp-content\/uploads\/2022\/06\/WICFRONTIMG_3695-1024x682.jpeg 1024w, https:\/\/wicmtl.ca\/wp-content\/uploads\/2022\/06\/WICFRONTIMG_3695-768x512.jpeg 768w\" sizes=\"auto, (max-width: 1280px) 100vw, 1280px\" \/><div class=\"wp-block-cover__inner-container is-layout-flow wp-block-cover-is-layout-flow\">\n<p class=\"has-text-align-center has-large-font-size\"><\/p>\n<\/div><\/div>\n\n<\/div><\/div>","protected":false},"excerpt":{"rendered":"<p>Relev\u00e9 de notes Pour obtenir une copie de votre relev\u00e9 de notes ou de votre dipl\u00f4me, vous devez faire parvenir une demande en ligne directement au Minist\u00e8re de l&#8217;\u00c9ducation. Acc\u00e9der au site web du Minist\u00e8re de l\u2019\u00c9ducation Qu\u00e9bec \u00e0 :https:\/\/www.education.gouv.qc.ca et remplir le formulaire en ligne. Vous devrez cliquer sur \u00ab Demander un relev\u00e9 ou &#8230; <a title=\"Relev\u00e9 de notes\" class=\"read-more\" href=\"https:\/\/wicmtl.ca\/fr\/anciens-et-anciennes-eleves\/releve-de-notes\/\" aria-label=\"En savoir plus sur Relev\u00e9 de notes\">Lire plus<\/a><\/p>\n","protected":false},"author":2,"featured_media":0,"parent":19613,"menu_order":4,"comment_status":"closed","ping_status":"closed","template":"","meta":{"_themeisle_gutenberg_block_has_review":false,"footnotes":""},"class_list":["post-19616","page","type-page","status-publish"],"_links":{"self":[{"href":"https:\/\/wicmtl.ca\/fr\/wp-json\/wp\/v2\/pages\/19616","targetHints":{"allow":["GET"]}}],"collection":[{"href":"https:\/\/wicmtl.ca\/fr\/wp-json\/wp\/v2\/pages"}],"about":[{"href":"https:\/\/wicmtl.ca\/fr\/wp-json\/wp\/v2\/types\/page"}],"author":[{"embeddable":true,"href":"https:\/\/wicmtl.ca\/fr\/wp-json\/wp\/v2\/users\/2"}],"replies":[{"embeddable":true,"href":"https:\/\/wicmtl.ca\/fr\/wp-json\/wp\/v2\/comments?post=19616"}],"version-history":[{"count":9,"href":"https:\/\/wicmtl.ca\/fr\/wp-json\/wp\/v2\/pages\/19616\/revisions"}],"predecessor-version":[{"id":22278,"href":"https:\/\/wicmtl.ca\/fr\/wp-json\/wp\/v2\/pages\/19616\/revisions\/22278"}],"up":[{"embeddable":true,"href":"https:\/\/wicmtl.ca\/fr\/wp-json\/wp\/v2\/pages\/19613"}],"wp:attachment":[{"href":"https:\/\/wicmtl.ca\/fr\/wp-json\/wp\/v2\/media?parent=19616"}],"curies":[{"name":"wp","href":"https:\/\/api.w.org\/{rel}","templated":true}]}}