{"id":19615,"date":"2022-06-30T02:05:14","date_gmt":"2022-06-30T06:05:14","guid":{"rendered":"https:\/\/wicmtl.ca\/anciens-et-anciennes-eleves\/diplomes-distingue\/"},"modified":"2025-01-21T15:24:12","modified_gmt":"2025-01-21T20:24:12","slug":"diplomes-distingue","status":"publish","type":"page","link":"https:\/\/wicmtl.ca\/fr\/anciens-et-anciennes-eleves\/diplomes-distingue\/","title":{"rendered":"Dipl\u00f4m\u00e9s distingu\u00e9s"},"content":{"rendered":"<div class=\"gb-container gb-container-11028a19 alignfull\"><div class=\"gb-inside-container\">\n\n<h1 class=\"gb-headline gb-headline-1d612cd6 gb-headline-text\">Dipl\u00f4m\u00e9s distingu\u00e9s<\/h1>\n\n<\/div><\/div><div class=\"gb-container gb-container-688a4dd9\"><div class=\"gb-inside-container\">\n\n<p class=\"has-lg-font-size\">Notre force r\u00e9side dans l\u2019encouragement de tous les \u00e9l\u00e8ves \u00e0 d\u00e9couvrir leurs passions et \u00e0 r\u00e9aliser leur plein et unique potentiel en offrant une formidable gamme de possibilit\u00e9s que seule notre \u00e9cole peut offrir. <\/p>\n\n\n\n<p class=\"has-lg-font-size\">Notre r\u00e9seau de dipl\u00f4m\u00e9s (plus de 2 700 finissants partout dans le monde) est compos\u00e9 de femmes et d\u2019hommes \u0153uvrant dans une impressionnante vari\u00e9t\u00e9 de carri\u00e8res. Nos dipl\u00f4m\u00e9s transportent avec eux les valeurs et les croyances qui leur ont \u00e9t\u00e9 transmises durant leur passage au Coll\u00e8ge. Ils deviennent des citoyens responsables, bienveillants, altruistes et ouverts sur le monde.  <\/p>\n\n\n\n<p class=\"has-lg-font-size\">Au Coll\u00e8ge, nous sommes engag\u00e9s \u00e0 poursuivre l\u2019excellence, \u00e0 stimuler la passion du savoir et \u00e0 inculquer des valeurs fondamentales comme le respect, l\u2019esprit sportif, l\u2019empathie et la pers\u00e9v\u00e9rance, des outils indispensables pour assurer la r\u00e9ussite des \u00e9l\u00e8ves dans un monde sans cesse en \u00e9volution, aujourd\u2019hui et demain.<\/p>\n\n\n\n<p class=\"has-lg-font-size\">Pour nommer des anciens \u00e9l\u00e8ves qui pourraient figurer sur cette page, veuillez <strong><a href=\"mailto:alumni@wicmtl.ca\">cliquer ici<\/a><\/strong>.<\/p>\n\n<\/div><\/div><div class=\"gb-container gb-container-06a97dd3\"><div class=\"gb-inside-container\">\n<div class=\"gb-grid-wrapper gb-grid-wrapper-74475e98 wic-portrait-grid\">\n<div class=\"gb-grid-column gb-grid-column-7903b400\"><div class=\"gb-container gb-container-7903b400\"><div class=\"gb-inside-container\">\n\n<figure class=\"wp-block-image aligncenter size-full is-resized\"><img loading=\"lazy\" decoding=\"async\" src=\"https:\/\/wicmtl.ca\/wp-content\/uploads\/2022\/06\/cmacleod-e1656617637727.jpeg\" alt=\"\" class=\"wp-image-1194\" width=\"250\" height=\"250\" srcset=\"https:\/\/wicmtl.ca\/wp-content\/uploads\/2022\/06\/cmacleod-e1656617637727.jpeg 199w, https:\/\/wicmtl.ca\/wp-content\/uploads\/2022\/06\/cmacleod-e1656617637727-150x150.jpeg 150w\" sizes=\"auto, (max-width: 250px) 100vw, 250px\" \/><\/figure>\n\n\n\n<h3 class=\"gb-headline gb-headline-a7e2098e gb-headline-text\"><strong>CATHERINE MACLEOD<\/strong>\r\n<strong>(\u201979)<\/strong><\/h3>\n\n\n\n<p style=\"font-size:16px;text-transform:capitalize\">Biblioth\u00e9caire Parlementaire Adjointe, Colline du Parlement, Ottawa<\/p>\n\n<\/div><\/div><\/div>\n\n<div class=\"gb-grid-column gb-grid-column-48ae7f38\"><div class=\"gb-container gb-container-48ae7f38\"><div class=\"gb-inside-container\">\n\n<figure class=\"wp-block-image aligncenter size-full is-resized\"><img loading=\"lazy\" decoding=\"async\" src=\"https:\/\/wicmtl.ca\/wp-content\/uploads\/2022\/06\/J-Saputo-1-e1656617549748.jpeg\" alt=\"\" class=\"wp-image-1199\" width=\"250\" height=\"250\" srcset=\"https:\/\/wicmtl.ca\/wp-content\/uploads\/2022\/06\/J-Saputo-1-e1656617549748.jpeg 200w, https:\/\/wicmtl.ca\/wp-content\/uploads\/2022\/06\/J-Saputo-1-e1656617549748-150x150.jpeg 150w\" sizes=\"auto, (max-width: 250px) 100vw, 250px\" \/><\/figure>\n\n\n\n<h3 class=\"gb-headline gb-headline-c887f246 gb-headline-text\"><strong><strong>joey saputo<\/strong><\/strong>\r\n<strong><strong>(\u201981)<\/strong><\/strong><\/h3>\n\n\n\n<p style=\"font-size:16px\">Fondateur et Pr\u00e9sident du Conseil Impact de Montr\u00e9al<\/p>\n\n<\/div><\/div><\/div>\n\n<div class=\"gb-grid-column gb-grid-column-acf47e34\"><div class=\"gb-container gb-container-acf47e34\"><div class=\"gb-inside-container\">\n\n<figure class=\"wp-block-image aligncenter size-full is-resized\"><img loading=\"lazy\" decoding=\"async\" src=\"https:\/\/wicmtl.ca\/wp-content\/uploads\/2022\/06\/simon-barry-e1656617415276.jpeg\" alt=\"\" class=\"wp-image-1212\" width=\"250\" height=\"250\" srcset=\"https:\/\/wicmtl.ca\/wp-content\/uploads\/2022\/06\/simon-barry-e1656617415276.jpeg 300w, https:\/\/wicmtl.ca\/wp-content\/uploads\/2022\/06\/simon-barry-e1656617415276-150x150.jpeg 150w\" sizes=\"auto, (max-width: 250px) 100vw, 250px\" \/><\/figure>\n\n\n\n<h3 class=\"gb-headline gb-headline-5b6c0e53 gb-headline-text\"><strong><strong><strong>simon barry<\/strong><\/strong><\/strong>\r\n<strong><strong><strong>(\u201983)<\/strong><\/strong><\/strong><\/h3>\n\n\n\n<p style=\"font-size:16px\">R\u00e9alisateur, Sc\u00e9nariste et Producteur de Films et de Contenu T\u00e9l\u00e9visuel Canadien (Vancouver)<\/p>\n\n<\/div><\/div><\/div>\n\n<div class=\"gb-grid-column gb-grid-column-0777c9e4\"><div class=\"gb-container gb-container-0777c9e4\"><div class=\"gb-inside-container\">\n\n<figure class=\"wp-block-image aligncenter size-full is-resized\"><img loading=\"lazy\" decoding=\"async\" src=\"https:\/\/wicmtl.ca\/wp-content\/uploads\/2022\/06\/elizabeth-turcke.jpeg\" alt=\"\" class=\"wp-image-1198\" width=\"250\" height=\"250\" srcset=\"https:\/\/wicmtl.ca\/wp-content\/uploads\/2022\/06\/elizabeth-turcke.jpeg 246w, https:\/\/wicmtl.ca\/wp-content\/uploads\/2022\/06\/elizabeth-turcke-150x150.jpeg 150w\" sizes=\"auto, (max-width: 250px) 100vw, 250px\" \/><\/figure>\n\n\n\n<h3 class=\"gb-headline gb-headline-ae358404 gb-headline-text\"><strong>elizabeth turcke<\/strong>\r\n<strong>(\u201984)<\/strong><\/h3>\n\n\n\n<p style=\"font-size:16px\">Fondatrice et Directrice G\u00e9n\u00e9rale de Leahurst College<\/p>\n\n<\/div><\/div><\/div>\n\n<div class=\"gb-grid-column gb-grid-column-0d9cbb89\"><div class=\"gb-container gb-container-0d9cbb89\"><div class=\"gb-inside-container\">\n\n<figure class=\"wp-block-image aligncenter size-full is-resized\"><img loading=\"lazy\" decoding=\"async\" src=\"https:\/\/wicmtl.ca\/wp-content\/uploads\/2022\/06\/paul-barry-e1656617746893.jpeg\" alt=\"\" class=\"wp-image-1206\" width=\"250\" height=\"250\" srcset=\"https:\/\/wicmtl.ca\/wp-content\/uploads\/2022\/06\/paul-barry-e1656617746893.jpeg 300w, https:\/\/wicmtl.ca\/wp-content\/uploads\/2022\/06\/paul-barry-e1656617746893-150x150.jpeg 150w\" sizes=\"auto, (max-width: 250px) 100vw, 250px\" \/><\/figure>\n\n\n\n<h3 class=\"gb-headline gb-headline-aea6b518 gb-headline-text\"><strong>paul barry<\/strong>\r\n<strong>(\u201985)<\/strong><\/h3>\n\n\n\n<p style=\"font-size:16px;text-transform:capitalize\">R\u00e9alisateur et Producteur de Films (Hollywood)<\/p>\n\n<\/div><\/div><\/div>\n\n<div class=\"gb-grid-column gb-grid-column-61ce667f\"><div class=\"gb-container gb-container-61ce667f\"><div class=\"gb-inside-container\">\n\n<figure class=\"wp-block-image aligncenter size-full is-resized\"><img loading=\"lazy\" decoding=\"async\" src=\"https:\/\/wicmtl.ca\/wp-content\/uploads\/2022\/06\/M-Fleming.jpeg\" alt=\"\" class=\"wp-image-1204\" width=\"250\" height=\"250\" srcset=\"https:\/\/wicmtl.ca\/wp-content\/uploads\/2022\/06\/M-Fleming.jpeg 158w, https:\/\/wicmtl.ca\/wp-content\/uploads\/2022\/06\/M-Fleming-150x150.jpeg 150w\" sizes=\"auto, (max-width: 250px) 100vw, 250px\" \/><\/figure>\n\n\n\n<h3 class=\"gb-headline gb-headline-26c2f376 gb-headline-text\"><strong>mark fleming<\/strong>\r\n<strong>(\u201988)<\/strong><\/h3>\n\n\n\n<p style=\"font-size:16px\">Associ\u00e9 Vice-Pr\u00e9sident, Pratique du Contentieux des Appels et de la Cour Supr\u00eame, Wilmer Hale (Boston)<\/p>\n\n<\/div><\/div><\/div>\n\n<div class=\"gb-grid-column gb-grid-column-b0cedda9\"><div class=\"gb-container gb-container-b0cedda9\"><div class=\"gb-inside-container\">\n\n<figure class=\"wp-block-image aligncenter size-full is-resized\"><img loading=\"lazy\" decoding=\"async\" src=\"https:\/\/wicmtl.ca\/wp-content\/uploads\/2022\/06\/Allison-Neapole-e1448548686623-1-e1656617724324.jpeg\" alt=\"\" class=\"wp-image-1217\" width=\"250\" height=\"250\" srcset=\"https:\/\/wicmtl.ca\/wp-content\/uploads\/2022\/06\/Allison-Neapole-e1448548686623-1-e1656617724324.jpeg 300w, https:\/\/wicmtl.ca\/wp-content\/uploads\/2022\/06\/Allison-Neapole-e1448548686623-1-e1656617724324-150x150.jpeg 150w\" sizes=\"auto, (max-width: 250px) 100vw, 250px\" \/><\/figure>\n\n\n\n<h3 class=\"gb-headline gb-headline-39e7f8b1 gb-headline-text\"><strong>allison neapole<\/strong>\r\n<strong>(\u201988)<\/strong><\/h3>\n\n\n\n<p style=\"font-size:16px;text-transform:capitalize\">Conseill\u00e8re Juridique Senior, Addax Petroleum<\/p>\n\n<\/div><\/div><\/div>\n\n<div class=\"gb-grid-column gb-grid-column-fde04103\"><div class=\"gb-container gb-container-fde04103\"><div class=\"gb-inside-container\">\n\n<figure class=\"wp-block-image aligncenter size-thumbnail is-resized\"><img loading=\"lazy\" decoding=\"async\" src=\"https:\/\/wicmtl.ca\/wp-content\/uploads\/2022\/06\/S-Curry-1-150x150.jpeg\" alt=\"\" class=\"wp-image-1208\" width=\"250\" height=\"250\" srcset=\"https:\/\/wicmtl.ca\/wp-content\/uploads\/2022\/06\/S-Curry-1-150x150.jpeg 150w, https:\/\/wicmtl.ca\/wp-content\/uploads\/2022\/06\/S-Curry-1.jpeg 240w\" sizes=\"auto, (max-width: 250px) 100vw, 250px\" \/><\/figure>\n\n\n\n<h3 class=\"gb-headline gb-headline-c92dff2e gb-headline-text\"><strong>sam curry<\/strong>\r\n<strong>(\u201989)<\/strong><\/h3>\n\n\n\n<p style=\"font-size:16px\">Responsable de la S\u00e9curit\u00e9 chez Cybereason, et Professeur Invit\u00e9 Institut de la S\u00e9curit\u00e9 Nationale (Mass).<\/p>\n\n<\/div><\/div><\/div>\n\n<div class=\"gb-grid-column gb-grid-column-df588c37\"><div class=\"gb-container gb-container-df588c37\"><div class=\"gb-inside-container\">\n\n<figure class=\"wp-block-image aligncenter size-full is-resized\"><img loading=\"lazy\" decoding=\"async\" src=\"https:\/\/wicmtl.ca\/wp-content\/uploads\/2022\/06\/R-Guinto.jpeg\" alt=\"\" class=\"wp-image-1207\" width=\"250\" height=\"250\" srcset=\"https:\/\/wicmtl.ca\/wp-content\/uploads\/2022\/06\/R-Guinto.jpeg 224w, https:\/\/wicmtl.ca\/wp-content\/uploads\/2022\/06\/R-Guinto-150x150.jpeg 150w\" sizes=\"auto, (max-width: 250px) 100vw, 250px\" \/><\/figure>\n\n\n\n<h3 class=\"gb-headline gb-headline-f9472518 gb-headline-text\"><strong><strong><strong>rachel guinto<\/strong><\/strong><\/strong>\r\n<strong><strong><strong>(\u201989)<\/strong><\/strong><\/strong><\/h3>\n\n\n\n<p style=\"font-size:16px;text-transform:capitalize\">Vice-Pr\u00e9sidente Adjointe, Global Information Security Risk Management, Manulife (Toronto)<\/p>\n\n<\/div><\/div><\/div>\n\n<div class=\"gb-grid-column gb-grid-column-89e87caf\"><div class=\"gb-container gb-container-89e87caf\"><div class=\"gb-inside-container\">\n\n<figure class=\"wp-block-image aligncenter size-full is-resized\"><img loading=\"lazy\" decoding=\"async\" src=\"https:\/\/wicmtl.ca\/wp-content\/uploads\/2022\/06\/craig-kaplan.jpeg\" alt=\"\" class=\"wp-image-1196\" width=\"250\" height=\"250\" srcset=\"https:\/\/wicmtl.ca\/wp-content\/uploads\/2022\/06\/craig-kaplan.jpeg 227w, https:\/\/wicmtl.ca\/wp-content\/uploads\/2022\/06\/craig-kaplan-150x150.jpeg 150w\" sizes=\"auto, (max-width: 250px) 100vw, 250px\" \/><\/figure>\n\n\n\n<h3 class=\"gb-headline gb-headline-30b73807 gb-headline-text\"><strong><strong><strong>craig kaplan<\/strong><\/strong><\/strong>\r\n<strong><strong><strong>(\u201990)<\/strong><\/strong><\/strong><\/h3>\n\n\n\n<p style=\"font-size:16px\">Professeur Agr\u00e9g\u00e9, Cheriton School of Computer Science \u00e0 L\u2019Universit\u00e9 de Waterloo<\/p>\n\n<\/div><\/div><\/div>\n\n<div class=\"gb-grid-column gb-grid-column-5e1572d1\"><div class=\"gb-container gb-container-5e1572d1\"><div class=\"gb-inside-container\">\n\n<figure class=\"wp-block-image aligncenter size-full is-resized\"><img loading=\"lazy\" decoding=\"async\" src=\"https:\/\/wicmtl.ca\/wp-content\/uploads\/2022\/06\/carolyn-neapole.jpeg\" alt=\"\" class=\"wp-image-1193\" width=\"250\" height=\"250\" srcset=\"https:\/\/wicmtl.ca\/wp-content\/uploads\/2022\/06\/carolyn-neapole.jpeg 227w, https:\/\/wicmtl.ca\/wp-content\/uploads\/2022\/06\/carolyn-neapole-150x150.jpeg 150w\" sizes=\"auto, (max-width: 250px) 100vw, 250px\" \/><\/figure>\n\n\n\n<h3 class=\"gb-headline gb-headline-9c6e84d9 gb-headline-text\"><strong><strong><strong>carolyn neapole<\/strong><\/strong><\/strong>\r\n<strong><strong><strong>(\u201990)<\/strong><\/strong><\/strong><\/h3>\n\n\n\n<p style=\"font-size:16px;text-transform:capitalize\">Chanteuse, Compositrice-Interpr\u00e8te<\/p>\n\n<\/div><\/div><\/div>\n\n<div class=\"gb-grid-column gb-grid-column-1d64d707\"><div class=\"gb-container gb-container-1d64d707\"><div class=\"gb-inside-container\">\n\n<figure class=\"wp-block-image aligncenter size-full is-resized is-style-default\"><img loading=\"lazy\" decoding=\"async\" src=\"https:\/\/wicmtl.ca\/wp-content\/uploads\/2022\/06\/sasha-roiz.jpeg\" alt=\"\" class=\"wp-image-1210\" width=\"250\" height=\"250\" srcset=\"https:\/\/wicmtl.ca\/wp-content\/uploads\/2022\/06\/sasha-roiz.jpeg 236w, https:\/\/wicmtl.ca\/wp-content\/uploads\/2022\/06\/sasha-roiz-150x150.jpeg 150w\" sizes=\"auto, (max-width: 250px) 100vw, 250px\" \/><\/figure>\n\n\n\n<h3 class=\"gb-headline gb-headline-1d8afa18 gb-headline-text\"><strong><strong><strong>sasha roiz<\/strong><\/strong><\/strong>\r\n<strong><strong><strong>(\u201990)<\/strong><\/strong><\/strong><\/h3>\n\n\n\n<p style=\"font-size:16px;text-transform:capitalize\">Acteur<\/p>\n\n<\/div><\/div><\/div>\n\n<div class=\"gb-grid-column gb-grid-column-5238127b\"><div class=\"gb-container gb-container-5238127b\"><div class=\"gb-inside-container\">\n\n<figure class=\"wp-block-image aligncenter size-full is-resized\"><img loading=\"lazy\" decoding=\"async\" src=\"https:\/\/wicmtl.ca\/wp-content\/uploads\/2022\/06\/Jeff-Roop-e1656617530177.jpeg\" alt=\"\" class=\"wp-image-1201\" width=\"250\" height=\"250\" srcset=\"https:\/\/wicmtl.ca\/wp-content\/uploads\/2022\/06\/Jeff-Roop-e1656617530177.jpeg 200w, https:\/\/wicmtl.ca\/wp-content\/uploads\/2022\/06\/Jeff-Roop-e1656617530177-150x150.jpeg 150w\" sizes=\"auto, (max-width: 250px) 100vw, 250px\" \/><\/figure>\n\n\n\n<h3 class=\"gb-headline gb-headline-95fed3ca gb-headline-text\"><strong>jeff roop<\/strong>\r\n<strong>(\u201990)\u00a0<\/strong><\/h3>\n\n\n\n<p style=\"font-size:16px\">Acteur, R\u00e9alisateur (Los Angeles et Toronto)<\/p>\n\n<\/div><\/div><\/div>\n\n<div class=\"gb-grid-column gb-grid-column-4a68abcf\"><div class=\"gb-container gb-container-4a68abcf\"><div class=\"gb-inside-container\">\n\n<figure class=\"wp-block-image aligncenter size-full is-resized\"><img loading=\"lazy\" decoding=\"async\" src=\"https:\/\/wicmtl.ca\/wp-content\/uploads\/2022\/06\/Kate-Arthur_Portrait-e1656617594594.jpeg\" alt=\"\" class=\"wp-image-1202\" width=\"250\" height=\"250\" srcset=\"https:\/\/wicmtl.ca\/wp-content\/uploads\/2022\/06\/Kate-Arthur_Portrait-e1656617594594.jpeg 187w, https:\/\/wicmtl.ca\/wp-content\/uploads\/2022\/06\/Kate-Arthur_Portrait-e1656617594594-150x150.jpeg 150w\" sizes=\"auto, (max-width: 250px) 100vw, 250px\" \/><\/figure>\n\n\n\n<h3 class=\"gb-headline gb-headline-52cb272b gb-headline-text\"><strong><strong><strong>kate arthur<\/strong><\/strong><\/strong>\r\n<strong><strong><strong>(\u201991)<\/strong><\/strong><\/strong><\/h3>\n\n\n\n<p style=\"font-size:16px\">Fondatrice et PDG, Kidscode Jeunesse Entrepreneur \/ Innovateur Visa de L\u2019Ann\u00e9e 2019<\/p>\n\n<\/div><\/div><\/div>\n\n<div class=\"gb-grid-column gb-grid-column-741e4048\"><div class=\"gb-container gb-container-741e4048\"><div class=\"gb-inside-container\">\n\n<figure class=\"wp-block-image aligncenter size-full is-resized\"><img loading=\"lazy\" decoding=\"async\" src=\"https:\/\/wicmtl.ca\/wp-content\/uploads\/2022\/06\/craig-hutchinson.jpeg\" alt=\"\" class=\"wp-image-1195\" width=\"250\" height=\"250\" srcset=\"https:\/\/wicmtl.ca\/wp-content\/uploads\/2022\/06\/craig-hutchinson.jpeg 240w, https:\/\/wicmtl.ca\/wp-content\/uploads\/2022\/06\/craig-hutchinson-150x150.jpeg 150w\" sizes=\"auto, (max-width: 250px) 100vw, 250px\" \/><\/figure>\n\n\n\n<h3 class=\"gb-headline gb-headline-59b02037 gb-headline-text\"><strong><strong><strong>craig hutchison<\/strong><\/strong><\/strong>\r\n<strong><strong><strong>(\u201992)<\/strong><\/strong><\/strong><\/h3>\n\n\n\n<p style=\"font-size:16px\">Athl\u00e8te Olympique (Sydney 2000)<\/p>\n\n<\/div><\/div><\/div>\n\n<div class=\"gb-grid-column gb-grid-column-af601816\"><div class=\"gb-container gb-container-af601816\"><div class=\"gb-inside-container\">\n\n<figure class=\"wp-block-image aligncenter size-full is-resized\"><img loading=\"lazy\" decoding=\"async\" src=\"https:\/\/wicmtl.ca\/wp-content\/uploads\/2022\/06\/lydia-lukidis.jpeg\" alt=\"\" class=\"wp-image-1203\" width=\"250\" height=\"250\" srcset=\"https:\/\/wicmtl.ca\/wp-content\/uploads\/2022\/06\/lydia-lukidis.jpeg 167w, https:\/\/wicmtl.ca\/wp-content\/uploads\/2022\/06\/lydia-lukidis-150x150.jpeg 150w\" sizes=\"auto, (max-width: 250px) 100vw, 250px\" \/><\/figure>\n\n\n\n<h3 class=\"gb-headline gb-headline-5f3ba353 gb-headline-text\"><strong><strong><strong>lydia lukidis<\/strong><\/strong><\/strong>\r\n<strong><strong><strong>(\u201992)<\/strong><\/strong><\/strong><\/h3>\n\n\n\n<p style=\"font-size:16px;text-transform:capitalize\">Auteure<\/p>\n\n<\/div><\/div><\/div>\n\n<div class=\"gb-grid-column gb-grid-column-8b64bd8e\"><div class=\"gb-container gb-container-8b64bd8e\"><div class=\"gb-inside-container\">\n\n<figure class=\"wp-block-image aligncenter size-full is-resized\"><img loading=\"lazy\" decoding=\"async\" src=\"https:\/\/wicmtl.ca\/wp-content\/uploads\/2022\/06\/Shant-Madjarian.jpeg\" alt=\"\" class=\"wp-image-1211\" width=\"250\" height=\"250\"\/><\/figure>\n\n\n\n<h3 class=\"gb-headline gb-headline-e273621d gb-headline-text\"><strong><strong><strong>shant madjarian<\/strong><\/strong><\/strong>\r\n<strong><strong><strong>(\u201992)<\/strong><\/strong><\/strong><\/h3>\n\n\n\n<p style=\"font-size:16px;text-transform:capitalize\">Foundateur, Juniper (New York)<\/p>\n\n<\/div><\/div><\/div>\n\n<div class=\"gb-grid-column gb-grid-column-0d38da83\"><div class=\"gb-container gb-container-0d38da83\"><div class=\"gb-inside-container\">\n\n<figure class=\"wp-block-image aligncenter size-full is-resized\"><img loading=\"lazy\" decoding=\"async\" src=\"https:\/\/wicmtl.ca\/wp-content\/uploads\/2022\/06\/jean-fahmy.jpeg\" alt=\"\" class=\"wp-image-1200\" width=\"250\" height=\"250\" srcset=\"https:\/\/wicmtl.ca\/wp-content\/uploads\/2022\/06\/jean-fahmy.jpeg 171w, https:\/\/wicmtl.ca\/wp-content\/uploads\/2022\/06\/jean-fahmy-150x150.jpeg 150w\" sizes=\"auto, (max-width: 250px) 100vw, 250px\" \/><\/figure>\n\n\n\n<h3 class=\"gb-headline gb-headline-829fe899 gb-headline-text\"><strong><strong><strong>jean fahmy<\/strong><\/strong><\/strong>\r\n<strong><strong><strong>(\u201993)<\/strong><\/strong><\/strong><\/h3>\n\n\n\n<p style=\"font-size:16px\">Pr\u00e9sident et Fondateur \u00e0 V10 Data Inc. et VP Technologie d&#8217;Auto123.com<\/p>\n\n<\/div><\/div><\/div>\n\n<div class=\"gb-grid-column gb-grid-column-1014714f\"><div class=\"gb-container gb-container-1014714f\"><div class=\"gb-inside-container\">\n\n<figure class=\"wp-block-image aligncenter size-full is-resized\"><img loading=\"lazy\" decoding=\"async\" src=\"https:\/\/wicmtl.ca\/wp-content\/uploads\/2022\/06\/dr-jeff-golan.jpeg\" alt=\"\" class=\"wp-image-1197\" width=\"250\" height=\"250\" srcset=\"https:\/\/wicmtl.ca\/wp-content\/uploads\/2022\/06\/dr-jeff-golan.jpeg 200w, https:\/\/wicmtl.ca\/wp-content\/uploads\/2022\/06\/dr-jeff-golan-150x150.jpeg 150w\" sizes=\"auto, (max-width: 250px) 100vw, 250px\" \/><\/figure>\n\n\n\n<h3 class=\"gb-headline gb-headline-cba01bd4 gb-headline-text\"><strong><strong><strong>dr. jeff golan<\/strong><\/strong><\/strong>\r\n<strong><strong><strong>(\u201994)<\/strong><\/strong><\/strong><\/h3>\n\n\n\n<p style=\"font-size:16px;text-transform:capitalize\">Directeur M\u00e9dical, Neurochirurgie, H\u00f4pital G\u00e9n\u00e9ral Juif (Montr\u00e9al)<\/p>\n\n<\/div><\/div><\/div>\n\n<div class=\"gb-grid-column gb-grid-column-a962b58d\"><div class=\"gb-container gb-container-a962b58d\"><div class=\"gb-inside-container\">\n\n<figure class=\"wp-block-image aligncenter size-full is-resized\"><img loading=\"lazy\" decoding=\"async\" src=\"https:\/\/wicmtl.ca\/wp-content\/uploads\/2022\/06\/vatche-bertekian.jpeg\" alt=\"\" class=\"wp-image-1214\" width=\"250\" height=\"250\" srcset=\"https:\/\/wicmtl.ca\/wp-content\/uploads\/2022\/06\/vatche-bertekian.jpeg 175w, https:\/\/wicmtl.ca\/wp-content\/uploads\/2022\/06\/vatche-bertekian-150x150.jpeg 150w\" sizes=\"auto, (max-width: 250px) 100vw, 250px\" \/><\/figure>\n\n\n\n<h3 class=\"gb-headline gb-headline-4387158f gb-headline-text\"><strong><strong><strong>vatche bertekian<\/strong><\/strong><\/strong>\r\n<strong><strong><strong>(\u201995)<\/strong><\/strong><\/strong><\/h3>\n\n\n\n<p style=\"font-size:16px;text-transform:capitalize\">Pr\u00e9sident, Vantage Biotrials<\/p>\n\n<\/div><\/div><\/div>\n\n<div class=\"gb-grid-column gb-grid-column-57004ed2\"><div class=\"gb-container gb-container-57004ed2\"><div class=\"gb-inside-container\">\n\n<figure class=\"wp-block-image aligncenter size-full is-resized\"><img loading=\"lazy\" decoding=\"async\" src=\"https:\/\/wicmtl.ca\/wp-content\/uploads\/2022\/06\/nadine-borduas.jpeg\" alt=\"\" class=\"wp-image-1205\" width=\"250\" height=\"250\" srcset=\"https:\/\/wicmtl.ca\/wp-content\/uploads\/2022\/06\/nadine-borduas.jpeg 198w, https:\/\/wicmtl.ca\/wp-content\/uploads\/2022\/06\/nadine-borduas-150x150.jpeg 150w\" sizes=\"auto, (max-width: 250px) 100vw, 250px\" \/><\/figure>\n\n\n\n<h3 class=\"gb-headline gb-headline-a8bf1b55 gb-headline-text\"><strong><strong><strong>dr. nadine borduas-dedekind<\/strong><\/strong><\/strong>\r\n<strong><strong><strong>(\u201903)<\/strong><\/strong><\/strong><\/h3>\n\n\n\n<p style=\"font-size:16px\">Assistante de Recherches Postdoctorales \u00e0 l\u2019Universit\u00e9 de Toronto<\/p>\n\n<\/div><\/div><\/div>\n\n<div class=\"gb-grid-column gb-grid-column-7b80f65e\"><div class=\"gb-container gb-container-7b80f65e\"><div class=\"gb-inside-container\">\n\n<figure class=\"wp-block-image aligncenter size-full is-resized\"><img loading=\"lazy\" decoding=\"async\" src=\"https:\/\/wicmtl.ca\/wp-content\/uploads\/2022\/06\/S-Soor-e1656617473998.jpeg\" alt=\"\" class=\"wp-image-1209\" width=\"250\" height=\"250\" srcset=\"https:\/\/wicmtl.ca\/wp-content\/uploads\/2022\/06\/S-Soor-e1656617473998.jpeg 300w, https:\/\/wicmtl.ca\/wp-content\/uploads\/2022\/06\/S-Soor-e1656617473998-150x150.jpeg 150w\" sizes=\"auto, (max-width: 250px) 100vw, 250px\" \/><\/figure>\n\n\n\n<h3 class=\"gb-headline gb-headline-a156bcb0 gb-headline-text\"><strong><strong><strong>shobhita soor, llb\/mba<\/strong><\/strong><\/strong>\r\n<strong><strong><strong>(\u201905)<\/strong><\/strong><\/strong><\/h3>\n\n\n\n<p style=\"font-size:16px\">Co-Fondatrice et Chief Impact Officer d&#8217;Aspire Food Group. Nomm\u00e9e une des 30 Under 30 de Forbes.<\/p>\n\n<\/div><\/div><\/div>\n\n<div class=\"gb-grid-column gb-grid-column-98fc7926\"><div class=\"gb-container gb-container-98fc7926\"><div class=\"gb-inside-container\">\n\n<figure class=\"wp-block-image aligncenter size-full is-resized\"><img loading=\"lazy\" decoding=\"async\" src=\"https:\/\/wicmtl.ca\/wp-content\/uploads\/2022\/06\/T-Safran-e1656617383231.jpeg\" alt=\"\" class=\"wp-image-1213\" width=\"250\" height=\"250\" srcset=\"https:\/\/wicmtl.ca\/wp-content\/uploads\/2022\/06\/T-Safran-e1656617383231.jpeg 195w, https:\/\/wicmtl.ca\/wp-content\/uploads\/2022\/06\/T-Safran-e1656617383231-150x150.jpeg 150w\" sizes=\"auto, (max-width: 250px) 100vw, 250px\" \/><\/figure>\n\n\n\n<h3 class=\"gb-headline gb-headline-aac4f80b gb-headline-text\"><strong><strong><strong>tyler safran md<\/strong><\/strong><\/strong>\r\n<strong><strong><strong>(\u201911)<\/strong><\/strong><\/strong><\/h3>\n\n\n\n<p style=\"font-size:16px;text-transform:capitalize\">Chirurgie Plastique et Reconstructive, Universit\u00e9 McGill (Chirurgien R\u00e9sident) Recherche Chirurgicale \u2013 Centre Universitaire de Sant\u00e9 McGill<\/p>\n\n<\/div><\/div><\/div>\n<\/div>\n<\/div><\/div>","protected":false},"excerpt":{"rendered":"<p>Dipl\u00f4m\u00e9s distingu\u00e9s Notre force r\u00e9side dans l\u2019encouragement de tous les \u00e9l\u00e8ves \u00e0 d\u00e9couvrir leurs passions et \u00e0 r\u00e9aliser leur plein et unique potentiel en offrant une formidable gamme de possibilit\u00e9s que seule notre \u00e9cole peut offrir. Notre r\u00e9seau de dipl\u00f4m\u00e9s (plus de 2 700 finissants partout dans le monde) est compos\u00e9 de femmes et d\u2019hommes &#8230; <a title=\"Dipl\u00f4m\u00e9s distingu\u00e9s\" class=\"read-more\" href=\"https:\/\/wicmtl.ca\/fr\/anciens-et-anciennes-eleves\/diplomes-distingue\/\" aria-label=\"En savoir plus sur Dipl\u00f4m\u00e9s distingu\u00e9s\">Lire plus<\/a><\/p>\n","protected":false},"author":2,"featured_media":0,"parent":19613,"menu_order":3,"comment_status":"closed","ping_status":"closed","template":"","meta":{"_themeisle_gutenberg_block_has_review":false,"footnotes":""},"class_list":["post-19615","page","type-page","status-publish"],"_links":{"self":[{"href":"https:\/\/wicmtl.ca\/fr\/wp-json\/wp\/v2\/pages\/19615","targetHints":{"allow":["GET"]}}],"collection":[{"href":"https:\/\/wicmtl.ca\/fr\/wp-json\/wp\/v2\/pages"}],"about":[{"href":"https:\/\/wicmtl.ca\/fr\/wp-json\/wp\/v2\/types\/page"}],"author":[{"embeddable":true,"href":"https:\/\/wicmtl.ca\/fr\/wp-json\/wp\/v2\/users\/2"}],"replies":[{"embeddable":true,"href":"https:\/\/wicmtl.ca\/fr\/wp-json\/wp\/v2\/comments?post=19615"}],"version-history":[{"count":24,"href":"https:\/\/wicmtl.ca\/fr\/wp-json\/wp\/v2\/pages\/19615\/revisions"}],"predecessor-version":[{"id":24666,"href":"https:\/\/wicmtl.ca\/fr\/wp-json\/wp\/v2\/pages\/19615\/revisions\/24666"}],"up":[{"embeddable":true,"href":"https:\/\/wicmtl.ca\/fr\/wp-json\/wp\/v2\/pages\/19613"}],"wp:attachment":[{"href":"https:\/\/wicmtl.ca\/fr\/wp-json\/wp\/v2\/media?parent=19615"}],"curies":[{"name":"wp","href":"https:\/\/api.w.org\/{rel}","templated":true}]}}