{"id":19614,"date":"2022-06-17T18:44:14","date_gmt":"2022-06-17T22:44:14","guid":{"rendered":"https:\/\/wicmtl.ca\/opportunites-emploi\/"},"modified":"2026-04-04T23:54:06","modified_gmt":"2026-04-05T03:54:06","slug":"opportunites-emploi","status":"publish","type":"page","link":"https:\/\/wicmtl.ca\/fr\/opportunites-emploi\/","title":{"rendered":"Opportunit\u00e9s d\u2019emploi"},"content":{"rendered":"<div class=\"gb-container gb-container-9afdaaed alignfull\"><div class=\"gb-inside-container\">\n\n<h1 class=\"gb-headline gb-headline-5dbdfed7 gb-headline-text\">Opportunit\u00e9s d\u2019emploi<\/h1>\n\n<\/div><\/div>\n\n<div class=\"gb-container gb-container-911af8c1 careers-list\"><div class=\"gb-inside-container\">\n\n<h2 class=\"gb-headline gb-headline-a7575f0e gb-headline-text\">Nous sommes actuellement \u00e0 la recherche de candidats qualifi\u00e9s pour les postes suivants:<\/h2>\n\n\n<div class=\"gb-container gb-container-8927d386 career-card\">\n<div class=\"gb-container gb-container-049c2285\"><div class=\"gb-inside-container\">\n\n<div class=\"wp-block-columns is-layout-flex wp-container-core-columns-is-layout-9d6595d7 wp-block-columns-is-layout-flex\">\n<div class=\"wp-block-column is-layout-flow wp-block-column-is-layout-flow\" style=\"flex-basis:66.66%\">\n<h4 class=\"gb-headline gb-headline-dc81cb2b gb-headline-text\">Enseignant.e de fran\u00e7ais<\/h4>\n<\/div>\n\n\n\n<div class=\"wp-block-column is-layout-flow wp-block-column-is-layout-flow\" style=\"flex-basis:33.33%\">\n<div id=\"wp-block-themeisle-blocks-button-group-987c69c8\" class=\"wp-block-themeisle-blocks-button-group wp-block-buttons align-right-desktop\">\n<div id=\"wp-block-themeisle-blocks-button-f781648c\" class=\"wp-block-themeisle-blocks-button wp-block-button\"><a href=\"https:\/\/wicmtl.ca\/wp-content\/uploads\/2026\/03\/Posting-Enseignant.e-de-francais-2026-1.pdf\" target=\"_self\" rel=\"noopener noreferrer\" class=\"wp-block-button__link\"><span>Lire la description de poste<\/span><\/a><\/div>\n<\/div>\n<\/div>\n<\/div>\n\n<\/div><\/div>\n\n<div class=\"gb-container gb-container-2751b7ef\"><div class=\"gb-inside-container\">\n\n<div class=\"wp-block-columns is-layout-flex wp-container-core-columns-is-layout-9d6595d7 wp-block-columns-is-layout-flex\">\n<div class=\"wp-block-column is-layout-flow wp-block-column-is-layout-flow\" style=\"flex-basis:66.66%\">\n<h4 class=\"gb-headline gb-headline-d52238c0 gb-headline-text\">oRTHOP\u00c9DAGOGUE<\/h4>\n<\/div>\n\n\n\n<div class=\"wp-block-column is-layout-flow wp-block-column-is-layout-flow\" style=\"flex-basis:33.33%\">\n<div id=\"wp-block-themeisle-blocks-button-group-cf6c0213\" class=\"wp-block-themeisle-blocks-button-group wp-block-buttons align-right-desktop\">\n<div id=\"wp-block-themeisle-blocks-button-ea110974\" class=\"wp-block-themeisle-blocks-button wp-block-button\"><a href=\"https:\/\/wicmtl.ca\/wp-content\/uploads\/2026\/03\/Orthopedagogue-en-milieu-scolaire-2026-FR.pdf\" target=\"_self\" rel=\"noopener noreferrer\" class=\"wp-block-button__link\"><span>Lire la description de poste<\/span><\/a><\/div>\n<\/div>\n<\/div>\n<\/div>\n\n<\/div><\/div>\n<\/div>\n\n<div class=\"gb-container gb-container-378ec06c\">\n\n<p class=\"has-text-align-center has-medium-font-size\"><div>Vous souhaitez rejoindre l\u2019\u00e9quipe de WIC, mais ne voyez pas de poste disponible dans votre domaine d\u2019int\u00e9r\u00eat? Envoyez votre CV \u00e0 Lise Lafontaine \u00e0 <a href=\"mailto:rh@wicmtl.ca\" target=\"_blank\" rel=\"noreferrer noopener\">rh@wicmtl.ca<\/a>\u00a0pour rejoindre notre banque de candidatures. Une opportunit\u00e9 excitante pourrait se pr\u00e9senter tr\u00e8s bient\u00f4t !<\/div><br\/><div><\/div><\/p>\n\n<\/div>\n<\/div><\/div>\n\n<div class=\"gb-container gb-container-1f4fc53a alignfull\"><div class=\"gb-inside-container\">\n\n<div class=\"wp-block-cover alignfull\" style=\"min-height:600px;aspect-ratio:unset;\"><img loading=\"lazy\" decoding=\"async\" width=\"1024\" height=\"682\" class=\"wp-block-cover__image-background wp-image-26099 size-large\" alt=\"\" src=\"https:\/\/wicmtl.ca\/wp-content\/uploads\/2026\/01\/RBP_7525-1024x682.jpg\" style=\"object-position:56% 24%\" data-object-fit=\"cover\" data-object-position=\"56% 24%\" srcset=\"https:\/\/wicmtl.ca\/wp-content\/uploads\/2026\/01\/RBP_7525-1024x682.jpg 1024w, https:\/\/wicmtl.ca\/wp-content\/uploads\/2026\/01\/RBP_7525-300x200.jpg 300w, https:\/\/wicmtl.ca\/wp-content\/uploads\/2026\/01\/RBP_7525-768x511.jpg 768w, https:\/\/wicmtl.ca\/wp-content\/uploads\/2026\/01\/RBP_7525-50x33.jpg 50w, https:\/\/wicmtl.ca\/wp-content\/uploads\/2026\/01\/RBP_7525-1600x1065.jpg 1600w, https:\/\/wicmtl.ca\/wp-content\/uploads\/2026\/01\/RBP_7525-1536x1022.jpg 1536w, https:\/\/wicmtl.ca\/wp-content\/uploads\/2026\/01\/RBP_7525-2048x1363.jpg 2048w\" sizes=\"auto, (max-width: 1024px) 100vw, 1024px\" \/><span aria-hidden=\"true\" class=\"wp-block-cover__background has-black-background-color has-background-dim\"><\/span><div class=\"wp-block-cover__inner-container is-layout-flow wp-block-cover-is-layout-flow\">\n<h4 class=\"gb-headline gb-headline-eaa9ec55 gb-headline-text\"><mark class=\"has-inline-color has-wic-yellow-color\" style=\"background-color: rgba(0, 0, 0, 0);\">\u00cates-vous qualifi\u00e9?<\/mark><\/h4>\n\n\n\n<h2 class=\"gb-headline gb-headline-34b811a5 gb-headline-text\"><mark class=\"has-inline-color has-base-3-color\" style=\"background-color: rgba(0, 0, 0, 0);\">Envoyez votre CV par e-mail<\/mark><\/h2>\n\n\n\n<div class=\"wp-block-buttons is-content-justification-center is-layout-flex wp-container-core-buttons-is-layout-16018d1d wp-block-buttons-is-layout-flex\">\n<div class=\"wp-block-button\"><a class=\"wp-block-button__link has-custom-font-size wp-element-button\" href=\"mailto:secretaires@wicmtl.ca\" style=\"font-size:16px\" target=\"_blank\" rel=\"noreferrer noopener\">Rejoignez-nous<\/a><\/div>\n<\/div>\n<\/div><\/div>\n\n<\/div><\/div>","protected":false},"excerpt":{"rendered":"<p>Opportunit\u00e9s d\u2019emploi Nous sommes actuellement \u00e0 la recherche de candidats qualifi\u00e9s pour les postes suivants: Enseignant.e de fran\u00e7ais oRTHOP\u00c9DAGOGUE Vous souhaitez rejoindre l\u2019\u00e9quipe de WIC, mais ne voyez pas de poste disponible dans votre domaine d\u2019int\u00e9r\u00eat? Envoyez votre CV \u00e0 Lise Lafontaine \u00e0 rh@wicmtl.ca\u00a0pour rejoindre notre banque de candidatures. Une opportunit\u00e9 excitante pourrait se pr\u00e9senter &#8230; <a title=\"Opportunit\u00e9s d\u2019emploi\" class=\"read-more\" href=\"https:\/\/wicmtl.ca\/fr\/opportunites-emploi\/\" aria-label=\"En savoir plus sur Opportunit\u00e9s d\u2019emploi\">Lire plus<\/a><\/p>\n","protected":false},"author":2,"featured_media":0,"parent":0,"menu_order":6,"comment_status":"closed","ping_status":"closed","template":"","meta":{"_themeisle_gutenberg_block_has_review":false,"footnotes":""},"class_list":["post-19614","page","type-page","status-publish"],"_links":{"self":[{"href":"https:\/\/wicmtl.ca\/fr\/wp-json\/wp\/v2\/pages\/19614","targetHints":{"allow":["GET"]}}],"collection":[{"href":"https:\/\/wicmtl.ca\/fr\/wp-json\/wp\/v2\/pages"}],"about":[{"href":"https:\/\/wicmtl.ca\/fr\/wp-json\/wp\/v2\/types\/page"}],"author":[{"embeddable":true,"href":"https:\/\/wicmtl.ca\/fr\/wp-json\/wp\/v2\/users\/2"}],"replies":[{"embeddable":true,"href":"https:\/\/wicmtl.ca\/fr\/wp-json\/wp\/v2\/comments?post=19614"}],"version-history":[{"count":117,"href":"https:\/\/wicmtl.ca\/fr\/wp-json\/wp\/v2\/pages\/19614\/revisions"}],"predecessor-version":[{"id":26247,"href":"https:\/\/wicmtl.ca\/fr\/wp-json\/wp\/v2\/pages\/19614\/revisions\/26247"}],"wp:attachment":[{"href":"https:\/\/wicmtl.ca\/fr\/wp-json\/wp\/v2\/media?parent=19614"}],"curies":[{"name":"wp","href":"https:\/\/api.w.org\/{rel}","templated":true}]}}