{"id":19602,"date":"2022-06-17T18:33:17","date_gmt":"2022-06-17T22:33:17","guid":{"rendered":"https:\/\/wicmtl.ca\/vie-scolaire\/une-vie-scolaire-equilibree\/"},"modified":"2023-05-30T15:00:20","modified_gmt":"2023-05-30T19:00:20","slug":"une-vie-scolaire-equilibree","status":"publish","type":"page","link":"https:\/\/wicmtl.ca\/fr\/vie-scolaire\/une-vie-scolaire-equilibree\/","title":{"rendered":"Une vie scolaire \u00e9quilibr\u00e9e"},"content":{"rendered":"<div class=\"gb-container gb-container-4ea999cd alignfull\"><div class=\"gb-inside-container\">\n\n<h1 class=\"gb-headline gb-headline-8cf576b8 gb-headline-text\">Une vie scolaire \u00e9quilibr\u00e9e<\/h1>\n\n<\/div><\/div><div class=\"gb-container gb-container-f70f1967\"><div class=\"gb-inside-container\">\n\n<p class=\"has-lg-font-size\">Nous sommes d\u2019avis que l\u2019apprentissage s\u2019ex\u00e9cute aussi bien \u00e0 l\u2019int\u00e9rieur des murs de l\u2019\u00e9cole qu\u2019\u00e0 l\u2019ext\u00e9rieur. Les comp\u00e9tences de vie comme le leadership, le travail collaboratif, les communications efficaces et la cr\u00e9ativit\u00e9 sont d\u00e9velopp\u00e9es par l\u2019entremise d\u2019une vari\u00e9t\u00e9 d\u2019activit\u00e9s qui rehaussent l\u2019exp\u00e9rience d\u2019apprentissage. <\/p>\n\n\n\n<p class=\"has-lg-font-size\">Offrant<strong> <\/strong>plus de 40 clubs et sports parascolaires<strong> <\/strong>parmi lesquels choisir, les \u00e9l\u00e8ves sont invit\u00e9s \u00e0 explorer une gamme \u00e9tendue d\u2019int\u00e9r\u00eats et d\u2019activit\u00e9s. <\/p>\n\n\n\n<p class=\"has-lg-font-size\">Les liens d\u2019amiti\u00e9, les exp\u00e9riences et les le\u00e7ons que les \u00e9l\u00e8ves en retirent sont des valeurs qui les accompagneront tout le long de leur parcours dans la vie pour devenir des adultes accomplis et \u00e9panouis. Les \u00e9l\u00e8ves sont encourag\u00e9s \u00e0 participer \u00e0 au moins une activit\u00e9 parascolaire par \u00e9tape.<\/p>\n\n<\/div><\/div><div class=\"gb-container gb-container-8aaeba77 alignfull\"><div class=\"gb-inside-container\">\n\n<div class=\"wp-block-cover aligncenter is-light\" style=\"min-height:600px;aspect-ratio:unset;\"><span aria-hidden=\"true\" class=\"wp-block-cover__background has-background-dim-30 has-background-dim\"><\/span><img loading=\"lazy\" decoding=\"async\" width=\"1280\" height=\"854\" class=\"wp-block-cover__image-background wp-image-1110\" alt=\"\" src=\"https:\/\/wicmtl.ca\/wp-content\/uploads\/2022\/06\/seniors5428.jpeg\" style=\"object-position:48% 12%\" data-object-fit=\"cover\" data-object-position=\"48% 12%\" srcset=\"https:\/\/wicmtl.ca\/wp-content\/uploads\/2022\/06\/seniors5428.jpeg 1280w, https:\/\/wicmtl.ca\/wp-content\/uploads\/2022\/06\/seniors5428-300x200.jpeg 300w, https:\/\/wicmtl.ca\/wp-content\/uploads\/2022\/06\/seniors5428-1024x683.jpeg 1024w, https:\/\/wicmtl.ca\/wp-content\/uploads\/2022\/06\/seniors5428-768x512.jpeg 768w\" sizes=\"auto, (max-width: 1280px) 100vw, 1280px\" \/><div class=\"wp-block-cover__inner-container is-layout-flow wp-block-cover-is-layout-flow\">\n<p class=\"has-text-align-center has-large-font-size\"><\/p>\n<\/div><\/div>\n\n<\/div><\/div>","protected":false},"excerpt":{"rendered":"<p>Une vie scolaire \u00e9quilibr\u00e9e Nous sommes d\u2019avis que l\u2019apprentissage s\u2019ex\u00e9cute aussi bien \u00e0 l\u2019int\u00e9rieur des murs de l\u2019\u00e9cole qu\u2019\u00e0 l\u2019ext\u00e9rieur. Les comp\u00e9tences de vie comme le leadership, le travail collaboratif, les communications efficaces et la cr\u00e9ativit\u00e9 sont d\u00e9velopp\u00e9es par l\u2019entremise d\u2019une vari\u00e9t\u00e9 d\u2019activit\u00e9s qui rehaussent l\u2019exp\u00e9rience d\u2019apprentissage. Offrant plus de 40 clubs et sports parascolaires &#8230; <a title=\"Une vie scolaire \u00e9quilibr\u00e9e\" class=\"read-more\" href=\"https:\/\/wicmtl.ca\/fr\/vie-scolaire\/une-vie-scolaire-equilibree\/\" aria-label=\"En savoir plus sur Une vie scolaire \u00e9quilibr\u00e9e\">Lire plus<\/a><\/p>\n","protected":false},"author":2,"featured_media":0,"parent":19584,"menu_order":6,"comment_status":"closed","ping_status":"closed","template":"","meta":{"_themeisle_gutenberg_block_has_review":false,"footnotes":""},"class_list":["post-19602","page","type-page","status-publish"],"_links":{"self":[{"href":"https:\/\/wicmtl.ca\/fr\/wp-json\/wp\/v2\/pages\/19602","targetHints":{"allow":["GET"]}}],"collection":[{"href":"https:\/\/wicmtl.ca\/fr\/wp-json\/wp\/v2\/pages"}],"about":[{"href":"https:\/\/wicmtl.ca\/fr\/wp-json\/wp\/v2\/types\/page"}],"author":[{"embeddable":true,"href":"https:\/\/wicmtl.ca\/fr\/wp-json\/wp\/v2\/users\/2"}],"replies":[{"embeddable":true,"href":"https:\/\/wicmtl.ca\/fr\/wp-json\/wp\/v2\/comments?post=19602"}],"version-history":[{"count":5,"href":"https:\/\/wicmtl.ca\/fr\/wp-json\/wp\/v2\/pages\/19602\/revisions"}],"predecessor-version":[{"id":22280,"href":"https:\/\/wicmtl.ca\/fr\/wp-json\/wp\/v2\/pages\/19602\/revisions\/22280"}],"up":[{"embeddable":true,"href":"https:\/\/wicmtl.ca\/fr\/wp-json\/wp\/v2\/pages\/19584"}],"wp:attachment":[{"href":"https:\/\/wicmtl.ca\/fr\/wp-json\/wp\/v2\/media?parent=19602"}],"curies":[{"name":"wp","href":"https:\/\/api.w.org\/{rel}","templated":true}]}}