{"id":19600,"date":"2022-06-17T18:33:01","date_gmt":"2022-06-17T22:33:01","guid":{"rendered":"https:\/\/wicmtl.ca\/vie-scolaire\/uniforme\/"},"modified":"2023-05-30T15:03:00","modified_gmt":"2023-05-30T19:03:00","slug":"uniforme","status":"publish","type":"page","link":"https:\/\/wicmtl.ca\/fr\/vie-scolaire\/uniforme\/","title":{"rendered":"Uniforme"},"content":{"rendered":"<div class=\"gb-container gb-container-85bff057 alignfull\"><div class=\"gb-inside-container\">\n\n<h1 class=\"gb-headline gb-headline-aa4656c8 gb-headline-text\">Uniforme<\/h1>\n\n<\/div><\/div><div class=\"gb-container gb-container-cd570177\"><div class=\"gb-inside-container\">\n\n<p class=\"has-lg-font-size\">Au Coll\u00e8ge de l\u2019Ouest de l\u2019\u00cele, nous croyons qu\u2019un uniforme encourage un sentiment de fiert\u00e9 WIC, l\u2019esprit scolaire et un sentiment d\u2019appartenance chez nos \u00e9l\u00e8ves. Cette politique permet \u00e9galement \u00e0 la communaut\u00e9 en g\u00e9n\u00e9ral de reconna\u00eetre nos \u00e9l\u00e8ves comme un groupe de jeunes gens qui partagent un id\u00e9al et des objectifs communs : la poursuite de l\u2019excellence individuelle. <\/p>\n\n\n\n<p class=\"has-lg-font-size\">Tous les \u00e9l\u00e8ves sont tenus de se pr\u00e9senter et de repartir du Coll\u00e8ge en uniforme. Les \u00e9l\u00e8ves doivent \u00e9galement porter l\u2019uniforme en tout temps \u00e0 l\u2019\u00e9cole. <\/p>\n\n<\/div><\/div><div class=\"gb-container gb-container-227d2f0a alignfull\"><div class=\"gb-inside-container\">\n\n<h2 class=\"has-text-align-center has-h-4-font-size wp-block-heading\" style=\"font-style:normal;font-weight:700\">Achat d&#8217;uniforme<\/h2>\n\n\n\n<div class=\"wp-block-columns is-layout-flex wp-container-core-columns-is-layout-9d6595d7 wp-block-columns-is-layout-flex\">\n<div class=\"wp-block-column is-layout-flow wp-block-column-is-layout-flow\">\n<h3 class=\"gb-headline gb-headline-5361b7bd gb-headline-text\"><strong>Nouveaux Uniformes<\/strong><\/h3>\n\n\n\n<p class=\"has-lg-font-size\">Veuillez cliquer sur <strong><a rel=\"noreferrer noopener\" href=\"https:\/\/topmarks.ca\/\" target=\"_blank\">ce lien ( code : WIC01 )<\/a><\/strong> pour acheter un nouvel uniforme chez notre fournisseur Top Marks. <\/p>\n\n\n\n<p class=\"has-lg-font-size\">Veuillez trouver ci-joint les informations concernant la commande d\u2019uniforme aupr\u00e8s de Top Marks, pour l\u2019uniforme du Coll\u00e8ge pour l\u2019ann\u00e9e scolaire 2022-2023. Top Marks demande votre coop\u00e9ration pour soumettre les commandes <strong>avant le 15 juin 2022<\/strong>, afin de garantir la livraison de votre commande, avant le d\u00e9but de l\u2019ann\u00e9e scolaire. <\/p>\n\n\n\n<p class=\"has-lg-font-size\">Ces documents comprennent:<\/p>\n\n\n\n<ul class=\"has-lg-font-size wp-block-list\"><li><strong><a rel=\"noreferrer noopener\" href=\"https:\/\/wicmtl.ca\/wp-content\/uploads\/2022\/06\/Letter-Top-Marks.pdf\" target=\"_blank\">Lettre<\/a><\/strong> mettant en \u00e9vidence le processus de commande en ligne (LIEN) ainsi qu\u2019un compte rendu d\u00e9taill\u00e9 des diff\u00e9rentes \u00e9tapes du processus (compte tenu de la fermeture de la salle de montre).<\/li><li>Un document de processus de <strong><a rel=\"noreferrer noopener\" href=\"https:\/\/wicmtl.ca\/wp-content\/uploads\/2022\/05\/Steps-Top-Marks-2022.pdf\" target=\"_blank\">commande \u00e9tape par \u00e9tape (LIEN)<\/a><\/strong> (une simple r\u00e9f\u00e9rence des \u00e9tapes 1 \u00e0 5 que les parents peuvent utiliser).<\/li><li><strong><a rel=\"noreferrer noopener\" href=\"https:\/\/wicmtl.ca\/wp-content\/uploads\/2022\/06\/Order-forms-Top-Marks.pdf\" target=\"_blank\">Les bons de commande (LIEN)<\/a> et les <a rel=\"noreferrer noopener\" href=\"https:\/\/wicmtl.ca\/wp-content\/uploads\/2022\/06\/Size-chart-Top-Marks-2022.pdf\" target=\"_blank\">tableaux de tailles (LIEN)<\/a>.<\/strong><\/li><\/ul>\n\n\n\n<p class=\"has-lg-font-size\">Veuillez adresser vos questions concernant les mesures, la livraison, etc. directement \u00e0 Top Marks.<\/p>\n<\/div>\n\n\n\n<div class=\"wp-block-column is-layout-flow wp-block-column-is-layout-flow\">\n<h3 class=\"gb-headline gb-headline-78966dcb gb-headline-text\"><strong>Vente d\u2019uniformes d\u2019occasion<\/strong><\/h3>\n\n\n\n<p class=\"has-lg-font-size\">Compte tenu de la situation actuelle, WIC <strong>ne pourra pas<\/strong> organiser une vente d\u2019uniformes d\u2019occasion. Au lieu de cela, nous avons cr\u00e9\u00e9 une <strong><a rel=\"noopener\" href=\"\" target=\"\">page Facebook<\/a><\/strong> pour les parents.  L\u2019\u00e9cole ne sera pas impliqu\u00e9e dans la vente ou l\u2019achat d\u2019uniformes usag\u00e9s. Veuillez vous r\u00e9f\u00e9rer aux <a rel=\"noopener\" href=\"\" target=\"\"><strong>conditions d\u2019utilisation<\/strong><\/a>. <\/p>\n\n\n<div id=\"gutenslider-sxdv7q6f8\" class=\"wp-block-eedee-block-gutenslider gs-frontend content-change alignnone arrow-style-1 arrow-position-sides arrow-mb-none arrows-lg arrows-md arrows-sm dot-style-1 dots-lg dots-md dots-sm dot-position-bottom is-position-center-center mb-none wrap-auto-height\" data-parallax-direction=\"down\" data-parallax-amount=\"1.3\" data-lg-transition=\"lg-slide\" data-hash=\"\" ><div class=\"eedee-swiper-outer\" style=\"--gutenslider-min-height: 30vh;--gutenslider-arrow-size: 30px;--gutenslider-dot-size: 25px;--gutenslider-arrow-color: #ffffff;--gutenslider-dot-color: #ffffff;--gutenslider-padding-y-mobile: 40px;--gutenslider-padding-x-mobile: 40px;--gutenslider-padding-y-tablet: 40px;--gutenslider-padding-x-tablet: 40px;--gutenslider-padding-y-desktop: 40px;--gutenslider-padding-x-desktop: 40px;--gutenslider-bg-image: url();--gutenslider-min-height-md: 50vh;--gutenslider-min-height-sm: 50vh;--gutenslider-padding-x: 40px;--gutenslider-padding-x-md: 40px;--gutenslider-padding-x-sm: 20px;--gutenslider-padding-y: 40px;--gutenslider-padding-y-md: 40px;--gutenslider-padding-y-sm: 20px;--gutenslider-arrow-size-md: 30px;--gutenslider-arrow-size-sm: 30px;--gutenslider-dot-size-md: 25px;--gutenslider-dot-size-sm: 25px;--gutenslider-arrow-bg-color: transparent;--gutenslider-arrow-hover-color: #eeeeee;--gutenslider-arrow-bg-hover-color: transparent;--gutenslider-arrow-x-offset: 10px;--gutenslider-arrow-x-offset-md: 10px;--gutenslider-arrow-x-offset-sm: 10px;--gutenslider-arrow-y-offset: 0px;--gutenslider-arrow-y-offset-md: 0px;--gutenslider-arrow-y-offset-sm: 0px;--gutenslider-arrow-x-spacing: 0px;--gutenslider-dot-y-offset: 10px;--gutenslider-dot-y-offset-md: 10px;--gutenslider-dot-y-offset-sm: 10px;--gutenslider-margin-x: 0px;--gutenslider-margin-x-md: 0px;--gutenslider-margin-x-sm: 0px;--gutenslider-margin-y: 0px;--gutenslider-margin-y-md: 0px;--gutenslider-margin-y-sm: 0px;--gutenslider-divider-top: 60px;--gutenslider-divider-bottom: 60px;--gutenslider-lightgallery-bg: #ffffff;--gutenslider-lightgallery-font: #000000;--gs-first-pos: 50% 50%;--gs-gap-vertical: var( --wp--style--gallery-gap-default, var( --gallery-block--gutter-size, var( --wp--style--block-gap, 0.5em ) ) );--gs-gap-horizontal: var( --wp--style--gallery-gap-default, var( --gallery-block--gutter-size, var( --wp--style--block-gap, 0.5em ) ) );\"><div class=\"gutenslider-divider-top\" style=\"color:#fff;\"><\/div><div class=\"swiper\" data-settings='{\"autoplay\":{\"delay\":3000,\"pauseOnMouseEnter\":true,\"disableOnInteraction\":false},\"speed\":700,\"direction\":\"horizontal\",\"autoHeight\":\"\",\"loop\":true,\"centeredSlides\":true,\"spaceBetween\":0,\"slidesPerView\":1,\"slidesPerGroup\":1,\"effect\":\"slide\",\"coverflowEffect\":{\"rotate\":30,\"slideShadows\":false,\"depth\":100,\"stretch\":50,\"modifier\":1},\"fadeEffect\":{\"crossFade\":true},\"zoom\":\"\",\"navigation\":{\"nextEl\":\"#gutenslider-sxdv7q6f8 .eedee-gutenslider-next\",\"prevEl\":\"#gutenslider-sxdv7q6f8 .eedee-gutenslider-prev\"},\"pagination\":{\"type\":\"bullets\",\"clickable\":true,\"dynamicBullets\":false,\"el\":\"#gutenslider-sxdv7q6f8 .eedee-gutenslider-pagination\"},\"pauseOnHover\":\"1\",\"watchSlidesProgress\":true,\"watchSlidesVisibility\":true,\"settingsMd\":{\"autoHeight\":\"\",\"slidesPerView\":1,\"slidesPerGroup\":1,\"spaceBetween\":0,\"loop\":true},\"settingsLg\":{\"autoHeight\":\"\",\"slidesPerView\":1,\"slidesPerGroup\":1,\"spaceBetween\":0,\"loop\":true},\"hasLg\":false,\"hasLgCounter\":true,\"isFullScreen\":false,\"arrowsFollowMouse\":false,\"lgTitle\":\"none\",\"lgCaption\":\"none\",\"lgThumbnails\":true,\"lgZoomEnabled\":false,\"keyboard\":{\"keyboard\":{\"enabled\":true,\"onlyInViewport\":true}},\"hashNavigation\":false,\"dividers\":false}'><div class=\"swiper-wrapper\">\n<div class=\"swiper-slide wp-block-eedee-block-gutenslide is-position-center-center ed-bg-image\" style=\"--ed-vw:300;--ed-vh:200;\" data-hash=\"\"><div class=\"eedee-background-div bg-image\"><img loading=\"lazy\" width=\"1024\" height=\"682\" class=\"wp-image-19434\" src=\"https:\/\/wicmtl.ca\/wp-content\/uploads\/2022\/07\/Junior-uniform-1024x682.jpg\" alt=\"\" decoding=\"async\" style=\"object-fit: cover; object-position: 50% 50%;\"  data-title=\"Junior uniform\" srcset=\"https:\/\/wicmtl.ca\/wp-content\/uploads\/2022\/07\/Junior-uniform-1024x682.jpg 1024w, https:\/\/wicmtl.ca\/wp-content\/uploads\/2022\/07\/Junior-uniform-300x200.jpg 300w, https:\/\/wicmtl.ca\/wp-content\/uploads\/2022\/07\/Junior-uniform-768x512.jpg 768w, https:\/\/wicmtl.ca\/wp-content\/uploads\/2022\/07\/Junior-uniform.jpg 1280w\" sizes=\"auto, (max-width: 1024px) 100vw, 1024px\" \/><div class=\"eedee-background-div__overlay\" style=\"opacity:1;\"><\/div><\/div><div class=\"slide-content\">\n\n<p class=\"has-text-align-center gutenslider-content-initial has-larger-font-size\"><\/p>\n\n<\/div><\/div>\n\n<div class=\"swiper-slide wp-block-eedee-block-gutenslide is-position-center-center ed-bg-image\" style=\"--ed-vw:300;--ed-vh:200;\" data-hash=\"\"><div class=\"eedee-background-div bg-image\"><img class=\"wp-image-972\" src=\"https:\/\/wicmtl.ca\/wp-content\/uploads\/2022\/06\/INTERACTIMG_0026-1-e1657375624337-1024x864.jpeg\" alt=\"\" decoding=\"async\" style=\"object-fit: cover; object-position: 50% 50%;\"  data-title=\"INTERACTIMG_0026\" \/><div class=\"eedee-background-div__overlay\" style=\"opacity:1;\"><\/div><\/div><div class=\"slide-content\">\n\n<p class=\"has-text-align-center gutenslider-content-initial has-larger-font-size\"><\/p>\n\n<\/div><\/div>\n<\/div><\/div><button class=\"eedee-gutenslider-nav eedee-gutenslider-prev\"><svg xmlns=\"http:\/\/www.w3.org\/2000\/svg\" viewBox=\"0 0 24 24\" width=\"24\" height=\"24\"><circle class=\"bg\" cx=\"13\" cy=\"12\" r=\"11\" \/><path fill=\"none\" d=\"M0 0h24v24H0z\"\/><path class=\"arrow\" d=\"M10.828 12l4.95 4.95-1.414 1.414L8 12l6.364-6.364 1.414 1.414z\"\/><\/svg><\/button><button class=\"eedee-gutenslider-nav eedee-gutenslider-next\"><svg xmlns=\"http:\/\/www.w3.org\/2000\/svg\" viewBox=\"0 0 24 24\" width=\"24\" height=\"24\"><circle class=\"bg\" cx=\"11\" cy=\"12\" r=\"11\" \/><path fill=\"none\" d=\"M0 0h24v24H0z\"\/><path class=\"arrow\" d=\"M13.172 12l-4.95-4.95 1.414-1.414L16 12l-6.364 6.364-1.414-1.414z\"\/><\/svg><\/button><div class=\"eedee-gutenslider-pagination\"><\/div><div class=\"gutenslider-divider-bottom \" style=\"color:#fff;\"><\/div><\/div><\/div><\/div>\n<\/div>\n\n<\/div><\/div><div class=\"gb-container gb-container-1279855b\"><div class=\"gb-inside-container\">\n\n<h2 class=\"gb-headline gb-headline-ccd83def gb-headline-text\"><strong>Uniforme officiel <\/strong><\/h2>\n\n\n\n<div class=\"wp-block-columns is-layout-flex wp-container-core-columns-is-layout-201b4ec5 wp-block-columns-is-layout-flex\">\n<div class=\"wp-block-column is-vertically-aligned-center is-layout-flow wp-block-column-is-layout-flow\" style=\"flex-basis:55%\">\n<figure class=\"wp-block-image size-large\"><img loading=\"lazy\" decoding=\"async\" width=\"1024\" height=\"609\" src=\"https:\/\/wicmtl.ca\/wp-content\/uploads\/2022\/06\/youngIMG_3370-1024x609.jpeg\" alt=\"\" class=\"wp-image-1239\" srcset=\"https:\/\/wicmtl.ca\/wp-content\/uploads\/2022\/06\/youngIMG_3370-1024x609.jpeg 1024w, https:\/\/wicmtl.ca\/wp-content\/uploads\/2022\/06\/youngIMG_3370-300x178.jpeg 300w, https:\/\/wicmtl.ca\/wp-content\/uploads\/2022\/06\/youngIMG_3370-768x457.jpeg 768w, https:\/\/wicmtl.ca\/wp-content\/uploads\/2022\/06\/youngIMG_3370.jpeg 1280w\" sizes=\"auto, (max-width: 1024px) 100vw, 1024px\" \/><\/figure>\n<\/div>\n\n\n\n<div class=\"wp-block-column is-vertically-aligned-center is-layout-flow wp-block-column-is-layout-flow\" style=\"flex-basis:45%\">\n<h3 class=\"gb-headline gb-headline-a47fd93f gb-headline-text\"><strong>\u00c9l\u00e8ves de premier cycle (1re et 2e secondaire)<\/strong><\/h3>\n\n\n\n<p class=\"has-lg-font-size\">\u25cf Cardigan vert, manches longues avec fermeture \u00e9clair (veuillez noter que les cardigans avec des boutons ne sont plus autoris\u00e9s)<br\/>\u25cf Jupe-short grise ou pantalons gris (achet\u00e9e chez Top Marks)<br\/>\u25cf Chemise blanche \u00e0 manches longues ou courtes(pas de col \u00e0 pointes boutonn\u00e9es)<br\/>\u25cf Cravate de l\u2019\u00e9cole<br\/>\u25cfChaussettes grises ou collants noirs. Les chaussettes port\u00e9es avecla jupe-short doivent \u00eatre \u00e0 <strong>hauteur des genoux<\/strong> <br\/>\u25cf <a rel=\"noreferrer noopener\" href=\"https:\/\/drive.google.com\/file\/d\/1HgcbeicyKo_LMEdUTl-gNu8sFYXTOZXQ\/view?usp=sharing\" target=\"_blank\"><strong>Chaussures de ville noires en cuir, pouvant \u00eatre cir\u00e9es<\/strong><\/a> <\/p>\n<\/div>\n<\/div>\n\n<\/div><\/div><div class=\"gb-container gb-container-8249935c alignfull\"><div class=\"gb-inside-container\">\n\n<div class=\"wp-block-columns is-layout-flex wp-container-core-columns-is-layout-201b4ec5 wp-block-columns-is-layout-flex\">\n<div class=\"wp-block-column is-vertically-aligned-center is-layout-flow wp-block-column-is-layout-flow\" style=\"flex-basis:45%\">\n<h3 class=\"gb-headline gb-headline-4abd9193 gb-headline-text\"><strong>\u00c9l\u00e8ves de deuxi\u00e8me cycle (3e et 4e secondaire)<\/strong><\/h3>\n\n\n\n<p class=\"has-lg-font-size\">Pour les \u00e9l\u00e8ves de deuxi\u00e8me cycle, le cardigan vert est remplac\u00e9 par un veston noir avec l\u2019\u00e9cusson du Coll\u00e8ge. De plus, la jupe-short est remplac\u00e9e par une jupe \u00e9cossaise. Les pantalons sont les m\u00eames.  <\/p>\n<\/div>\n\n\n\n<div class=\"wp-block-column is-vertically-aligned-center is-layout-flow wp-block-column-is-layout-flow\" style=\"flex-basis:55%\">\n<figure class=\"wp-block-image size-large\"><img loading=\"lazy\" decoding=\"async\" width=\"1024\" height=\"683\" src=\"https:\/\/wicmtl.ca\/wp-content\/uploads\/2022\/06\/parkbench5346-1-1-1024x683.jpeg\" alt=\"\" class=\"wp-image-983\" srcset=\"https:\/\/wicmtl.ca\/wp-content\/uploads\/2022\/06\/parkbench5346-1-1-1024x683.jpeg 1024w, https:\/\/wicmtl.ca\/wp-content\/uploads\/2022\/06\/parkbench5346-1-1-300x200.jpeg 300w, https:\/\/wicmtl.ca\/wp-content\/uploads\/2022\/06\/parkbench5346-1-1-768x512.jpeg 768w, https:\/\/wicmtl.ca\/wp-content\/uploads\/2022\/06\/parkbench5346-1-1.jpeg 1280w\" sizes=\"auto, (max-width: 1024px) 100vw, 1024px\" \/><\/figure>\n<\/div>\n<\/div>\n\n<\/div><\/div><div class=\"gb-container gb-container-d94efd03 alignfull\"><div class=\"gb-inside-container\">\n\n<div class=\"wp-block-columns is-layout-flex wp-container-core-columns-is-layout-201b4ec5 wp-block-columns-is-layout-flex\">\n<div class=\"wp-block-column is-vertically-aligned-center is-layout-flow wp-block-column-is-layout-flow\">\n<figure class=\"wp-block-image aligncenter size-large\"><img loading=\"lazy\" decoding=\"async\" width=\"1024\" height=\"682\" src=\"https:\/\/wicmtl.ca\/wp-content\/uploads\/2022\/07\/Junior-uniform-1024x682.jpg\" alt=\"\" class=\"wp-image-19434\" srcset=\"https:\/\/wicmtl.ca\/wp-content\/uploads\/2022\/07\/Junior-uniform-1024x682.jpg 1024w, https:\/\/wicmtl.ca\/wp-content\/uploads\/2022\/07\/Junior-uniform-300x200.jpg 300w, https:\/\/wicmtl.ca\/wp-content\/uploads\/2022\/07\/Junior-uniform-768x512.jpg 768w, https:\/\/wicmtl.ca\/wp-content\/uploads\/2022\/07\/Junior-uniform.jpg 1280w\" sizes=\"auto, (max-width: 1024px) 100vw, 1024px\" \/><\/figure>\n<\/div>\n\n\n\n<div class=\"wp-block-column is-vertically-aligned-center is-layout-flow wp-block-column-is-layout-flow\">\n<h3 class=\"gb-headline gb-headline-a9b8fd7d gb-headline-text\"><strong>Uniforme d\u2019\u00e9t\u00e9<\/strong><\/h3>\n\n\n\n<p class=\"has-lg-font-size\">L\u2019uniforme d\u2019\u00e9t\u00e9 est autoris\u00e9 au d\u00e9but et \u00e0 la fin de l\u2019ann\u00e9e scolaire. Les dates pr\u00e9cises seront annonc\u00e9es aux \u00e9l\u00e8ves. Le port de l\u2019uniforme d\u2019\u00e9t\u00e9 est optionnel.  <\/p>\n\n\n\n<h3 class=\"gb-headline gb-headline-a6cef845 gb-headline-text\"><strong>Uniforme d\u2019\u00e9t\u00e9 \u00c9l\u00e8ves de premier cycle (1re et 2e secondaire)<\/strong><\/h3>\n\n\n\n<p class=\"has-lg-font-size\">\u25cf Polo blanc (manches longues ou courtes) avec l\u2019\u00e9cusson du Coll\u00e8ge (achet\u00e9 chez Top Marks)<br\/>\u25cf Jupe-short grise ou pantalons gris (achet\u00e9e chez Top Marks)<br\/>\u25cfChaussettes grises ou collants noirs. Les chaussettes port\u00e9es avecla jupe-short doivent \u00eatre \u00e0 <strong>hauteur des genoux<\/strong> <br\/>\u25cf <strong><a rel=\"noreferrer noopener\" href=\"https:\/\/drive.google.com\/file\/d\/1HgcbeicyKo_LMEdUTl-gNu8sFYXTOZXQ\/view?usp=sharing\" target=\"_blank\">Chaussures de ville noires en cuir, pouvant \u00eatre cir\u00e9es <\/a><\/strong> <\/p>\n<\/div>\n<\/div>\n\n\n\n<div class=\"wp-block-columns is-layout-flex wp-container-core-columns-is-layout-201b4ec5 wp-block-columns-is-layout-flex\">\n<div class=\"wp-block-column is-vertically-aligned-center is-layout-flow wp-block-column-is-layout-flow\">\n<h3 class=\"gb-headline gb-headline-03a77511 gb-headline-text\"><strong>\u00c9ducation physique<\/strong><\/h3>\n\n\n\n<p class=\"has-lg-font-size\">Cet uniforme doit \u00eatre port\u00e9 lors de tous les cours d\u2019\u00e9ducation physique, les s\u00e9ances d\u2019entra\u00eenement des \u00e9quipes et les comp\u00e9titions contre d\u2019autres coll\u00e8ges.<\/p>\n\n\n\n<p class=\"has-lg-font-size\">\u25cf Short de sport noir avec \u00e9cusson du Coll\u00e8ge<br\/>\u25cf T-shirt gris avec \u00e9cusson du Coll\u00e8ge<br\/>\u25cf Bas blancs<br\/>\u25cf Chaussures de sport appropri\u00e9es munies de semelles non marquantes<\/p>\n\n\n\n<p class=\"has-lg-font-size\">Le pantalon et le chandail en molleton noirs avec l\u2019\u00e9cusson du Coll\u00e8ge sont optionnels, mais recommand\u00e9s pour les activit\u00e9s ext\u00e9rieures \u00e0 la fin de l\u2019automne et au d\u00e9but<br\/>du printemps. Aucun autre v\u00eatement de sport ne peut \u00eatre port\u00e9 sur le campus. <\/p>\n<\/div>\n\n\n\n<div class=\"wp-block-column is-vertically-aligned-center is-layout-flow wp-block-column-is-layout-flow\">\n<figure class=\"wp-block-image size-large\"><img loading=\"lazy\" decoding=\"async\" width=\"1024\" height=\"682\" src=\"https:\/\/wicmtl.ca\/wp-content\/uploads\/2022\/07\/Sr-phys-ed-1024x682.jpg\" alt=\"\" class=\"wp-image-19440\" srcset=\"https:\/\/wicmtl.ca\/wp-content\/uploads\/2022\/07\/Sr-phys-ed-1024x682.jpg 1024w, https:\/\/wicmtl.ca\/wp-content\/uploads\/2022\/07\/Sr-phys-ed-300x200.jpg 300w, https:\/\/wicmtl.ca\/wp-content\/uploads\/2022\/07\/Sr-phys-ed-768x512.jpg 768w, https:\/\/wicmtl.ca\/wp-content\/uploads\/2022\/07\/Sr-phys-ed.jpg 1280w\" sizes=\"auto, (max-width: 1024px) 100vw, 1024px\" \/><\/figure>\n<\/div>\n<\/div>\n\n<\/div><\/div>","protected":false},"excerpt":{"rendered":"<p>Uniforme Au Coll\u00e8ge de l\u2019Ouest de l\u2019\u00cele, nous croyons qu\u2019un uniforme encourage un sentiment de fiert\u00e9 WIC, l\u2019esprit scolaire et un sentiment d\u2019appartenance chez nos \u00e9l\u00e8ves. Cette politique permet \u00e9galement \u00e0 la communaut\u00e9 en g\u00e9n\u00e9ral de reconna\u00eetre nos \u00e9l\u00e8ves comme un groupe de jeunes gens qui partagent un id\u00e9al et des objectifs communs : la &#8230; <a title=\"Uniforme\" class=\"read-more\" href=\"https:\/\/wicmtl.ca\/fr\/vie-scolaire\/uniforme\/\" aria-label=\"En savoir plus sur Uniforme\">Lire plus<\/a><\/p>\n","protected":false},"author":2,"featured_media":0,"parent":19584,"menu_order":5,"comment_status":"closed","ping_status":"closed","template":"","meta":{"_themeisle_gutenberg_block_has_review":false,"footnotes":""},"class_list":["post-19600","page","type-page","status-publish"],"_links":{"self":[{"href":"https:\/\/wicmtl.ca\/fr\/wp-json\/wp\/v2\/pages\/19600","targetHints":{"allow":["GET"]}}],"collection":[{"href":"https:\/\/wicmtl.ca\/fr\/wp-json\/wp\/v2\/pages"}],"about":[{"href":"https:\/\/wicmtl.ca\/fr\/wp-json\/wp\/v2\/types\/page"}],"author":[{"embeddable":true,"href":"https:\/\/wicmtl.ca\/fr\/wp-json\/wp\/v2\/users\/2"}],"replies":[{"embeddable":true,"href":"https:\/\/wicmtl.ca\/fr\/wp-json\/wp\/v2\/comments?post=19600"}],"version-history":[{"count":11,"href":"https:\/\/wicmtl.ca\/fr\/wp-json\/wp\/v2\/pages\/19600\/revisions"}],"predecessor-version":[{"id":21945,"href":"https:\/\/wicmtl.ca\/fr\/wp-json\/wp\/v2\/pages\/19600\/revisions\/21945"}],"up":[{"embeddable":true,"href":"https:\/\/wicmtl.ca\/fr\/wp-json\/wp\/v2\/pages\/19584"}],"wp:attachment":[{"href":"https:\/\/wicmtl.ca\/fr\/wp-json\/wp\/v2\/media?parent=19600"}],"curies":[{"name":"wp","href":"https:\/\/api.w.org\/{rel}","templated":true}]}}