{"id":19593,"date":"2022-06-17T18:32:26","date_gmt":"2022-06-17T22:32:26","guid":{"rendered":"https:\/\/wicmtl.ca\/vie-scolaire\/voyages-internationaux\/"},"modified":"2025-09-15T09:47:42","modified_gmt":"2025-09-15T13:47:42","slug":"voyages-internationaux","status":"publish","type":"page","link":"https:\/\/wicmtl.ca\/fr\/vie-scolaire\/voyages-internationaux\/","title":{"rendered":"Voyages internationaux"},"content":{"rendered":"<div class=\"gb-container gb-container-f0e6e9b5 alignfull\"><div class=\"gb-inside-container\">\n\n<h1 class=\"gb-headline gb-headline-c41e1fb6 gb-headline-text\">Voyages internationaux<\/h1><br>\n\n<\/div><\/div><div class=\"gb-container gb-container-47fd1ae8\"><div class=\"gb-inside-container\">\n\n<p class=\"has-medium-font-size\">L\u2019environnement des apprentissages ne se limite pas aux salles de classe. Dans le cadre de cette philosophie, le Coll\u00e8ge offre un programme de voyages internationaux aux \u00e9l\u00e8ves de 2e cycle (4e et 5e secondaire).  <\/p>\n\n\n\n<p class=\"has-medium-font-size\">Nous accordons une importance particuli\u00e8re \u00e0 la cr\u00e9ation d\u2019un lien entre chacun des voyages et le programme d\u2019\u00e9tudes afin que ces exp\u00e9riences culturelles puissent agir \u00e0 titre de levier et optimiser les apprentissages des \u00e9l\u00e8ves.<\/p>\n\n<\/div><\/div><div id=\"gutenslider-ki5tzfdck\" class=\"wp-block-eedee-block-gutenslider gs-frontend content-change alignfull arrow-style-1 arrow-position-sides arrow-mb-none arrows-lg arrows-md arrows-sm dot-style-1 dots-lg dots-md dots-sm dot-position-bottom is-position-center-center mb-none wrap-auto-height\" data-parallax-direction=\"down\" data-parallax-amount=\"1.3\" data-lg-transition=\"lg-slide\" data-hash=\"\" ><div class=\"eedee-swiper-outer\" style=\"--gutenslider-min-height: 40vh;--gutenslider-arrow-size: 30px;--gutenslider-dot-size: 25px;--gutenslider-arrow-color: #ffffff;--gutenslider-dot-color: #ffffff;--gutenslider-padding-y-mobile: 40px;--gutenslider-padding-x-mobile: 40px;--gutenslider-padding-y-tablet: 40px;--gutenslider-padding-x-tablet: 40px;--gutenslider-padding-y-desktop: 40px;--gutenslider-padding-x-desktop: 40px;--gutenslider-bg-image: url();--gutenslider-min-height-md: 50vh;--gutenslider-min-height-sm: 40vh;--gutenslider-padding-x: 40px;--gutenslider-padding-x-md: 40px;--gutenslider-padding-x-sm: 20px;--gutenslider-padding-y: 40px;--gutenslider-padding-y-md: 40px;--gutenslider-padding-y-sm: 20px;--gutenslider-arrow-size-md: 30px;--gutenslider-arrow-size-sm: 30px;--gutenslider-dot-size-md: 25px;--gutenslider-dot-size-sm: 25px;--gutenslider-arrow-bg-color: transparent;--gutenslider-arrow-hover-color: #eeeeee;--gutenslider-arrow-bg-hover-color: transparent;--gutenslider-arrow-x-offset: 10px;--gutenslider-arrow-x-offset-md: 10px;--gutenslider-arrow-x-offset-sm: 10px;--gutenslider-arrow-y-offset: 0px;--gutenslider-arrow-y-offset-md: 0px;--gutenslider-arrow-y-offset-sm: 0px;--gutenslider-arrow-x-spacing: 0px;--gutenslider-dot-y-offset: 25px;--gutenslider-dot-y-offset-md: 25px;--gutenslider-dot-y-offset-sm: 25px;--gutenslider-margin-x: 0px;--gutenslider-margin-x-md: 0px;--gutenslider-margin-x-sm: 0px;--gutenslider-margin-y: 0px;--gutenslider-margin-y-md: 0px;--gutenslider-margin-y-sm: 0px;--gutenslider-divider-top: 60px;--gutenslider-divider-bottom: 60px;--gutenslider-lightgallery-bg: #ffffff;--gutenslider-lightgallery-font: #000000;--gs-first-pos: 50% 50%;--gs-gap-vertical: var( --wp--style--gallery-gap-default, var( --gallery-block--gutter-size, var( --wp--style--block-gap, 0.5em ) ) );--gs-gap-horizontal: var( --wp--style--gallery-gap-default, var( --gallery-block--gutter-size, var( --wp--style--block-gap, 0.5em ) ) );\"><div class=\"gutenslider-divider-top\" style=\"color:#fff;\"><\/div><div class=\"swiper\" data-settings='{\"autoplay\":{\"delay\":3000,\"pauseOnMouseEnter\":true,\"disableOnInteraction\":false},\"speed\":700,\"direction\":\"horizontal\",\"autoHeight\":\"\",\"loop\":false,\"centeredSlides\":true,\"spaceBetween\":0,\"slidesPerView\":\"auto\",\"slidesPerGroup\":1,\"effect\":\"slide\",\"coverflowEffect\":{\"rotate\":30,\"slideShadows\":false,\"depth\":100,\"stretch\":50,\"modifier\":1},\"fadeEffect\":{\"crossFade\":true},\"zoom\":\"\",\"navigation\":{\"nextEl\":\"#gutenslider-ki5tzfdck .eedee-gutenslider-next\",\"prevEl\":\"#gutenslider-ki5tzfdck .eedee-gutenslider-prev\"},\"pagination\":{\"type\":\"bullets\",\"clickable\":true,\"dynamicBullets\":false,\"el\":\"#gutenslider-ki5tzfdck .eedee-gutenslider-pagination\"},\"pauseOnHover\":\"1\",\"watchSlidesProgress\":true,\"watchSlidesVisibility\":true,\"settingsMd\":{\"autoHeight\":\"\",\"slidesPerView\":\"auto\",\"slidesPerGroup\":1,\"spaceBetween\":0,\"loop\":false},\"settingsLg\":{\"autoHeight\":\"\",\"slidesPerView\":\"auto\",\"slidesPerGroup\":1,\"spaceBetween\":0,\"loop\":false},\"hasLg\":false,\"hasLgCounter\":true,\"isFullScreen\":false,\"arrowsFollowMouse\":false,\"lgTitle\":\"none\",\"lgCaption\":\"none\",\"lgThumbnails\":true,\"lgZoomEnabled\":false,\"keyboard\":{\"keyboard\":{\"enabled\":true,\"onlyInViewport\":true}},\"hashNavigation\":false,\"dividers\":false}'><div class=\"swiper-wrapper\">\n<div class=\"swiper-slide wp-block-eedee-block-gutenslide is-position-center-center ed-bg-image\" style=\"--ed-vw:225;--ed-vh:300;\" data-hash=\"\"><div class=\"eedee-background-div bg-image\"><img loading=\"lazy\" width=\"768\" height=\"1024\" class=\"wp-image-19432\" src=\"https:\/\/wicmtl.ca\/wp-content\/uploads\/2022\/07\/Costa-Rica-768x1024.jpg\" alt=\"\" decoding=\"async\" style=\"object-fit: cover; object-position: 50% 50%;\"  data-title=\"Costa Rica\" srcset=\"https:\/\/wicmtl.ca\/wp-content\/uploads\/2022\/07\/Costa-Rica-768x1024.jpg 768w, https:\/\/wicmtl.ca\/wp-content\/uploads\/2022\/07\/Costa-Rica-225x300.jpg 225w, https:\/\/wicmtl.ca\/wp-content\/uploads\/2022\/07\/Costa-Rica.jpg 960w\" sizes=\"auto, (max-width: 768px) 100vw, 768px\" \/><div class=\"eedee-background-div__overlay\" style=\"opacity:1;\"><\/div><\/div><div class=\"slide-content\">\n\n<p class=\"has-text-align-center gutenslider-content-initial has-larger-font-size\"><\/p>\n\n<\/div><\/div>\n\n<div class=\"swiper-slide wp-block-eedee-block-gutenslide is-position-center-center ed-bg-image\" style=\"--ed-vw:225;--ed-vh:300;\" data-hash=\"\"><div class=\"eedee-background-div bg-image\"><img loading=\"lazy\" width=\"768\" height=\"1024\" class=\"wp-image-19414\" src=\"https:\/\/wicmtl.ca\/wp-content\/uploads\/2022\/07\/DSCN7532-768x1024.jpg\" alt=\"\" decoding=\"async\" style=\"object-fit: cover; object-position: 50% 50%;\"  data-title=\"DSCN7532\" srcset=\"https:\/\/wicmtl.ca\/wp-content\/uploads\/2022\/07\/DSCN7532-768x1024.jpg 768w, https:\/\/wicmtl.ca\/wp-content\/uploads\/2022\/07\/DSCN7532-225x300.jpg 225w, https:\/\/wicmtl.ca\/wp-content\/uploads\/2022\/07\/DSCN7532.jpg 960w\" sizes=\"auto, (max-width: 768px) 100vw, 768px\" \/><div class=\"eedee-background-div__overlay\" style=\"opacity:1;\"><\/div><\/div><div class=\"slide-content\">\n\n<p class=\"has-text-align-center gutenslider-content-initial has-larger-font-size\"><\/p>\n\n<\/div><\/div>\n\n<div class=\"swiper-slide wp-block-eedee-block-gutenslide is-position-center-center ed-bg-image\" style=\"--ed-vw:300;--ed-vh:225;\" data-hash=\"\"><div class=\"eedee-background-div bg-image\"><img loading=\"lazy\" width=\"1024\" height=\"768\" class=\"wp-image-19416\" src=\"https:\/\/wicmtl.ca\/wp-content\/uploads\/2022\/07\/DSCN7534-1024x768.jpg\" alt=\"\" decoding=\"async\" style=\"object-fit: cover; object-position: 50% 50%;\"  data-title=\"DSCN7534\" srcset=\"https:\/\/wicmtl.ca\/wp-content\/uploads\/2022\/07\/DSCN7534-1024x768.jpg 1024w, https:\/\/wicmtl.ca\/wp-content\/uploads\/2022\/07\/DSCN7534-300x225.jpg 300w, https:\/\/wicmtl.ca\/wp-content\/uploads\/2022\/07\/DSCN7534-768x576.jpg 768w, https:\/\/wicmtl.ca\/wp-content\/uploads\/2022\/07\/DSCN7534.jpg 1280w\" sizes=\"auto, (max-width: 1024px) 100vw, 1024px\" \/><div class=\"eedee-background-div__overlay\" style=\"opacity:1;\"><\/div><\/div><div class=\"slide-content\">\n\n<p class=\"has-text-align-center gutenslider-content-initial has-larger-font-size\"><\/p>\n\n<\/div><\/div>\n\n<div class=\"swiper-slide wp-block-eedee-block-gutenslide is-position-center-center ed-bg-image\" style=\"--ed-vw:300;--ed-vh:225;\" data-hash=\"\"><div class=\"eedee-background-div bg-image\"><img loading=\"lazy\" width=\"480\" height=\"360\" class=\"wp-image-950\" src=\"https:\/\/wicmtl.ca\/wp-content\/uploads\/2022\/06\/DSCN0467-1-e1658259980850.jpeg\" alt=\"\" decoding=\"async\" style=\"object-fit: cover; object-position: 50% 50%;\"  data-title=\"DSCN0467\" srcset=\"https:\/\/wicmtl.ca\/wp-content\/uploads\/2022\/06\/DSCN0467-1-e1658259980850.jpeg 480w, https:\/\/wicmtl.ca\/wp-content\/uploads\/2022\/06\/DSCN0467-1-e1658259980850-300x225.jpeg 300w\" sizes=\"auto, (max-width: 480px) 100vw, 480px\" \/><div class=\"eedee-background-div__overlay\" style=\"opacity:1;\"><\/div><\/div><div class=\"slide-content\">\n\n<p class=\"has-text-align-center gutenslider-content-initial has-larger-font-size\"><\/p>\n\n<\/div><\/div>\n\n<div class=\"swiper-slide wp-block-eedee-block-gutenslide is-position-center-center ed-bg-image\" style=\"--ed-vw:300;--ed-vh:225;\" data-hash=\"\"><div class=\"eedee-background-div bg-image\"><img loading=\"lazy\" width=\"1024\" height=\"768\" class=\"wp-image-954\" src=\"https:\/\/wicmtl.ca\/wp-content\/uploads\/2022\/06\/galapturtle-1-1024x768.jpeg\" alt=\"\" decoding=\"async\" style=\"object-fit: cover; object-position: 50% 50%;\"  data-title=\"galapturtle\" srcset=\"https:\/\/wicmtl.ca\/wp-content\/uploads\/2022\/06\/galapturtle-1-1024x768.jpeg 1024w, https:\/\/wicmtl.ca\/wp-content\/uploads\/2022\/06\/galapturtle-1-300x225.jpeg 300w, https:\/\/wicmtl.ca\/wp-content\/uploads\/2022\/06\/galapturtle-1-768x576.jpeg 768w, https:\/\/wicmtl.ca\/wp-content\/uploads\/2022\/06\/galapturtle-1.jpeg 1280w\" sizes=\"auto, (max-width: 1024px) 100vw, 1024px\" \/><div class=\"eedee-background-div__overlay\" style=\"opacity:1;\"><\/div><\/div><div class=\"slide-content\">\n\n<p class=\"has-text-align-center gutenslider-content-initial has-larger-font-size\"><\/p>\n\n<\/div><\/div>\n\n<div class=\"swiper-slide wp-block-eedee-block-gutenslide is-position-center-center ed-bg-image\" style=\"--ed-vw:300;--ed-vh:225;\" data-hash=\"\"><div class=\"eedee-background-div bg-image\"><img loading=\"lazy\" width=\"768\" height=\"1024\" class=\"wp-image-973\" src=\"https:\/\/wicmtl.ca\/wp-content\/uploads\/2022\/06\/International-Travel-2-1-768x1024.jpeg\" alt=\"\" decoding=\"async\" style=\"object-fit: cover; object-position: 50% 50%;\"  data-title=\"International-Travel-2\" \/><div class=\"eedee-background-div__overlay\" style=\"opacity:1;\"><\/div><\/div><div class=\"slide-content\">\n\n<p class=\"has-text-align-center gutenslider-content-initial has-larger-font-size\"><\/p>\n\n<\/div><\/div>\n\n<div class=\"swiper-slide wp-block-eedee-block-gutenslide is-position-center-center ed-bg-image\" style=\"--ed-vw:300;--ed-vh:225;\" data-hash=\"\"><div class=\"eedee-background-div bg-image\"><img loading=\"lazy\" width=\"1024\" height=\"768\" class=\"wp-image-953\" src=\"https:\/\/wicmtl.ca\/wp-content\/uploads\/2022\/06\/galapflag-1-1024x768.jpeg\" alt=\"\" decoding=\"async\" style=\"object-fit: cover; object-position: 50% 50%;\"  data-title=\"galapflag\" srcset=\"https:\/\/wicmtl.ca\/wp-content\/uploads\/2022\/06\/galapflag-1-1024x768.jpeg 1024w, https:\/\/wicmtl.ca\/wp-content\/uploads\/2022\/06\/galapflag-1-300x225.jpeg 300w, https:\/\/wicmtl.ca\/wp-content\/uploads\/2022\/06\/galapflag-1-768x576.jpeg 768w, https:\/\/wicmtl.ca\/wp-content\/uploads\/2022\/06\/galapflag-1.jpeg 1280w\" sizes=\"auto, (max-width: 1024px) 100vw, 1024px\" \/><div class=\"eedee-background-div__overlay\" style=\"opacity:1;\"><\/div><\/div><div class=\"slide-content\">\n\n<p class=\"has-text-align-center gutenslider-content-initial has-larger-font-size\"><\/p>\n\n<\/div><\/div>\n\n<div class=\"swiper-slide wp-block-eedee-block-gutenslide is-position-center-center ed-bg-image\" style=\"--ed-vw:300;--ed-vh:225;\" data-hash=\"\"><div class=\"eedee-background-div bg-image\"><img loading=\"lazy\" width=\"576\" height=\"1024\" class=\"wp-image-986\" src=\"https:\/\/wicmtl.ca\/wp-content\/uploads\/2022\/06\/SAM_0898-1-576x1024.jpeg\" alt=\"\" decoding=\"async\" style=\"object-fit: cover; object-position: 50% 50%;\"  data-title=\"SAM_0898\" \/><div class=\"eedee-background-div__overlay\" style=\"opacity:1;\"><\/div><\/div><div class=\"slide-content\">\n\n<p class=\"has-text-align-center gutenslider-content-initial has-larger-font-size\"><\/p>\n\n<\/div><\/div>\n\n<div class=\"swiper-slide wp-block-eedee-block-gutenslide is-position-center-center ed-bg-image\" style=\"--ed-vw:300;--ed-vh:225;\" data-hash=\"\"><div class=\"eedee-background-div bg-image\"><img loading=\"lazy\" width=\"1024\" height=\"768\" class=\"wp-image-1006\" src=\"https:\/\/wicmtl.ca\/wp-content\/uploads\/2022\/06\/website-3-1-1024x768.jpeg\" alt=\"\" decoding=\"async\" style=\"object-fit: cover; object-position: 50% 50%;\"  data-title=\"website-3\" srcset=\"https:\/\/wicmtl.ca\/wp-content\/uploads\/2022\/06\/website-3-1-1024x768.jpeg 1024w, https:\/\/wicmtl.ca\/wp-content\/uploads\/2022\/06\/website-3-1-300x225.jpeg 300w, https:\/\/wicmtl.ca\/wp-content\/uploads\/2022\/06\/website-3-1-768x576.jpeg 768w, https:\/\/wicmtl.ca\/wp-content\/uploads\/2022\/06\/website-3-1.jpeg 1280w\" sizes=\"auto, (max-width: 1024px) 100vw, 1024px\" \/><div class=\"eedee-background-div__overlay\" style=\"opacity:1;\"><\/div><\/div><div class=\"slide-content\">\n\n<p class=\"has-text-align-center gutenslider-content-initial has-larger-font-size\"><\/p>\n\n<\/div><\/div>\n\n<div class=\"swiper-slide wp-block-eedee-block-gutenslide is-position-center-center ed-bg-image\" style=\"--ed-vw:300;--ed-vh:225;\" data-hash=\"\"><div class=\"eedee-background-div bg-image\"><img loading=\"lazy\" width=\"1024\" height=\"768\" class=\"wp-image-951\" src=\"https:\/\/wicmtl.ca\/wp-content\/uploads\/2022\/06\/DSCN0857-1-1024x768.jpeg\" alt=\"\" decoding=\"async\" style=\"object-fit: cover; object-position: 50% 50%;\"  data-title=\"DSCN0857\" srcset=\"https:\/\/wicmtl.ca\/wp-content\/uploads\/2022\/06\/DSCN0857-1-1024x768.jpeg 1024w, https:\/\/wicmtl.ca\/wp-content\/uploads\/2022\/06\/DSCN0857-1-300x225.jpeg 300w, https:\/\/wicmtl.ca\/wp-content\/uploads\/2022\/06\/DSCN0857-1-768x576.jpeg 768w, https:\/\/wicmtl.ca\/wp-content\/uploads\/2022\/06\/DSCN0857-1.jpeg 1280w\" sizes=\"auto, (max-width: 1024px) 100vw, 1024px\" \/><div class=\"eedee-background-div__overlay\" style=\"opacity:1;\"><\/div><\/div><div class=\"slide-content\">\n\n<p class=\"has-text-align-center gutenslider-content-initial has-larger-font-size\"><\/p>\n\n<\/div><\/div>\n\n<div class=\"swiper-slide wp-block-eedee-block-gutenslide is-position-center-center ed-bg-image\" style=\"--ed-vw:300;--ed-vh:225;\" data-hash=\"\"><div class=\"eedee-background-div bg-image\"><img loading=\"lazy\" width=\"1024\" height=\"768\" class=\"wp-image-1007\" src=\"https:\/\/wicmtl.ca\/wp-content\/uploads\/2022\/06\/website-1-1024x768.jpeg\" alt=\"\" decoding=\"async\" style=\"object-fit: cover; object-position: 44% 58%;\"  data-title=\"website\" srcset=\"https:\/\/wicmtl.ca\/wp-content\/uploads\/2022\/06\/website-1-1024x768.jpeg 1024w, https:\/\/wicmtl.ca\/wp-content\/uploads\/2022\/06\/website-1-300x225.jpeg 300w, https:\/\/wicmtl.ca\/wp-content\/uploads\/2022\/06\/website-1-768x576.jpeg 768w, https:\/\/wicmtl.ca\/wp-content\/uploads\/2022\/06\/website-1.jpeg 1280w\" sizes=\"auto, (max-width: 1024px) 100vw, 1024px\" \/><div class=\"eedee-background-div__overlay\" style=\"opacity:1;\"><\/div><\/div><div class=\"slide-content\">\n\n<p class=\"has-text-align-center gutenslider-content-initial has-larger-font-size\"><\/p>\n\n<\/div><\/div>\n\n<div class=\"swiper-slide wp-block-eedee-block-gutenslide is-position-center-center ed-bg-image\" style=\"--ed-vw:300;--ed-vh:200;\" data-hash=\"\"><div class=\"eedee-background-div bg-image\"><img loading=\"lazy\" width=\"1024\" height=\"682\" class=\"wp-image-952\" src=\"https:\/\/wicmtl.ca\/wp-content\/uploads\/2022\/06\/galap0654-1-1024x682.jpeg\" alt=\"\" decoding=\"async\" style=\"object-fit: cover; object-position: 50% 50%;\"  data-title=\"galap0654\" srcset=\"https:\/\/wicmtl.ca\/wp-content\/uploads\/2022\/06\/galap0654-1-1024x682.jpeg 1024w, https:\/\/wicmtl.ca\/wp-content\/uploads\/2022\/06\/galap0654-1-300x200.jpeg 300w, https:\/\/wicmtl.ca\/wp-content\/uploads\/2022\/06\/galap0654-1-768x512.jpeg 768w, https:\/\/wicmtl.ca\/wp-content\/uploads\/2022\/06\/galap0654-1.jpeg 1280w\" sizes=\"auto, (max-width: 1024px) 100vw, 1024px\" \/><div class=\"eedee-background-div__overlay\" style=\"opacity:1;\"><\/div><\/div><div class=\"slide-content\">\n\n<p class=\"has-text-align-center gutenslider-content-initial has-larger-font-size\"><\/p>\n\n<\/div><\/div>\n\n<div class=\"swiper-slide wp-block-eedee-block-gutenslide is-position-center-center ed-bg-image\" style=\"--ed-vw:300;--ed-vh:225;\" data-hash=\"\"><div class=\"eedee-background-div bg-image\"><img loading=\"lazy\" width=\"768\" height=\"1024\" class=\"wp-image-987\" src=\"https:\/\/wicmtl.ca\/wp-content\/uploads\/2022\/06\/SAM_0961-1-768x1024.jpeg\" alt=\"\" decoding=\"async\" style=\"object-fit: cover; object-position: 50% 50%;\"  data-title=\"SAM_0961\" \/><div class=\"eedee-background-div__overlay\" style=\"opacity:1;\"><\/div><\/div><div class=\"slide-content\">\n\n<p class=\"has-text-align-center gutenslider-content-initial has-larger-font-size\"><\/p>\n\n<\/div><\/div>\n<\/div><\/div><button class=\"eedee-gutenslider-nav eedee-gutenslider-prev\"><svg xmlns=\"http:\/\/www.w3.org\/2000\/svg\" viewBox=\"0 0 24 24\" width=\"24\" height=\"24\"><circle class=\"bg\" cx=\"13\" cy=\"12\" r=\"11\" \/><path fill=\"none\" d=\"M0 0h24v24H0z\"\/><path class=\"arrow\" d=\"M10.828 12l4.95 4.95-1.414 1.414L8 12l6.364-6.364 1.414 1.414z\"\/><\/svg><\/button><button class=\"eedee-gutenslider-nav eedee-gutenslider-next\"><svg xmlns=\"http:\/\/www.w3.org\/2000\/svg\" viewBox=\"0 0 24 24\" width=\"24\" height=\"24\"><circle class=\"bg\" cx=\"11\" cy=\"12\" r=\"11\" \/><path fill=\"none\" d=\"M0 0h24v24H0z\"\/><path class=\"arrow\" d=\"M13.172 12l-4.95-4.95 1.414-1.414L16 12l-6.364 6.364-1.414-1.414z\"\/><\/svg><\/button><div class=\"eedee-gutenslider-pagination\"><\/div><div class=\"gutenslider-divider-bottom \" style=\"color:#fff;\"><\/div><\/div><\/div><div class=\"gb-container gb-container-498f3fe3\"><div class=\"gb-inside-container\">\n\n<div class=\"wp-block-columns is-layout-flex wp-container-core-columns-is-layout-00304693 wp-block-columns-is-layout-flex\" style=\"padding-top:20px;padding-bottom:20px\">\n<div class=\"wp-block-column is-vertically-aligned-center is-layout-flow wp-block-column-is-layout-flow\">\n<p class=\"has-medium-font-size\">Lors des derni\u00e8res ann\u00e9es, nos Voyageurs ont visit\u00e9 de nombreuses destinations : <em>\u00c9gypte en 2009, Japon en 2010, Costa Rica en 2010, B\u00e9lize en 2011, Afrique du Sud en 2011, Hawaii en 2012, Paris, Normandie et Londres en 2012, Maroc en 2013, N\u00e9pal en 2013, Italie en 2014, P\u00e9rou en 2014, Vietnam en 2015, l\u2019Islande en 2016, Chine en 2017, \u00c9quateur et Gal\u00e1pagos en 2018, Costa Rica et Gr\u00e8ce en 2019. <i>Afrique du Sud en 2020, Espagne en 2023, Italie et Norv\u00e8ge en 2024, Greece in 2025.\u00a0<\/i>\u00c0 venir: Argentine, France, Belgique, Luxemburg.<\/em><\/p>\n<\/div>\n\n\n\n<div class=\"wp-block-column is-vertically-aligned-center is-layout-flow wp-block-column-is-layout-flow\" style=\"flex-basis:55%\">\n<figure class=\"wp-block-image size-large\"><img loading=\"lazy\" decoding=\"async\" width=\"1024\" height=\"768\" src=\"https:\/\/wicmtl.ca\/wp-content\/uploads\/2022\/06\/DSC02678-1-1024x768.jpeg\" alt=\"\" class=\"wp-image-949\" srcset=\"https:\/\/wicmtl.ca\/wp-content\/uploads\/2022\/06\/DSC02678-1-1024x768.jpeg 1024w, https:\/\/wicmtl.ca\/wp-content\/uploads\/2022\/06\/DSC02678-1-300x225.jpeg 300w, https:\/\/wicmtl.ca\/wp-content\/uploads\/2022\/06\/DSC02678-1-768x576.jpeg 768w, https:\/\/wicmtl.ca\/wp-content\/uploads\/2022\/06\/DSC02678-1.jpeg 1280w\" sizes=\"auto, (max-width: 1024px) 100vw, 1024px\" \/><\/figure>\n<\/div>\n<\/div>\n\n<\/div><\/div><div class=\"gb-container gb-container-1f4fc53a alignfull\"><div class=\"gb-inside-container\">\n\n<div class=\"wp-block-cover aligncenter is-light\" style=\"min-height:600px;aspect-ratio:unset;\"><img loading=\"lazy\" decoding=\"async\" width=\"1280\" height=\"960\" class=\"wp-block-cover__image-background wp-image-974\" alt=\"\" src=\"https:\/\/wicmtl.ca\/wp-content\/uploads\/2022\/06\/international-travel-3-1.jpeg\" style=\"object-position:50% 50%\" data-object-fit=\"cover\" data-object-position=\"50% 50%\" srcset=\"https:\/\/wicmtl.ca\/wp-content\/uploads\/2022\/06\/international-travel-3-1.jpeg 1280w, https:\/\/wicmtl.ca\/wp-content\/uploads\/2022\/06\/international-travel-3-1-300x225.jpeg 300w, https:\/\/wicmtl.ca\/wp-content\/uploads\/2022\/06\/international-travel-3-1-1024x768.jpeg 1024w, https:\/\/wicmtl.ca\/wp-content\/uploads\/2022\/06\/international-travel-3-1-768x576.jpeg 768w\" sizes=\"auto, (max-width: 1280px) 100vw, 1280px\" \/><span aria-hidden=\"true\" class=\"wp-block-cover__background has-off-black-background-color has-background-dim-20 has-background-dim\"><\/span><div class=\"wp-block-cover__inner-container is-layout-flow wp-block-cover-is-layout-flow\">\n<p class=\"has-text-align-center has-large-font-size\"><\/p>\n<\/div><\/div>\n\n<\/div><\/div>","protected":false},"excerpt":{"rendered":"<p>Voyages internationaux L\u2019environnement des apprentissages ne se limite pas aux salles de classe. Dans le cadre de cette philosophie, le Coll\u00e8ge offre un programme de voyages internationaux aux \u00e9l\u00e8ves de 2e cycle (4e et 5e secondaire). Nous accordons une importance particuli\u00e8re \u00e0 la cr\u00e9ation d\u2019un lien entre chacun des voyages et le programme d\u2019\u00e9tudes afin &#8230; <a title=\"Voyages internationaux\" class=\"read-more\" href=\"https:\/\/wicmtl.ca\/fr\/vie-scolaire\/voyages-internationaux\/\" aria-label=\"En savoir plus sur Voyages internationaux\">Lire plus<\/a><\/p>\n","protected":false},"author":2,"featured_media":0,"parent":19584,"menu_order":3,"comment_status":"closed","ping_status":"closed","template":"","meta":{"_themeisle_gutenberg_block_has_review":false,"footnotes":""},"class_list":["post-19593","page","type-page","status-publish"],"_links":{"self":[{"href":"https:\/\/wicmtl.ca\/fr\/wp-json\/wp\/v2\/pages\/19593","targetHints":{"allow":["GET"]}}],"collection":[{"href":"https:\/\/wicmtl.ca\/fr\/wp-json\/wp\/v2\/pages"}],"about":[{"href":"https:\/\/wicmtl.ca\/fr\/wp-json\/wp\/v2\/types\/page"}],"author":[{"embeddable":true,"href":"https:\/\/wicmtl.ca\/fr\/wp-json\/wp\/v2\/users\/2"}],"replies":[{"embeddable":true,"href":"https:\/\/wicmtl.ca\/fr\/wp-json\/wp\/v2\/comments?post=19593"}],"version-history":[{"count":13,"href":"https:\/\/wicmtl.ca\/fr\/wp-json\/wp\/v2\/pages\/19593\/revisions"}],"predecessor-version":[{"id":25611,"href":"https:\/\/wicmtl.ca\/fr\/wp-json\/wp\/v2\/pages\/19593\/revisions\/25611"}],"up":[{"embeddable":true,"href":"https:\/\/wicmtl.ca\/fr\/wp-json\/wp\/v2\/pages\/19584"}],"wp:attachment":[{"href":"https:\/\/wicmtl.ca\/fr\/wp-json\/wp\/v2\/media?parent=19593"}],"curies":[{"name":"wp","href":"https:\/\/api.w.org\/{rel}","templated":true}]}}