{"id":19578,"date":"2022-06-17T18:26:01","date_gmt":"2022-06-17T22:26:01","guid":{"rendered":"https:\/\/wicmtl.ca\/decouvrir\/contactez-nous\/"},"modified":"2025-10-31T08:20:29","modified_gmt":"2025-10-31T12:20:29","slug":"contactez-nous","status":"publish","type":"page","link":"https:\/\/wicmtl.ca\/fr\/decouvrir\/contactez-nous\/","title":{"rendered":"Pour nous joindre"},"content":{"rendered":"<div class=\"gb-container gb-container-7efad33e alignfull\"><div class=\"gb-inside-container\">\n\n<h1 class=\"gb-headline gb-headline-22abd81b gb-headline-text\">Pour nous joindre<\/h1>\n\n<\/div><\/div>\n\n<div class=\"gb-container gb-container-1ce6382f alignfull\"><div class=\"gb-inside-container\">\n\n<div class=\"wp-block-columns are-vertically-aligned-top is-layout-flex wp-container-core-columns-is-layout-201b4ec5 wp-block-columns-is-layout-flex\">\n<div class=\"wp-block-column is-vertically-aligned-top has-base-3-background-color has-background is-layout-flow wp-block-column-is-layout-flow\" style=\"flex-basis:45%\">\n<h3 class=\"gb-headline gb-headline-3ee25dfc gb-headline-text\">Absence ou arriv\u00e9e tardive<\/h3>\n\n\n<div class=\"gb-container gb-container-a86828db\">\n\n<p style=\"font-size:16px\">Pour signaler une absence ou arriv\u00e9e tardive veuillez nous aviser avant 7 h 30 par courriel: <a class=\"wicLink\" href=\"mailto:wicabsenses@wicmtl.ca\"><strong>wicabsences@wicmtl.ca<\/strong><\/a><\/p>\n\n<\/div><\/div>\n\n\n\n<div class=\"wp-block-column is-vertically-aligned-top has-base-3-background-color has-background is-layout-flow wp-block-column-is-layout-flow\" style=\"flex-basis:45%\">\n<h3 class=\"gb-headline gb-headline-88ee1c49 gb-headline-text\">Communiquer avec un(e) enseignant(e)<\/h3>\n\n\n<div class=\"gb-container gb-container-57bfec43\">\n\n<p style=\"font-size:16px\">Veuillez utiliser le portail COBA. Si vous avez besoin d\u2019aide avec votre code d\u2019acc\u00e8s, veuillez communiquer avec <strong><a href=\"mailto:secretaires@wicmtl.ca\">la r\u00e9ception<\/a><\/strong>.<\/p>\n\n<\/div><\/div>\n<\/div>\n\n\n\n<div class=\"wp-block-columns are-vertically-aligned-top is-layout-flex wp-container-core-columns-is-layout-201b4ec5 wp-block-columns-is-layout-flex\">\n<div class=\"wp-block-column is-vertically-aligned-top has-base-3-background-color has-background is-layout-flow wp-block-column-is-layout-flow\" style=\"flex-basis:45%\">\n<h3 class=\"gb-headline gb-headline-2879c31b gb-headline-text\">\u00c9quipe de direction<\/h3>\n\n\n<div class=\"gb-container gb-container-8b179537\">\n\n<p style=\"font-size:16px\"><strong><a href=\"mailto:WICdirection@wicmtl.ca\">Eric Jabal<\/a><\/strong>, Directeur g\u00e9n\u00e9ral<br><strong><a href=\"mailto:WICoperations@wicmtl.ca\">Lise Lafontaine<\/a><\/strong>, Cheffe des op\u00e9rations<br><strong><a href=\"mailto:esimard@wicmtl.ca\">\u00c9milie Simard<\/a><\/strong>, Directrice adjointe \u2013 1re et 2e secondaire<br><strong><a href=\"mailto:sbastien@wicmtl.ca\">Sylvie Bastien<\/a><\/strong>, Directrice adjointe \u2013 3e, 4e secondaire<br><strong><a href=\"mailto:sleroux@wicmtl.ca\" target=\"_blank\" rel=\"noreferrer noopener\">Steve Leroux<\/a><\/strong>, Directeur adjoint \u2013 5e secondaire<br><a href=\"mailto:dlinetsky@wicmtl.ca\"><strong>Derek Linetsky<\/strong><\/a>, Directeur, d\u00e9veloppement philanthropique<\/p>\n\n<\/div><\/div>\n\n\n\n<div class=\"wp-block-column is-vertically-aligned-top has-base-3-background-color has-background is-layout-flow wp-block-column-is-layout-flow\" style=\"flex-basis:45%\">\n<h3 class=\"gb-headline gb-headline-4c4ca423 gb-headline-text\">Services Administratifs<\/h3>\n\n\n<div class=\"gb-container gb-container-f123a31d\">\n\n<p style=\"font-size:16px\"><strong><a href=\"mailto:aargyrakos@wicmtl.ca\">Angeliki Argyrakos<\/a><\/strong>, Coordonnatrice des projets<br><strong><strong><a href=\"mailto:sbedard@wicmtl.ca\">Stephanie Bedard<\/a><\/strong><\/strong>, Technicienne en organisation scolaire<br><strong><strong><a href=\"mailto:wicinfrastructure@wicmtl.ca\">Yann Bouron<\/a><\/strong><\/strong>, Gestionnaire des installations<br><strong><a href=\"mailto:zdaoudi@wicmtl.ca\">Zakya Daoudi<\/a><\/strong>, Sp\u00e9cialiste des admissions \u2013 \u00e9cole fran\u00e7aise<br><strong><a href=\"mailto:admissions@wicmtl.ca\">Tatiana Deveau<\/a><\/strong>, Sp\u00e9cialiste des admissions \u2013 \u00e9cole anglaise<br><strong><a href=\"mleduc@wicmtl.ca\">Marie Leduc,<\/a> <\/strong>Sp\u00e9cialiste des communications<br><strong><a href=\"mailto:tmuro@wicmtl.ca\">Teresa Muro<\/a><\/strong>, Adjointe ex\u00e9cutive<br><strong><strong><a href=\"mailto:spandolfo@wicmtl.ca\">Sabrina Pandolfo<\/a><\/strong><\/strong>, Responsable du d\u00e9veloppement<br><strong><strong><a href=\"mailto:spandolfo@wicmtl.ca\">Kendra Pare<\/a><\/strong><\/strong>, Responsable de l&#8217;engagement communautaire<br><strong><a href=\"mailto:jpeters@wicmtl.ca\">Jennifer Peters<\/a>,<\/strong> Adjointe ex\u00e9cutive<br><strong><strong><a href=\"mailto:erichter@wicmtl.ca\">Elana Richter,<\/a><\/strong><\/strong> Responsable de la comptabilit\u00e9<br><strong><a href=\"mailto:wicit@wicmtl.ca\">Abdel Tezkratt,<\/a><\/strong> Administrateur des syst\u00e8mes<\/p>\n\n<\/div><\/div>\n<\/div>\n\n\n\n<div class=\"wp-block-columns are-vertically-aligned-top is-layout-flex wp-container-core-columns-is-layout-201b4ec5 wp-block-columns-is-layout-flex\">\n<div class=\"wp-block-column is-vertically-aligned-top has-base-3-background-color has-background is-layout-flow wp-block-column-is-layout-flow\" style=\"flex-basis:45%\">\n<h3 class=\"gb-headline gb-headline-47bb39d3 gb-headline-text\">Services aux \u00e9l\u00e8ves<\/h3>\n\n\n<div class=\"gb-container gb-container-ae98bb9b\">\n\n<p class=\"has-wic-green-color has-text-color has-link-color wp-elements-ad93466814af3d03d3f88128d079c38e\" style=\"font-size:16px\"><a href=\"mailto:vabravanel@wicmtl.ca\"><strong>Victor Abravanel<\/strong><\/a>, Coordonnateur principal apprentissage et enseignement<br><strong><a href=\"mailto:lcalderone@wicmtl.ca\">Lianne Calderone<\/a><\/strong>, Surveillante d\u2019\u00e9l\u00e8ves<br><a href=\"mailto:ccastaneda@wicmtl.ca\"><strong>Cleoshyra Castaneda<\/strong><\/a>, Coordonnatrice de l&#8217;\u00e9ducation en plein air<br><strong><a href=\"mailto:mcelaj@wicmtl.ca\">Miralda Celaj<\/a><\/strong>, Surveillante d\u2019\u00e9l\u00e8ves<br><strong><a href=\"mailto:cdevito@wicmtl.ca\">Chris De Vito<\/a><\/strong>, Technicien en loisirs<br><strong><a href=\"mailto:hfeldman@wicmtl.ca\">Heidi Feldman<\/a><\/strong>, Surveillante d\u2019\u00e9l\u00e8ves<br><strong><a href=\"mailto:pfequet@wicmtl.ca\" target=\"_blank\" rel=\"noreferrer noopener\">Patrick Fequet<\/a>,<\/strong> Coordonnateur principal de la programmation exp\u00e9rientielle<br><strong><a href=\"mailto:agarcia@wicmtl.ca\">Angela Garcia-Fontaine<\/a><\/strong>, Conseill\u00e8re scolaire, niveaux seniors<br><strong><a href=\"mailto:kharati@wicmtl.ca\">Karol Harati<\/a><\/strong>, orthop\u00e9dagogue<br><strong><a href=\"mailto:emangas@wicmtl.ca\" target=\"_blank\" rel=\"noreferrer noopener\">Emma Mangas<\/a><\/strong>, Technicienne de laboratoire<br><strong><a href=\"mailto:emangas@wicmtl.ca\" target=\"_blank\" rel=\"noreferrer noopener\">Vanessa Pacheco<\/a><\/strong>, Infirmi\u00e8re scolaire<br><strong><a href=\"mailto:amrheaume@wicmtl.ca\">Anne-Marie Rh\u00e9aume<\/a><\/strong>, Conseill\u00e8re scolaire, niveaux juniors<br><strong><a href=\"mailto:tsadeh@wicmtl.ca\" target=\"_blank\" rel=\"noreferrer noopener\">Tara Sadeh<\/a><\/strong>, Sp\u00e9cialiste en strat\u00e9gies d\u2019apprentissage<br><a href=\"mailto:asalazar@wicmtl.ca\"><strong>Andres Salazar<\/strong><\/a>, Technicien en loisirs et en int\u00e9gration<br><strong><a href=\"mailto:pstaniforth@wicmtl.ca\">Patricia Staniforth<\/a><\/strong>, Animatrice de d\u00e9veloppement \u00e9tudiant<br><strong><a href=\"mailto:bwilliams@wicmtl.ca\">Brenda Williams<\/a><\/strong>, Conseill\u00e8re acad\u00e9mique et professionnelle<br><\/p>\n\n<\/div><\/div>\n\n\n\n<div class=\"wp-block-column is-vertically-aligned-top has-base-3-background-color has-background is-layout-flow wp-block-column-is-layout-flow\" style=\"flex-basis:45%\">\n<h3 class=\"gb-headline gb-headline-58033fce gb-headline-text\">Enseignant(e)s (A-K)<\/h3>\n\n\n<div class=\"gb-container gb-container-c6aa7843\">\n\n<p style=\"font-size:16px\">Victor Abravanel<br>Rand Allabade<br>Moustafa Al Hilli<br>Deanna Amorosa<br>Mahjouba Baqadir<br>Ariel Bitton<br>Jordana Brookman<br>Cleoshyra Castaneda<br>Julie Coderre<br>Patrick Fequet<br>Andr\u00e9anne Foglietta<br>\u00c9milie Fouillet<br>Ann Marie Gagliardi<br>Darline Ghannoum<br>Marianne Giasson<br>Amardeep Gill<br>Christina Grivas<br>Donna Hastings<br>Juliette Howell<br>Sandy Johnson<\/p>\n\n<\/div><\/div>\n<\/div>\n\n\n\n<div class=\"wp-block-columns are-vertically-aligned-top is-layout-flex wp-container-core-columns-is-layout-201b4ec5 wp-block-columns-is-layout-flex\">\n<div class=\"wp-block-column is-vertically-aligned-top has-base-3-background-color has-background is-layout-flow wp-block-column-is-layout-flow\" style=\"flex-basis:45%\">\n<h3 class=\"gb-headline gb-headline-754ea2ef gb-headline-text\">Enseignant(e)s (L-R)<\/h3>\n\n\n\n<div class=\"wp-block-group has-light-background-color has-background is-layout-flow wp-block-group-is-layout-flow\" style=\"margin-top:0px;padding-top:25px;padding-right:25px;padding-bottom:25px;padding-left:25px\">\n<p style=\"font-size:16px\">\u00c9tienne Lalonde<br>Chantal Lauzon<br>Steve Lisogurski<br>Alannah Morris<br>Fiona Myers<br>Matthew Myszak<br>Patrice Nantel<br>Nadine Pomilio<br>Marie-Jo\u00eblle Rh\u00e9aume<br>Cynthia Rom\u00e9us<br>Jennifer Rosemarin<br>Marie-Jos\u00e9e Rufiange<\/p>\n<\/div>\n<\/div>\n\n\n\n<div class=\"wp-block-column is-vertically-aligned-top has-base-3-background-color has-background is-layout-flow wp-block-column-is-layout-flow\" style=\"flex-basis:45%\">\n<h3 class=\"gb-headline gb-headline-0ecb065f gb-headline-text\">Enseignant(e)s (S-Z)<\/h3>\n\n\n\n<div class=\"wp-block-group has-light-background-color has-background is-layout-flow wp-block-group-is-layout-flow\" style=\"margin-top:0px;padding-top:25px;padding-right:25px;padding-bottom:25px;padding-left:25px\">\n<p style=\"font-size:16px\">Kristina Salvo<br>Katherine Scott<br>Cindy Segal<br>Edward Silva Frade<br>Patricia Staniforth<br>Anthony Suppa<br>Jean-Philippe Sureau<br>Jason Thompson<br>Irma Treska<br>Jessica Vigneault<br>Zahraa Wazne<br>Robert Weary<br>Brenda Williams<br>Mounir Yousfi<br>Joan Zachariou<\/p>\n<\/div>\n<\/div>\n<\/div>\n\n<\/div><\/div>\n\n<div class=\"gb-container gb-container-d45b2642 alignfull\"><div class=\"gb-inside-container\">\n\n<h2 class=\"gb-headline gb-headline-8cdb984f gb-headline-text\">Notre campus<\/h2>\n\n\n\n<div class=\"wp-block-columns is-layout-flex wp-container-core-columns-is-layout-201b4ec5 wp-block-columns-is-layout-flex\">\n<div class=\"wp-block-column is-vertically-aligned-center is-layout-flow wp-block-column-is-layout-flow\" style=\"flex-basis:55%\"><div style=\"height:300px;\" class=\"wp-block-themeisle-blocks-leaflet-map\" id=\"wp-block-themeisle-blocks-leaflet-map-fc5f7aec\"><\/div>\n<script type=\"text\/javascript\">\n\t\/* <![CDATA[ *\/\n\t\tif ( ! window.themeisleLeafletMaps ) window.themeisleLeafletMaps =[];\n\t\twindow.themeisleLeafletMaps.push( { container: \"wp-block-themeisle-blocks-leaflet-map-fc5f7aec\", attributes: {\"id\":\"wp-block-themeisle-blocks-leaflet-map-fc5f7aec\",\"location\":\"851 tecumseh, dollard-des-ormeaux\",\"latitude\":\"45.474998598099326\",\"longitude\":\"-73.81679534912111\",\"bbox\":\"-73.83799552917482,45.46596994012086,-73.79550933837892,45.48402580978778\",\"zoom\":14,\"height\":300,\"markers\":[{\"id\":\"b4716a00-08e0-4035-b883-9a4be32d47ef\",\"latitude\":45.47890965,\"longitude\":-73.81496936511545,\"title\":\"Add a title\",\"description\":\"\"}],\"zoomControl\":true,\"draggable\":true,\"gbBlockCondition\":\"\",\"gbBlockConditionInvert\":false,\"openPopupId\":\"\",\"otterConditions\":[]} } );\n\t\/* ]]> *\/\n<\/script>\n<\/div>\n\n\n\n<div class=\"wp-block-column is-vertically-aligned-center is-layout-flow wp-block-column-is-layout-flow\" style=\"flex-basis:45%\">\n<h3 class=\"gb-headline gb-headline-20447c8e gb-headline-text\">Address<\/h3>\n\n\n\n<p class=\"has-lg-font-size\">851 Tecumseh<br>Dollard-des-Ormeaux<br>Qu\u00e9bec, Canada, H9B 2L2<br>Admissions: <a href=\"mailto:admissions@wicmtl.ca\" target=\"_blank\" rel=\"noreferrer noopener\"><strong>admissions@wicmtl.ca<\/strong><\/a><br>Renseignements g\u00e9n\u00e9raux: <strong><a href=\"mailto:secretaires@wicmtl.ca\" target=\"_blank\" rel=\"noreferrer noopener\">secretaires@wicmtl.ca<\/a><\/strong><\/p>\n\n\n\n<p class=\"has-lg-font-size\">Telephone: <a href=\"tel:5146834660\" target=\"_blank\" rel=\"noreferrer noopener\"><strong>(514) 683-4660<\/strong><\/a><\/p>\n<\/div>\n<\/div>\n\n\n\n<h3 class=\"gb-headline gb-headline-d85c423c gb-headline-text\">Transport<\/h3>\n\n\n\n<div class=\"wp-block-columns is-layout-flex wp-container-core-columns-is-layout-9d6595d7 wp-block-columns-is-layout-flex\">\n<div class=\"wp-block-column is-layout-flow wp-block-column-is-layout-flow\">\n<p class=\"gb-headline gb-headline-2d654a30 gb-headline-text\">Nos familles ont recours \u00e0 une vari\u00e9t\u00e9 de moyens de transport:<\/p>\n<\/div>\n\n\n\n<div class=\"wp-block-column is-layout-flow wp-block-column-is-layout-flow\">\n<ul class=\"wp-block-list has-lg-font-size\">\n<li>L\u2019autobus n\u00ba 208 de la ville s\u2019arr\u00eate devant l\u2019\u00e9cole (au coin des rues Tecumseh et Labrosse), en passant par le centre commercial Fairview.<\/li>\n\n\n\n<li>Plusieurs personnes choisissent de partager la t\u00e2che en organisant un syst\u00e8me de covoiturage avec les \u00e9l\u00e8ves de leur voisinage.<\/li>\n\n\n\n<li>Les v\u00e9los et les scooters sont autoris\u00e9s dans le stationnement de l\u2019\u00e9cole \u00e0 des endroits d\u00e9sign\u00e9s \u00e0 cet effet.<\/li>\n<\/ul>\n<\/div>\n<\/div>\n\n<\/div><\/div>\n\n<div class=\"gb-container gb-container-1f4fc53a alignfull\"><div class=\"gb-inside-container\">\n\n<div class=\"wp-block-cover aligncenter\" style=\"min-height:600px;aspect-ratio:unset;\"><img loading=\"lazy\" decoding=\"async\" width=\"1280\" height=\"854\" class=\"wp-block-cover__image-background wp-image-992\" alt=\"\" src=\"https:\/\/wicmtl.ca\/wp-content\/uploads\/2022\/06\/senior4877-2-1.jpeg\" style=\"object-position:47% 27%\" data-object-fit=\"cover\" data-object-position=\"47% 27%\" srcset=\"https:\/\/wicmtl.ca\/wp-content\/uploads\/2022\/06\/senior4877-2-1.jpeg 1280w, https:\/\/wicmtl.ca\/wp-content\/uploads\/2022\/06\/senior4877-2-1-300x200.jpeg 300w, https:\/\/wicmtl.ca\/wp-content\/uploads\/2022\/06\/senior4877-2-1-1024x683.jpeg 1024w, https:\/\/wicmtl.ca\/wp-content\/uploads\/2022\/06\/senior4877-2-1-768x512.jpeg 768w\" sizes=\"auto, (max-width: 1280px) 100vw, 1280px\" \/><span aria-hidden=\"true\" class=\"wp-block-cover__background has-black-background-color has-background-dim\"><\/span><div class=\"wp-block-cover__inner-container is-layout-flow wp-block-cover-is-layout-flow\"><div class=\"gb-container gb-container-97d8cc7b\"><div class=\"gb-inside-container\">\n\n<h2 class=\"gb-headline gb-headline-34b811a5 gb-headline-text\"><mark style=\"background-color:rgba(0, 0, 0, 0)\" class=\"has-inline-color has-light-color\">Questions fr\u00e9quemment pos\u00e9es<\/mark><\/h2>\n\n\n\n<div class=\"wp-block-buttons is-content-justification-center is-layout-flex wp-container-core-buttons-is-layout-16018d1d wp-block-buttons-is-layout-flex\">\n<div class=\"wp-block-button\"><a class=\"wp-block-button__link has-custom-font-size wp-element-button\" href=\"https:\/\/wicmtl.ca\/fr\/admission\/faq\/\" style=\"font-size:16px\">voir notre faq<\/a><\/div>\n<\/div>\n\n<\/div><\/div><\/div><\/div>\n\n<\/div><\/div>","protected":false},"excerpt":{"rendered":"<p>Pour nous joindre Absence ou arriv\u00e9e tardive Pour signaler une absence ou arriv\u00e9e tardive veuillez nous aviser avant 7 h 30 par courriel: wicabsences@wicmtl.ca Communiquer avec un(e) enseignant(e) Veuillez utiliser le portail COBA. Si vous avez besoin d\u2019aide avec votre code d\u2019acc\u00e8s, veuillez communiquer avec la r\u00e9ception. \u00c9quipe de direction Eric Jabal, Directeur g\u00e9n\u00e9ralLise Lafontaine, &#8230; <a title=\"Pour nous joindre\" class=\"read-more\" href=\"https:\/\/wicmtl.ca\/fr\/decouvrir\/contactez-nous\/\" aria-label=\"En savoir plus sur Pour nous joindre\">Lire plus<\/a><\/p>\n","protected":false},"author":2,"featured_media":0,"parent":19570,"menu_order":5,"comment_status":"closed","ping_status":"closed","template":"","meta":{"_themeisle_gutenberg_block_has_review":false,"footnotes":""},"class_list":["post-19578","page","type-page","status-publish"],"_links":{"self":[{"href":"https:\/\/wicmtl.ca\/fr\/wp-json\/wp\/v2\/pages\/19578","targetHints":{"allow":["GET"]}}],"collection":[{"href":"https:\/\/wicmtl.ca\/fr\/wp-json\/wp\/v2\/pages"}],"about":[{"href":"https:\/\/wicmtl.ca\/fr\/wp-json\/wp\/v2\/types\/page"}],"author":[{"embeddable":true,"href":"https:\/\/wicmtl.ca\/fr\/wp-json\/wp\/v2\/users\/2"}],"replies":[{"embeddable":true,"href":"https:\/\/wicmtl.ca\/fr\/wp-json\/wp\/v2\/comments?post=19578"}],"version-history":[{"count":69,"href":"https:\/\/wicmtl.ca\/fr\/wp-json\/wp\/v2\/pages\/19578\/revisions"}],"predecessor-version":[{"id":25858,"href":"https:\/\/wicmtl.ca\/fr\/wp-json\/wp\/v2\/pages\/19578\/revisions\/25858"}],"up":[{"embeddable":true,"href":"https:\/\/wicmtl.ca\/fr\/wp-json\/wp\/v2\/pages\/19570"}],"wp:attachment":[{"href":"https:\/\/wicmtl.ca\/fr\/wp-json\/wp\/v2\/media?parent=19578"}],"curies":[{"name":"wp","href":"https:\/\/api.w.org\/{rel}","templated":true}]}}