{"id":19577,"date":"2022-06-17T18:25:00","date_gmt":"2022-06-17T22:25:00","guid":{"rendered":"https:\/\/wicmtl.ca\/decouvrir\/visite-virtuelle\/"},"modified":"2023-05-30T11:09:15","modified_gmt":"2023-05-30T15:09:15","slug":"visite-virtuelle","status":"publish","type":"page","link":"https:\/\/wicmtl.ca\/fr\/decouvrir\/visite-virtuelle\/","title":{"rendered":"Visite virtuelle"},"content":{"rendered":"<div class=\"gb-container gb-container-48253b1b alignfull\"><div class=\"gb-inside-container\">\n\n<h1 class=\"gb-headline gb-headline-9293d29b gb-headline-text\">Visite virtuelle<\/h1>\n\n<\/div><\/div><div class=\"gb-container gb-container-57a5c513\"><div class=\"gb-inside-container\">\n\n<h2 class=\"gb-headline gb-headline-107a9505 gb-headline-text\">Cliquez sur les photos ci-dessous pour vivre l\u2019exp\u00e9rience virtuelle de nos installations.<\/h2>\n\n\n<div class=\"gb-grid-wrapper gb-grid-wrapper-3e6fea30\">\n<div class=\"gb-grid-column gb-grid-column-104291ec\"><div class=\"gb-container gb-container-104291ec\"><div class=\"gb-inside-container\">\n\n<h3 class=\"gb-headline gb-headline-9b7cf038 gb-headline-text\">Gymnase<\/h3>\n\n\n\n<figure class=\"wp-block-image size-large\"><a href=\"https:\/\/www.thinglink.com\/video\/1329104814486847490?buttonSource=viewLimits\" target=\"_blank\" rel=\"noreferrer noopener\"><img loading=\"lazy\" decoding=\"async\" width=\"1024\" height=\"683\" src=\"https:\/\/wicmtl.ca\/wp-content\/uploads\/2022\/06\/IMG_8195-1024x683.jpeg\" alt=\"\" class=\"wp-image-1075\" srcset=\"https:\/\/wicmtl.ca\/wp-content\/uploads\/2022\/06\/IMG_8195-1024x683.jpeg 1024w, https:\/\/wicmtl.ca\/wp-content\/uploads\/2022\/06\/IMG_8195-300x200.jpeg 300w, https:\/\/wicmtl.ca\/wp-content\/uploads\/2022\/06\/IMG_8195-768x512.jpeg 768w, https:\/\/wicmtl.ca\/wp-content\/uploads\/2022\/06\/IMG_8195-1600x1067.jpeg 1600w, https:\/\/wicmtl.ca\/wp-content\/uploads\/2022\/06\/IMG_8195-1536x1024.jpeg 1536w, https:\/\/wicmtl.ca\/wp-content\/uploads\/2022\/06\/IMG_8195.jpeg 1920w\" sizes=\"auto, (max-width: 1024px) 100vw, 1024px\" \/><\/a><\/figure>\n\n<\/div><\/div><\/div>\n\n<div class=\"gb-grid-column gb-grid-column-11e450c5\"><div class=\"gb-container gb-container-11e450c5\"><div class=\"gb-inside-container\">\n\n<h3 class=\"gb-headline gb-headline-4e885926 gb-headline-text\">Cour int\u00e9rieure<\/h3>\n\n\n\n<figure class=\"wp-block-image size-full\"><a href=\"https:\/\/www.thinglink.com\/video\/1329104878038941698?buttonSource=viewLimits\" target=\"_blank\" rel=\"noreferrer noopener\"><img loading=\"lazy\" decoding=\"async\" width=\"780\" height=\"498\" src=\"https:\/\/wicmtl.ca\/wp-content\/uploads\/2022\/06\/IMG_8174-780x498-1.jpeg\" alt=\"\" class=\"wp-image-1077\" srcset=\"https:\/\/wicmtl.ca\/wp-content\/uploads\/2022\/06\/IMG_8174-780x498-1.jpeg 780w, https:\/\/wicmtl.ca\/wp-content\/uploads\/2022\/06\/IMG_8174-780x498-1-300x192.jpeg 300w, https:\/\/wicmtl.ca\/wp-content\/uploads\/2022\/06\/IMG_8174-780x498-1-768x490.jpeg 768w\" sizes=\"auto, (max-width: 780px) 100vw, 780px\" \/><\/a><\/figure>\n\n<\/div><\/div><\/div>\n\n<div class=\"gb-grid-column gb-grid-column-f01d785d\"><div class=\"gb-container gb-container-f01d785d\"><div class=\"gb-inside-container\">\n\n<h3 class=\"gb-headline gb-headline-e0a616a9 gb-headline-text\">Salle de classe<\/h3>\n\n\n\n<figure class=\"wp-block-image size-full\"><a href=\"https:\/\/www.thinglink.com\/video\/1329104851946176514?buttonSource=viewLimits\" target=\"_blank\" rel=\"noreferrer noopener\"><img loading=\"lazy\" decoding=\"async\" width=\"780\" height=\"498\" src=\"https:\/\/wicmtl.ca\/wp-content\/uploads\/2022\/06\/IMG_8199-780x498-1.jpeg\" alt=\"\" class=\"wp-image-1080\" srcset=\"https:\/\/wicmtl.ca\/wp-content\/uploads\/2022\/06\/IMG_8199-780x498-1.jpeg 780w, https:\/\/wicmtl.ca\/wp-content\/uploads\/2022\/06\/IMG_8199-780x498-1-300x192.jpeg 300w, https:\/\/wicmtl.ca\/wp-content\/uploads\/2022\/06\/IMG_8199-780x498-1-768x490.jpeg 768w\" sizes=\"auto, (max-width: 780px) 100vw, 780px\" \/><\/a><\/figure>\n\n<\/div><\/div><\/div>\n\n<div class=\"gb-grid-column gb-grid-column-69cc3add\"><div class=\"gb-container gb-container-69cc3add\"><div class=\"gb-inside-container\">\n\n<h3 class=\"gb-headline gb-headline-7a209d18 gb-headline-text\">Studio 1<\/h3>\n\n\n\n<figure class=\"wp-block-image size-full\"><a href=\"https:\/\/www.thinglink.com\/video\/1329105069534085123?buttonSource=viewLimits\" target=\"_blank\" rel=\"noreferrer noopener\"><img loading=\"lazy\" decoding=\"async\" width=\"780\" height=\"498\" src=\"https:\/\/wicmtl.ca\/wp-content\/uploads\/2022\/06\/IMG_20200615_110644_534-780x498-1.jpeg\" alt=\"\" class=\"wp-image-1082\" srcset=\"https:\/\/wicmtl.ca\/wp-content\/uploads\/2022\/06\/IMG_20200615_110644_534-780x498-1.jpeg 780w, https:\/\/wicmtl.ca\/wp-content\/uploads\/2022\/06\/IMG_20200615_110644_534-780x498-1-300x192.jpeg 300w, https:\/\/wicmtl.ca\/wp-content\/uploads\/2022\/06\/IMG_20200615_110644_534-780x498-1-768x490.jpeg 768w\" sizes=\"auto, (max-width: 780px) 100vw, 780px\" \/><\/a><\/figure>\n\n<\/div><\/div><\/div>\n\n<div class=\"gb-grid-column gb-grid-column-c242f01f\"><div class=\"gb-container gb-container-c242f01f\"><div class=\"gb-inside-container\">\n\n<h3 class=\"gb-headline gb-headline-15e61588 gb-headline-text\">Studio 2<\/h3>\n\n\n\n<figure class=\"wp-block-image size-full\"><a href=\"https:\/\/www.thinglink.com\/video\/1329105100118949891?buttonSource=viewLimits\" target=\"_blank\" rel=\"noreferrer noopener\"><img loading=\"lazy\" decoding=\"async\" width=\"780\" height=\"498\" src=\"https:\/\/wicmtl.ca\/wp-content\/uploads\/2022\/06\/Studio-780x498-1.jpeg\" alt=\"\" class=\"wp-image-1083\" srcset=\"https:\/\/wicmtl.ca\/wp-content\/uploads\/2022\/06\/Studio-780x498-1.jpeg 780w, https:\/\/wicmtl.ca\/wp-content\/uploads\/2022\/06\/Studio-780x498-1-300x192.jpeg 300w, https:\/\/wicmtl.ca\/wp-content\/uploads\/2022\/06\/Studio-780x498-1-768x490.jpeg 768w\" sizes=\"auto, (max-width: 780px) 100vw, 780px\" \/><\/a><\/figure>\n\n<\/div><\/div><\/div>\n\n<div class=\"gb-grid-column gb-grid-column-95176087\"><div class=\"gb-container gb-container-95176087\"><div class=\"gb-inside-container\">\n\n<h3 class=\"gb-headline gb-headline-7aefe3f5 gb-headline-text\">Cubicule d\u2019\u00e9tude<\/h3>\n\n\n\n<figure class=\"wp-block-image size-full\"><a href=\"https:\/\/www.thinglink.com\/video\/1329105162098180097?buttonSource=viewLimits\" target=\"_blank\" rel=\"noreferrer noopener\"><img loading=\"lazy\" decoding=\"async\" width=\"780\" height=\"498\" src=\"https:\/\/wicmtl.ca\/wp-content\/uploads\/2022\/06\/IMG_8176-780x498-1.jpeg\" alt=\"\" class=\"wp-image-1078\" srcset=\"https:\/\/wicmtl.ca\/wp-content\/uploads\/2022\/06\/IMG_8176-780x498-1.jpeg 780w, https:\/\/wicmtl.ca\/wp-content\/uploads\/2022\/06\/IMG_8176-780x498-1-300x192.jpeg 300w, https:\/\/wicmtl.ca\/wp-content\/uploads\/2022\/06\/IMG_8176-780x498-1-768x490.jpeg 768w\" sizes=\"auto, (max-width: 780px) 100vw, 780px\" \/><\/a><\/figure>\n\n<\/div><\/div><\/div>\n\n<div class=\"gb-grid-column gb-grid-column-a6487736\"><div class=\"gb-container gb-container-a6487736\"><div class=\"gb-inside-container\">\n\n<h3 class=\"gb-headline gb-headline-6ef01b03 gb-headline-text\">Couloir<\/h3>\n\n\n\n<figure class=\"wp-block-image size-full\"><a href=\"https:\/\/www.thinglink.com\/video\/1329105233120329731?buttonSource=viewLimits\" target=\"_blank\" rel=\"noreferrer noopener\"><img loading=\"lazy\" decoding=\"async\" width=\"780\" height=\"498\" src=\"https:\/\/wicmtl.ca\/wp-content\/uploads\/2022\/06\/IMG_8182-780x498-1.jpeg\" alt=\"\" class=\"wp-image-1079\" srcset=\"https:\/\/wicmtl.ca\/wp-content\/uploads\/2022\/06\/IMG_8182-780x498-1.jpeg 780w, https:\/\/wicmtl.ca\/wp-content\/uploads\/2022\/06\/IMG_8182-780x498-1-300x192.jpeg 300w, https:\/\/wicmtl.ca\/wp-content\/uploads\/2022\/06\/IMG_8182-780x498-1-768x490.jpeg 768w\" sizes=\"auto, (max-width: 780px) 100vw, 780px\" \/><\/a><\/figure>\n\n<\/div><\/div><\/div>\n\n<div class=\"gb-grid-column gb-grid-column-cdc42405\"><div class=\"gb-container gb-container-cdc42405\"><div class=\"gb-inside-container\">\n\n<h3 class=\"gb-headline gb-headline-e326ffd6 gb-headline-text\">Salle d\u2019attente, conseill\u00e8re en orientation<\/h3>\n\n\n\n<figure class=\"wp-block-image size-full\"><a href=\"https:\/\/www.thinglink.com\/video\/1329105303442030594?buttonSource=viewLimits\" target=\"_blank\" rel=\"noreferrer noopener\"><img loading=\"lazy\" decoding=\"async\" width=\"780\" height=\"498\" src=\"https:\/\/wicmtl.ca\/wp-content\/uploads\/2022\/06\/IMG_20200615_110542_524-780x498-1.jpeg\" alt=\"\" class=\"wp-image-1081\" srcset=\"https:\/\/wicmtl.ca\/wp-content\/uploads\/2022\/06\/IMG_20200615_110542_524-780x498-1.jpeg 780w, https:\/\/wicmtl.ca\/wp-content\/uploads\/2022\/06\/IMG_20200615_110542_524-780x498-1-300x192.jpeg 300w, https:\/\/wicmtl.ca\/wp-content\/uploads\/2022\/06\/IMG_20200615_110542_524-780x498-1-768x490.jpeg 768w\" sizes=\"auto, (max-width: 780px) 100vw, 780px\" \/><\/a><\/figure>\n\n<\/div><\/div><\/div>\n<\/div>\n<\/div><\/div><div class=\"gb-container gb-container-8b49c4a9 alignfull\"><div class=\"gb-inside-container\">\n\n<h2 class=\"gb-headline gb-headline-46e6ae9c gb-headline-text\">Nous vous invitons \u00e0 explorer nos vid\u00e9os<\/h2>\n\n\n<div class=\"gb-grid-wrapper gb-grid-wrapper-00947a87\">\n<div class=\"gb-grid-column gb-grid-column-feae8199\"><div class=\"gb-container gb-container-feae8199\"><div class=\"gb-inside-container\">\n\n<h3 class=\"gb-headline gb-headline-29092e97 gb-headline-text\">Introduction<\/h3>\n\n\n\n<figure class=\"wp-block-embed is-type-video is-provider-youtube wp-block-embed-youtube wp-embed-aspect-16-9 wp-has-aspect-ratio\"><div class=\"wp-block-embed__wrapper\">\n<iframe loading=\"lazy\" title=\"Virtual Tour - Introduction - West Island College\" width=\"1200\" height=\"675\" src=\"https:\/\/www.youtube.com\/embed\/4j8A27fZ-7E?feature=oembed\" frameborder=\"0\" allow=\"accelerometer; autoplay; clipboard-write; encrypted-media; gyroscope; picture-in-picture; web-share\" allowfullscreen><\/iframe>\n<\/div><\/figure>\n\n<\/div><\/div><\/div>\n\n<div class=\"gb-grid-column gb-grid-column-940bb098\"><div class=\"gb-container gb-container-940bb098\"><div class=\"gb-inside-container\">\n\n<h3 class=\"gb-headline gb-headline-b7e11e83 gb-headline-text\">Salles de classe &amp; apprentissage enligne<\/h3>\n\n\n\n<figure class=\"wp-block-embed is-type-video is-provider-youtube wp-block-embed-youtube wp-embed-aspect-16-9 wp-has-aspect-ratio\"><div class=\"wp-block-embed__wrapper\">\n<iframe loading=\"lazy\" title=\"Virtual Tour - Classrooms and online learning - West Island College\" width=\"1200\" height=\"675\" src=\"https:\/\/www.youtube.com\/embed\/ZxU3lcSrVx8?feature=oembed\" frameborder=\"0\" allow=\"accelerometer; autoplay; clipboard-write; encrypted-media; gyroscope; picture-in-picture; web-share\" allowfullscreen><\/iframe>\n<\/div><\/figure>\n\n<\/div><\/div><\/div>\n\n<div class=\"gb-grid-column gb-grid-column-4341fc2e\"><div class=\"gb-container gb-container-4341fc2e\"><div class=\"gb-inside-container\">\n\n<h3 class=\"gb-headline gb-headline-fd6b6709 gb-headline-text\">Vie \u00e9tudiante &amp; activit\u00e9s parascolaire<\/h3>\n\n\n\n<figure class=\"wp-block-embed is-type-video is-provider-youtube wp-block-embed-youtube wp-embed-aspect-16-9 wp-has-aspect-ratio\"><div class=\"wp-block-embed__wrapper\">\n<iframe loading=\"lazy\" title=\"Virtual Tour - Student Life and extra-curricular activities - West Island College\" width=\"1200\" height=\"675\" src=\"https:\/\/www.youtube.com\/embed\/aFfsyQ782AA?feature=oembed\" frameborder=\"0\" allow=\"accelerometer; autoplay; clipboard-write; encrypted-media; gyroscope; picture-in-picture; web-share\" allowfullscreen><\/iframe>\n<\/div><\/figure>\n\n<\/div><\/div><\/div>\n\n<div class=\"gb-grid-column gb-grid-column-c5a84b98\"><div class=\"gb-container gb-container-c5a84b98\"><div class=\"gb-inside-container\">\n\n<h2 class=\"gb-headline gb-headline-d3265d04 gb-headline-text\">Service communautaire<\/h2>\n\n\n\n<figure class=\"wp-block-embed is-type-video is-provider-youtube wp-block-embed-youtube wp-embed-aspect-16-9 wp-has-aspect-ratio\"><div class=\"wp-block-embed__wrapper\">\n<iframe loading=\"lazy\" title=\"Virtual Tour - Community Service - West Island College\" width=\"1200\" height=\"675\" src=\"https:\/\/www.youtube.com\/embed\/8BznMLvRZsA?feature=oembed\" frameborder=\"0\" allow=\"accelerometer; autoplay; clipboard-write; encrypted-media; gyroscope; picture-in-picture; web-share\" allowfullscreen><\/iframe>\n<\/div><\/figure>\n\n<\/div><\/div><\/div>\n\n<div class=\"gb-grid-column gb-grid-column-8647ccfc\"><div class=\"gb-container gb-container-8647ccfc\"><div class=\"gb-inside-container\">\n\n<h3 class=\"gb-headline gb-headline-bdf700b7 gb-headline-text\">Sciences<\/h3>\n\n\n\n<figure class=\"wp-block-embed is-type-video is-provider-youtube wp-block-embed-youtube wp-embed-aspect-16-9 wp-has-aspect-ratio\"><div class=\"wp-block-embed__wrapper\">\n<iframe loading=\"lazy\" title=\"Virtual Tour - Science labs - West Island College\" width=\"1200\" height=\"675\" src=\"https:\/\/www.youtube.com\/embed\/Q_vFKJ-wgRE?feature=oembed\" frameborder=\"0\" allow=\"accelerometer; autoplay; clipboard-write; encrypted-media; gyroscope; picture-in-picture; web-share\" allowfullscreen><\/iframe>\n<\/div><\/figure>\n\n<\/div><\/div><\/div>\n\n<div class=\"gb-grid-column gb-grid-column-445062c6\"><div class=\"gb-container gb-container-445062c6\"><div class=\"gb-inside-container\">\n\n<h3 class=\"gb-headline gb-headline-99e57671 gb-headline-text\">Syst\u00e8me de maison<\/h3>\n\n\n\n<figure class=\"wp-block-embed is-type-video is-provider-youtube wp-block-embed-youtube wp-embed-aspect-16-9 wp-has-aspect-ratio\"><div class=\"wp-block-embed__wrapper\">\n<iframe loading=\"lazy\" title=\"Virtual Tour - House System - West Island College\" width=\"1200\" height=\"675\" src=\"https:\/\/www.youtube.com\/embed\/G8y2k2PMDlY?feature=oembed\" frameborder=\"0\" allow=\"accelerometer; autoplay; clipboard-write; encrypted-media; gyroscope; picture-in-picture; web-share\" allowfullscreen><\/iframe>\n<\/div><\/figure>\n\n<\/div><\/div><\/div>\n\n<div class=\"gb-grid-column gb-grid-column-283a5f97\"><div class=\"gb-container gb-container-283a5f97\"><div class=\"gb-inside-container\">\n\n<h3 class=\"gb-headline gb-headline-a605016c gb-headline-text\">Sports<\/h3>\n\n\n\n<figure class=\"wp-block-embed is-type-video is-provider-youtube wp-block-embed-youtube wp-embed-aspect-16-9 wp-has-aspect-ratio\"><div class=\"wp-block-embed__wrapper\">\n<iframe loading=\"lazy\" title=\"Virtual Tour - Sports - West Island College\" width=\"1200\" height=\"675\" src=\"https:\/\/www.youtube.com\/embed\/HOxdUmTo17g?feature=oembed\" frameborder=\"0\" allow=\"accelerometer; autoplay; clipboard-write; encrypted-media; gyroscope; picture-in-picture; web-share\" allowfullscreen><\/iframe>\n<\/div><\/figure>\n\n<\/div><\/div><\/div>\n\n<div class=\"gb-grid-column gb-grid-column-8a4436d4\"><div class=\"gb-container gb-container-8a4436d4\"><div class=\"gb-inside-container\">\n\n<h3 class=\"gb-headline gb-headline-32e11be1 gb-headline-text\">Leadership<\/h3>\n\n\n\n<figure class=\"wp-block-embed is-type-video is-provider-youtube wp-block-embed-youtube wp-embed-aspect-16-9 wp-has-aspect-ratio\"><div class=\"wp-block-embed__wrapper\">\n<iframe loading=\"lazy\" title=\"Virtual Tour - Leadership - West Island College\" width=\"1200\" height=\"675\" src=\"https:\/\/www.youtube.com\/embed\/0ZpcZEon_DE?feature=oembed\" frameborder=\"0\" allow=\"accelerometer; autoplay; clipboard-write; encrypted-media; gyroscope; picture-in-picture; web-share\" allowfullscreen><\/iframe>\n<\/div><\/figure>\n\n<\/div><\/div><\/div>\n\n<div class=\"gb-grid-column gb-grid-column-5d01eb2d\"><div class=\"gb-container gb-container-5d01eb2d\"><div class=\"gb-inside-container\">\n\n<h3 class=\"gb-headline gb-headline-e4da37a1 gb-headline-text\">Soutien aux \u00e9tudiants<\/h3>\n\n\n\n<figure class=\"wp-block-embed is-type-video is-provider-youtube wp-block-embed-youtube wp-embed-aspect-16-9 wp-has-aspect-ratio\"><div class=\"wp-block-embed__wrapper\">\n<iframe loading=\"lazy\" title=\"Virtual Tour - Student Support - West Island College\" width=\"1200\" height=\"675\" src=\"https:\/\/www.youtube.com\/embed\/dBxWmtGUotY?feature=oembed\" frameborder=\"0\" allow=\"accelerometer; autoplay; clipboard-write; encrypted-media; gyroscope; picture-in-picture; web-share\" allowfullscreen><\/iframe>\n<\/div><\/figure>\n\n<\/div><\/div><\/div>\n\n<div class=\"gb-grid-column gb-grid-column-0faa8882\"><div class=\"gb-container gb-container-0faa8882\"><div class=\"gb-inside-container\">\n\n<h3 class=\"gb-headline gb-headline-878bca0e gb-headline-text\">Cour int\u00e9rieure &amp; salles \u00e9tudes<\/h3>\n\n\n\n<figure class=\"wp-block-embed is-type-video is-provider-youtube wp-block-embed-youtube wp-embed-aspect-16-9 wp-has-aspect-ratio\"><div class=\"wp-block-embed__wrapper\">\n<iframe loading=\"lazy\" title=\"Virtual Tour - Courtyard and Pods - West Island College\" width=\"1200\" height=\"675\" src=\"https:\/\/www.youtube.com\/embed\/JzQXs9Q32co?feature=oembed\" frameborder=\"0\" allow=\"accelerometer; autoplay; clipboard-write; encrypted-media; gyroscope; picture-in-picture; web-share\" allowfullscreen><\/iframe>\n<\/div><\/figure>\n\n<\/div><\/div><\/div>\n\n<div class=\"gb-grid-column gb-grid-column-410bb855\"><div class=\"gb-container gb-container-410bb855\"><div class=\"gb-inside-container\">\n\n<h3 class=\"gb-headline gb-headline-3a2960c4 gb-headline-text\">Programme d&#8217;\u00e9ducation exp\u00e9rientiell <\/h3>\n\n\n\n<figure class=\"wp-block-embed is-type-video is-provider-youtube wp-block-embed-youtube wp-embed-aspect-16-9 wp-has-aspect-ratio\"><div class=\"wp-block-embed__wrapper\">\n<iframe loading=\"lazy\" title=\"Virtual Tour - Experiential Education Program - West Island College\" width=\"1200\" height=\"675\" src=\"https:\/\/www.youtube.com\/embed\/Tu9Vq7BQPhk?feature=oembed\" frameborder=\"0\" allow=\"accelerometer; autoplay; clipboard-write; encrypted-media; gyroscope; picture-in-picture; web-share\" allowfullscreen><\/iframe>\n<\/div><\/figure>\n\n<\/div><\/div><\/div>\n\n<div class=\"gb-grid-column gb-grid-column-5fd29430\"><div class=\"gb-container gb-container-5fd29430\"><div class=\"gb-inside-container\">\n\n<h3 class=\"gb-headline gb-headline-1b110687 gb-headline-text\">Le programme d&#8217;art<\/h3>\n\n\n\n<figure class=\"wp-block-embed is-type-video is-provider-youtube wp-block-embed-youtube wp-embed-aspect-16-9 wp-has-aspect-ratio\"><div class=\"wp-block-embed__wrapper\">\n<iframe loading=\"lazy\" title=\"Virtual Tour - The Arts Program - West Island College\" width=\"1200\" height=\"675\" src=\"https:\/\/www.youtube.com\/embed\/Pfye-s9y3bM?feature=oembed\" frameborder=\"0\" allow=\"accelerometer; autoplay; clipboard-write; encrypted-media; gyroscope; picture-in-picture; web-share\" allowfullscreen><\/iframe>\n<\/div><\/figure>\n\n<\/div><\/div><\/div>\n\n<div class=\"gb-grid-column gb-grid-column-6e1e805c\"><div class=\"gb-container gb-container-6e1e805c\"><div class=\"gb-inside-container\">\n\n<h3 class=\"gb-headline gb-headline-13282a71 gb-headline-text\">Caf\u00e9t\u00e9ria<\/h3>\n\n\n\n<figure class=\"wp-block-embed is-type-video is-provider-youtube wp-block-embed-youtube wp-embed-aspect-16-9 wp-has-aspect-ratio\"><div class=\"wp-block-embed__wrapper\">\n<iframe loading=\"lazy\" title=\"Virtual Tour - Cafeteria - West Island College\/Coll\u00e8ge de l\u2019Ouest de l\u2019\u00cele\" width=\"1200\" height=\"675\" src=\"https:\/\/www.youtube.com\/embed\/jiR0zgDG4rA?feature=oembed\" frameborder=\"0\" allow=\"accelerometer; autoplay; clipboard-write; encrypted-media; gyroscope; picture-in-picture; web-share\" allowfullscreen><\/iframe>\n<\/div><\/figure>\n\n<\/div><\/div><\/div>\n\n<div class=\"gb-grid-column gb-grid-column-01060ae7\"><div class=\"gb-container gb-container-01060ae7\"><div class=\"gb-inside-container\">\n\n<h3 class=\"gb-headline gb-headline-433dc06c gb-headline-text\">Communaut\u00e9 d&#8217;anciens \u00e9l\u00e8ves<\/h3>\n\n\n\n<figure class=\"wp-block-embed is-type-video is-provider-youtube wp-block-embed-youtube wp-embed-aspect-16-9 wp-has-aspect-ratio\"><div class=\"wp-block-embed__wrapper\">\n<iframe loading=\"lazy\" title=\"Virtual Tour - Alumni network - West Island College\" width=\"1200\" height=\"675\" src=\"https:\/\/www.youtube.com\/embed\/saIeA4Pvasg?feature=oembed\" frameborder=\"0\" allow=\"accelerometer; autoplay; clipboard-write; encrypted-media; gyroscope; picture-in-picture; web-share\" allowfullscreen><\/iframe>\n<\/div><\/figure>\n\n<\/div><\/div><\/div>\n<\/div>\n<\/div><\/div>","protected":false},"excerpt":{"rendered":"<p>Visite virtuelle Cliquez sur les photos ci-dessous pour vivre l\u2019exp\u00e9rience virtuelle de nos installations. Nous vous invitons \u00e0 explorer nos vid\u00e9os<\/p>\n","protected":false},"author":2,"featured_media":0,"parent":19570,"menu_order":4,"comment_status":"closed","ping_status":"closed","template":"","meta":{"_themeisle_gutenberg_block_has_review":false,"footnotes":""},"class_list":["post-19577","page","type-page","status-publish"],"_links":{"self":[{"href":"https:\/\/wicmtl.ca\/fr\/wp-json\/wp\/v2\/pages\/19577","targetHints":{"allow":["GET"]}}],"collection":[{"href":"https:\/\/wicmtl.ca\/fr\/wp-json\/wp\/v2\/pages"}],"about":[{"href":"https:\/\/wicmtl.ca\/fr\/wp-json\/wp\/v2\/types\/page"}],"author":[{"embeddable":true,"href":"https:\/\/wicmtl.ca\/fr\/wp-json\/wp\/v2\/users\/2"}],"replies":[{"embeddable":true,"href":"https:\/\/wicmtl.ca\/fr\/wp-json\/wp\/v2\/comments?post=19577"}],"version-history":[{"count":5,"href":"https:\/\/wicmtl.ca\/fr\/wp-json\/wp\/v2\/pages\/19577\/revisions"}],"predecessor-version":[{"id":21882,"href":"https:\/\/wicmtl.ca\/fr\/wp-json\/wp\/v2\/pages\/19577\/revisions\/21882"}],"up":[{"embeddable":true,"href":"https:\/\/wicmtl.ca\/fr\/wp-json\/wp\/v2\/pages\/19570"}],"wp:attachment":[{"href":"https:\/\/wicmtl.ca\/fr\/wp-json\/wp\/v2\/media?parent=19577"}],"curies":[{"name":"wp","href":"https:\/\/api.w.org\/{rel}","templated":true}]}}