{"id":19574,"date":"2022-06-17T18:23:43","date_gmt":"2022-06-17T22:23:43","guid":{"rendered":"https:\/\/wicmtl.ca\/decouvrir\/mission-et-vision\/"},"modified":"2025-08-11T15:15:57","modified_gmt":"2025-08-11T19:15:57","slug":"mission-et-vision","status":"publish","type":"page","link":"https:\/\/wicmtl.ca\/fr\/decouvrir\/mission-et-vision\/","title":{"rendered":"Notre Mission, Notre Vision et Nos Valeurs"},"content":{"rendered":"<div class=\"gb-container gb-container-e8aca88c alignfull\"><div class=\"gb-inside-container\">\n\n<h1 class=\"gb-headline gb-headline-70420113 gb-headline-text\">Notre Mission, Notre Vision et Nos Valeurs<\/h1>\n\n<\/div><\/div><div class=\"gb-container gb-container-643c6ea3\"><div class=\"gb-inside-container\">\n\n<div class=\"wp-block-columns is-layout-flex wp-container-core-columns-is-layout-201b4ec5 wp-block-columns-is-layout-flex\">\n<div class=\"wp-block-column is-vertically-aligned-top ticss-9a0b89b4 is-layout-flow wp-block-column-is-layout-flow\">\n<h2 class=\"gb-headline gb-headline-1872763a gb-headline-text\">NOTRE MISSION<\/h2>\n\n\n\n<p class=\"has-lg-font-size\">Nous cultivons une communaut\u00e9 bilingue et dynamique o\u00f9 tous les membres s&#8217;\u00e9panouissent en tissant des liens forts et en vivant des apprentissages ancr\u00e9s dans la r\u00e9alit\u00e9, qui nourrissent la confiance, encouragent l\u2019exploration et donnent un sens au parcours de chacun en tant que Voyageur.<\/p>\n<\/div>\n\n\n\n<div class=\"wp-block-column ticss-012968c8 is-layout-flow wp-block-column-is-layout-flow\">\n<h2 class=\"gb-headline gb-headline-5c63aee1 gb-headline-text\">NOTRE VISION<\/h2>\n\n\n\n<p class=\"has-lg-font-size\">\u00catre un chef de file de l\u2019enseignement bilingue et exp\u00e9rientiel \u2013 une \u00e9cole o\u00f9 chaque Voyageur trace son parcours avec curiosit\u00e9, courage et int\u00e9grit\u00e9; o\u00f9 le sentiment d\u2019appartenance inspire la passion; et o\u00f9 l\u2019apprentissage stimule la croissance personnelle.<\/p>\n<\/div>\n<\/div>\n\n\n\n<h2 class=\"gb-headline gb-headline-a679b121 gb-headline-text\">NOS VALEURS<\/h2>\n\n\n<div id=\"gutenslider-dsefpwjb0\" class=\"wp-block-eedee-block-gutenslider gs-frontend content-change alignnone arrow-style-1 arrow-position-sides arrow-mb-none arrows-lg arrows-md arrows-sm dot-style-1 dots-lg dots-md dots-sm dot-position-bottom is-position-center-center mb-none wrap-auto-height\" data-parallax-direction=\"down\" data-parallax-amount=\"1.3\" data-lg-transition=\"lg-slide\" data-hash=\"\" ><div class=\"eedee-swiper-outer\" style=\"--gutenslider-min-height: 50vh;--gutenslider-arrow-size: 30px;--gutenslider-dot-size: 25px;--gutenslider-arrow-color: #ffffff;--gutenslider-dot-color: #ffffff;--gutenslider-padding-y-mobile: 40px;--gutenslider-padding-x-mobile: 40px;--gutenslider-padding-y-tablet: 40px;--gutenslider-padding-x-tablet: 40px;--gutenslider-padding-y-desktop: 40px;--gutenslider-padding-x-desktop: 40px;--gutenslider-bg-image: url();--gutenslider-min-height-md: 50vh;--gutenslider-min-height-sm: 50vh;--gutenslider-padding-x: 40px;--gutenslider-padding-x-md: 40px;--gutenslider-padding-x-sm: 20px;--gutenslider-padding-y: 40px;--gutenslider-padding-y-md: 40px;--gutenslider-padding-y-sm: 20px;--gutenslider-arrow-size-md: 30px;--gutenslider-arrow-size-sm: 30px;--gutenslider-dot-size-md: 25px;--gutenslider-dot-size-sm: 25px;--gutenslider-arrow-bg-color: transparent;--gutenslider-arrow-hover-color: #eeeeee;--gutenslider-arrow-bg-hover-color: transparent;--gutenslider-arrow-x-offset: 10px;--gutenslider-arrow-x-offset-md: 10px;--gutenslider-arrow-x-offset-sm: 10px;--gutenslider-arrow-y-offset: 0px;--gutenslider-arrow-y-offset-md: 0px;--gutenslider-arrow-y-offset-sm: 0px;--gutenslider-arrow-x-spacing: 0px;--gutenslider-dot-y-offset: 10px;--gutenslider-dot-y-offset-md: 10px;--gutenslider-dot-y-offset-sm: 10px;--gutenslider-margin-x: 0px;--gutenslider-margin-x-md: 0px;--gutenslider-margin-x-sm: 0px;--gutenslider-margin-y: 0px;--gutenslider-margin-y-md: 0px;--gutenslider-margin-y-sm: 0px;--gutenslider-divider-top: 60px;--gutenslider-divider-bottom: 60px;--gutenslider-lightgallery-bg: #ffffff;--gutenslider-lightgallery-font: #000000;--gs-first-pos: 54% 39%;--gs-gap-vertical: var( --wp--style--gallery-gap-default, var( --gallery-block--gutter-size, var( --wp--style--block-gap, 0.5em ) ) );--gs-gap-horizontal: var( --wp--style--gallery-gap-default, var( --gallery-block--gutter-size, var( --wp--style--block-gap, 0.5em ) ) );\"><div class=\"gutenslider-divider-top\" style=\"color:#fff;\"><\/div><div class=\"swiper\" data-settings='{\"autoplay\":{\"delay\":3000,\"pauseOnMouseEnter\":true,\"disableOnInteraction\":false},\"speed\":700,\"direction\":\"horizontal\",\"autoHeight\":\"\",\"loop\":true,\"centeredSlides\":true,\"spaceBetween\":0,\"slidesPerView\":1,\"slidesPerGroup\":1,\"effect\":\"slide\",\"coverflowEffect\":{\"rotate\":30,\"slideShadows\":false,\"depth\":100,\"stretch\":50,\"modifier\":1},\"fadeEffect\":{\"crossFade\":true},\"zoom\":\"\",\"navigation\":{\"nextEl\":\"#gutenslider-dsefpwjb0 .eedee-gutenslider-next\",\"prevEl\":\"#gutenslider-dsefpwjb0 .eedee-gutenslider-prev\"},\"pagination\":{\"type\":\"bullets\",\"clickable\":true,\"dynamicBullets\":false,\"el\":\"#gutenslider-dsefpwjb0 .eedee-gutenslider-pagination\"},\"pauseOnHover\":\"1\",\"watchSlidesProgress\":true,\"watchSlidesVisibility\":true,\"settingsMd\":{\"autoHeight\":\"\",\"slidesPerView\":1,\"slidesPerGroup\":1,\"spaceBetween\":0,\"loop\":true},\"settingsLg\":{\"autoHeight\":\"\",\"slidesPerView\":1,\"slidesPerGroup\":1,\"spaceBetween\":0,\"loop\":true},\"hasLg\":false,\"hasLgCounter\":true,\"isFullScreen\":false,\"arrowsFollowMouse\":false,\"lgTitle\":\"none\",\"lgCaption\":\"none\",\"lgThumbnails\":true,\"lgZoomEnabled\":false,\"keyboard\":{\"keyboard\":{\"enabled\":true,\"onlyInViewport\":true}},\"hashNavigation\":false,\"dividers\":false}'><div class=\"swiper-wrapper\">\n<div class=\"swiper-slide wp-block-eedee-block-gutenslide is-position-center-center ed-bg-image\" style=\"--ed-vw:300;--ed-vh:200;\" data-hash=\"\"><div class=\"eedee-background-div bg-image\"><img loading=\"lazy\" width=\"2560\" height=\"1707\" class=\"wp-image-25406\" src=\"https:\/\/wicmtl.ca\/wp-content\/uploads\/2025\/08\/PBL-WIC2023-10490-1-scaled.jpg\" alt=\"\" decoding=\"async\" style=\"object-fit: cover; object-position: 54% 39%;\"  data-title=\"PBL-WIC2023-10490 (1)\" srcset=\"https:\/\/wicmtl.ca\/wp-content\/uploads\/2025\/08\/PBL-WIC2023-10490-1-scaled.jpg 2560w, https:\/\/wicmtl.ca\/wp-content\/uploads\/2025\/08\/PBL-WIC2023-10490-1-300x200.jpg 300w, https:\/\/wicmtl.ca\/wp-content\/uploads\/2025\/08\/PBL-WIC2023-10490-1-1024x683.jpg 1024w, https:\/\/wicmtl.ca\/wp-content\/uploads\/2025\/08\/PBL-WIC2023-10490-1-768x512.jpg 768w, https:\/\/wicmtl.ca\/wp-content\/uploads\/2025\/08\/PBL-WIC2023-10490-1-50x33.jpg 50w, https:\/\/wicmtl.ca\/wp-content\/uploads\/2025\/08\/PBL-WIC2023-10490-1-1600x1067.jpg 1600w, https:\/\/wicmtl.ca\/wp-content\/uploads\/2025\/08\/PBL-WIC2023-10490-1-1536x1024.jpg 1536w, https:\/\/wicmtl.ca\/wp-content\/uploads\/2025\/08\/PBL-WIC2023-10490-1-2048x1365.jpg 2048w\" sizes=\"auto, (max-width: 2560px) 100vw, 2560px\" \/><div class=\"eedee-background-div__overlay\" style=\"opacity:0.4;background:#1F1F1F;\"><\/div><\/div><div class=\"slide-content\">\n\n<div class=\"wp-block-group is-layout-flow wp-block-group-is-layout-flow\" style=\"padding-top:50px;padding-right:50px;padding-bottom:50px;padding-left:50px\">\n<h2 class=\"gb-headline gb-headline-16fb96cb gb-headline-text\">Appartenance<\/h2>\n\n\n\n<p class=\"has-text-align-center has-base-3-color has-text-color has-lg-font-size\">Tisser des liens forts et nourrir l\u2019esprit de communaut\u00e9<\/p>\n<\/div>\n\n<\/div><\/div>\n\n<div class=\"swiper-slide wp-block-eedee-block-gutenslide is-position-center-center ed-bg-image\" style=\"--ed-vw:300;--ed-vh:200;\" data-hash=\"\"><div class=\"eedee-background-div bg-image\"><img loading=\"lazy\" width=\"2560\" height=\"1708\" class=\"wp-image-25408\" src=\"https:\/\/wicmtl.ca\/wp-content\/uploads\/2025\/08\/7R303261_1-1-scaled.jpg\" alt=\"\" decoding=\"async\" style=\"object-fit: cover; object-position: 50% 50%;\"  data-title=\"7R303261_1 (1)\" srcset=\"https:\/\/wicmtl.ca\/wp-content\/uploads\/2025\/08\/7R303261_1-1-scaled.jpg 2560w, https:\/\/wicmtl.ca\/wp-content\/uploads\/2025\/08\/7R303261_1-1-300x200.jpg 300w, https:\/\/wicmtl.ca\/wp-content\/uploads\/2025\/08\/7R303261_1-1-1024x683.jpg 1024w, https:\/\/wicmtl.ca\/wp-content\/uploads\/2025\/08\/7R303261_1-1-768x512.jpg 768w, https:\/\/wicmtl.ca\/wp-content\/uploads\/2025\/08\/7R303261_1-1-50x33.jpg 50w, https:\/\/wicmtl.ca\/wp-content\/uploads\/2025\/08\/7R303261_1-1-1600x1067.jpg 1600w, https:\/\/wicmtl.ca\/wp-content\/uploads\/2025\/08\/7R303261_1-1-1536x1025.jpg 1536w, https:\/\/wicmtl.ca\/wp-content\/uploads\/2025\/08\/7R303261_1-1-2048x1366.jpg 2048w\" sizes=\"auto, (max-width: 2560px) 100vw, 2560px\" \/><div class=\"eedee-background-div__overlay\" style=\"opacity:0.4;background:#1F1F1F;\"><\/div><\/div><div class=\"slide-content\">\n\n<div class=\"wp-block-group is-layout-flow wp-block-group-is-layout-flow\" style=\"padding-top:50px;padding-right:50px;padding-bottom:50px;padding-left:50px\">\n<h2 class=\"gb-headline gb-headline-f2a1848f gb-headline-text\">Croissance<\/h2>\n\n\n\n<p class=\"has-text-align-center has-base-3-color has-text-color has-lg-font-size\">\u00c9veiller la curiosit\u00e9, nourrir le d\u00e9passement de soi et d\u00e9velopper son plein potentiel<\/p>\n<\/div>\n\n<\/div><\/div>\n\n<div class=\"swiper-slide wp-block-eedee-block-gutenslide is-position-center-center ed-bg-image\" style=\"--ed-vw:300;--ed-vh:200;\" data-hash=\"\"><div class=\"eedee-background-div bg-image\"><img loading=\"lazy\" width=\"2560\" height=\"1707\" class=\"wp-image-25410\" src=\"https:\/\/wicmtl.ca\/wp-content\/uploads\/2025\/08\/PBL-WICGraduationJune2025-10471-1-scaled.jpg\" alt=\"\" decoding=\"async\" style=\"object-fit: cover; object-position: 65% 40%;\"  data-title=\"PBL-WICGraduationJune2025-10471 (1)\" srcset=\"https:\/\/wicmtl.ca\/wp-content\/uploads\/2025\/08\/PBL-WICGraduationJune2025-10471-1-scaled.jpg 2560w, https:\/\/wicmtl.ca\/wp-content\/uploads\/2025\/08\/PBL-WICGraduationJune2025-10471-1-300x200.jpg 300w, https:\/\/wicmtl.ca\/wp-content\/uploads\/2025\/08\/PBL-WICGraduationJune2025-10471-1-1024x683.jpg 1024w, https:\/\/wicmtl.ca\/wp-content\/uploads\/2025\/08\/PBL-WICGraduationJune2025-10471-1-768x512.jpg 768w, https:\/\/wicmtl.ca\/wp-content\/uploads\/2025\/08\/PBL-WICGraduationJune2025-10471-1-50x33.jpg 50w, https:\/\/wicmtl.ca\/wp-content\/uploads\/2025\/08\/PBL-WICGraduationJune2025-10471-1-1600x1067.jpg 1600w, https:\/\/wicmtl.ca\/wp-content\/uploads\/2025\/08\/PBL-WICGraduationJune2025-10471-1-1536x1024.jpg 1536w, https:\/\/wicmtl.ca\/wp-content\/uploads\/2025\/08\/PBL-WICGraduationJune2025-10471-1-2048x1365.jpg 2048w\" sizes=\"auto, (max-width: 2560px) 100vw, 2560px\" \/><div class=\"eedee-background-div__overlay\" style=\"opacity:0.4;background:#1F1F1F;\"><\/div><\/div><div class=\"slide-content\">\n\n<div class=\"wp-block-group is-layout-flow wp-block-group-is-layout-flow\" style=\"padding-top:50px;padding-right:50px;padding-bottom:50px;padding-left:50px\">\n<h2 class=\"gb-headline gb-headline-d96104e8 gb-headline-text\">Int\u00e9grit\u00e9<\/h2>\n\n\n\n<p class=\"has-text-align-center has-base-3-color has-text-color has-lg-font-size\">Agir avec respect, honn\u00eatet\u00e9 et rigueur<\/p>\n<\/div>\n\n<\/div><\/div>\n<\/div><\/div><button class=\"eedee-gutenslider-nav eedee-gutenslider-prev\"><svg xmlns=\"http:\/\/www.w3.org\/2000\/svg\" viewBox=\"0 0 24 24\" width=\"24\" height=\"24\"><circle class=\"bg\" cx=\"13\" cy=\"12\" r=\"11\" \/><path fill=\"none\" d=\"M0 0h24v24H0z\"\/><path class=\"arrow\" d=\"M10.828 12l4.95 4.95-1.414 1.414L8 12l6.364-6.364 1.414 1.414z\"\/><\/svg><\/button><button class=\"eedee-gutenslider-nav eedee-gutenslider-next\"><svg xmlns=\"http:\/\/www.w3.org\/2000\/svg\" viewBox=\"0 0 24 24\" width=\"24\" height=\"24\"><circle class=\"bg\" cx=\"11\" cy=\"12\" r=\"11\" \/><path fill=\"none\" d=\"M0 0h24v24H0z\"\/><path class=\"arrow\" d=\"M13.172 12l-4.95-4.95 1.414-1.414L16 12l-6.364 6.364-1.414-1.414z\"\/><\/svg><\/button><div class=\"eedee-gutenslider-pagination\"><\/div><div class=\"gutenslider-divider-bottom \" style=\"color:#fff;\"><\/div><\/div><\/div>\n<\/div><\/div>","protected":false},"excerpt":{"rendered":"<p>Notre Mission, Notre Vision et Nos Valeurs NOTRE MISSION Nous cultivons une communaut\u00e9 bilingue et dynamique o\u00f9 tous les membres s&#8217;\u00e9panouissent en tissant des liens forts et en vivant des apprentissages ancr\u00e9s dans la r\u00e9alit\u00e9, qui nourrissent la confiance, encouragent l\u2019exploration et donnent un sens au parcours de chacun en tant que Voyageur. NOTRE VISION &#8230; <a title=\"Notre Mission, Notre Vision et Nos Valeurs\" class=\"read-more\" href=\"https:\/\/wicmtl.ca\/fr\/decouvrir\/mission-et-vision\/\" aria-label=\"En savoir plus sur Notre Mission, Notre Vision et Nos Valeurs\">Lire plus<\/a><\/p>\n","protected":false},"author":2,"featured_media":0,"parent":19570,"menu_order":2,"comment_status":"closed","ping_status":"closed","template":"","meta":{"_themeisle_gutenberg_block_has_review":false,"footnotes":""},"class_list":["post-19574","page","type-page","status-publish"],"_links":{"self":[{"href":"https:\/\/wicmtl.ca\/fr\/wp-json\/wp\/v2\/pages\/19574","targetHints":{"allow":["GET"]}}],"collection":[{"href":"https:\/\/wicmtl.ca\/fr\/wp-json\/wp\/v2\/pages"}],"about":[{"href":"https:\/\/wicmtl.ca\/fr\/wp-json\/wp\/v2\/types\/page"}],"author":[{"embeddable":true,"href":"https:\/\/wicmtl.ca\/fr\/wp-json\/wp\/v2\/users\/2"}],"replies":[{"embeddable":true,"href":"https:\/\/wicmtl.ca\/fr\/wp-json\/wp\/v2\/comments?post=19574"}],"version-history":[{"count":31,"href":"https:\/\/wicmtl.ca\/fr\/wp-json\/wp\/v2\/pages\/19574\/revisions"}],"predecessor-version":[{"id":25414,"href":"https:\/\/wicmtl.ca\/fr\/wp-json\/wp\/v2\/pages\/19574\/revisions\/25414"}],"up":[{"embeddable":true,"href":"https:\/\/wicmtl.ca\/fr\/wp-json\/wp\/v2\/pages\/19570"}],"wp:attachment":[{"href":"https:\/\/wicmtl.ca\/fr\/wp-json\/wp\/v2\/media?parent=19574"}],"curies":[{"name":"wp","href":"https:\/\/api.w.org\/{rel}","templated":true}]}}