{"id":19573,"date":"2022-06-17T18:22:37","date_gmt":"2022-06-17T22:22:37","guid":{"rendered":"https:\/\/wicmtl.ca\/decouvrir\/mot-de-bienvenue-du-directeur-general\/"},"modified":"2025-09-15T08:42:22","modified_gmt":"2025-09-15T12:42:22","slug":"direction-de-lecole","status":"publish","type":"page","link":"https:\/\/wicmtl.ca\/fr\/decouvrir\/direction-de-lecole\/","title":{"rendered":"Direction de l&#8217;\u00e9cole"},"content":{"rendered":"<div class=\"gb-container gb-container-e5e030bb alignfull\"><div class=\"gb-inside-container\">\n\n<h1 class=\"gb-headline gb-headline-efa73c5d gb-headline-text\">Direction de l&#8217;\u00e9cole<\/h1>\n\n<\/div><\/div><div class=\"gb-container gb-container-ff9ca29d\" id=\"head-of-school-message\"><div class=\"gb-inside-container\">\n\n<h2 class=\"wp-block-heading has-text-align-center\" style=\"font-size:40px;font-style:normal;font-weight:700\">Mot de bienvenue du Directeur G\u00e9n\u00e9ral<\/h2>\n\n\n\n<div class=\"wp-block-columns is-layout-flex wp-container-core-columns-is-layout-9d6595d7 wp-block-columns-is-layout-flex\">\n<div class=\"wp-block-column is-layout-flow wp-block-column-is-layout-flow\" style=\"flex-basis:65%\">\n<figure class=\"wp-block-image size-large is-resized\"><img loading=\"lazy\" decoding=\"async\" width=\"1024\" height=\"683\" src=\"https:\/\/wicmtl.ca\/wp-content\/uploads\/2024\/09\/PBL-WICOpenHouseSept2024-10229-1-1024x683.jpg\" alt=\"\" class=\"wp-image-24071\" style=\"width:430px;height:auto\" srcset=\"https:\/\/wicmtl.ca\/wp-content\/uploads\/2024\/09\/PBL-WICOpenHouseSept2024-10229-1-1024x683.jpg 1024w, https:\/\/wicmtl.ca\/wp-content\/uploads\/2024\/09\/PBL-WICOpenHouseSept2024-10229-1-300x200.jpg 300w, https:\/\/wicmtl.ca\/wp-content\/uploads\/2024\/09\/PBL-WICOpenHouseSept2024-10229-1-768x512.jpg 768w, https:\/\/wicmtl.ca\/wp-content\/uploads\/2024\/09\/PBL-WICOpenHouseSept2024-10229-1-50x33.jpg 50w, https:\/\/wicmtl.ca\/wp-content\/uploads\/2024\/09\/PBL-WICOpenHouseSept2024-10229-1-1600x1067.jpg 1600w, https:\/\/wicmtl.ca\/wp-content\/uploads\/2024\/09\/PBL-WICOpenHouseSept2024-10229-1-1536x1024.jpg 1536w, https:\/\/wicmtl.ca\/wp-content\/uploads\/2024\/09\/PBL-WICOpenHouseSept2024-10229-1-2048x1365.jpg 2048w\" sizes=\"auto, (max-width: 1024px) 100vw, 1024px\" \/><\/figure>\n<\/div>\n\n\n\n<div class=\"wp-block-column is-layout-flow wp-block-column-is-layout-flow\" style=\"flex-basis:50%\">\n<p>Chers parents et tuteurs,<\/p>\n\n\n\n<p><span style=\"font-weight: 400;\">Bienvenue au Coll\u00e8ge de l\u2019Ouest de l\u2019\u00cele (COI)! C\u2019est un privil\u00e8ge de vous accueillir alors que nous lan\u00e7ons <\/span><i><span style=\"font-weight: 400;\">Voyager ensemble 2025-2030<\/span><\/i><span style=\"font-weight: 400;\">, le nouveau plan strat\u00e9gique du COI, ancr\u00e9 dans notre vision, notre mission et nos valeurs renouvel\u00e9es.<\/span><\/p>\n\n\n\n<p><\/p>\n<\/div>\n<\/div>\n\n\n\n<p><strong>Avancer ensemble<\/strong><\/p>\n\n\n\n<p>L\u2019an dernier, nous avons c\u00e9l\u00e9br\u00e9 le 50e anniversaire de notre \u00e9cole, rendant hommage \u00e0 cinq d\u00e9cennies de Voyageurs qui ont b\u00e2ti nos solides fondations. Cette ann\u00e9e, nous avan\u00e7ons r\u00e9solument, guid\u00e9s par trois priorit\u00e9s:<\/p>\n\n\n\n<ul class=\"wp-block-list\">\n<li><i><span style=\"font-weight: 400;\">Personnes <\/span><\/i><span style=\"font-weight: 400;\">: Inspirer la croissance des \u00e9l\u00e8ves et du personnel<\/span><\/li>\n\n\n\n<li><i><span style=\"font-weight: 400;\">Programmes <\/span><\/i><span style=\"font-weight: 400;\">: \u00c9veiller la curiosit\u00e9 et stimuler l\u2019apprentissage au-del\u00e0 de la salle de\u00a0 classe<\/span><\/li>\n\n\n\n<li><i><span style=\"font-weight: 400;\">Positionnement et promotion <\/span><\/i><span style=\"font-weight: 400;\">: Renforcer la vitalit\u00e9 et la p\u00e9rennit\u00e9 du COI<\/span><\/li>\n<\/ul>\n\n\n\n<p><b>Appartenance et croissance<\/b><\/p>\n\n\n\n<p>Au COI, l\u2019apprentissage est favoris\u00e9 par  la communaut\u00e9. Ancr\u00e9 dans une culture  bilingue inclusive, notre Coll\u00e8ge est un milieu o\u00f9 chaque \u00e9l\u00e8ve est reconnu, soutenu et encourag\u00e9 \u00e0 r\u00e9aliser son plein potentiel.<\/p>\n\n\n\n<p><strong>L&#8217;esprit Voyageur<\/strong><\/p>\n\n\n\n<p>Nos \u00e9l\u00e8ves voyagent avec curiosit\u00e9, courage et r\u00e9silience, explorant les d\u00e9fis avec int\u00e9grit\u00e9 et d\u00e9termination. Du premier au deuxi\u00e8me cycle, ils et elles deviennent des leaders confiants et adaptables, pr\u00eats \u00e0 s\u2019\u00e9panouir et \u00e0 contribuer de fa\u00e7on significative dans un monde en constante \u00e9volution.<br\/><\/p>\n\n\n\n<p>En visitant le COI, je vous invite \u00e0 ressentir l\u2019\u00e9nergie de nos classes, la vitalit\u00e9 de notre communaut\u00e9 et les liens qui rendent notre Coll\u00e8ge si vivant. Ici, les \u00e9l\u00e8ves sont inspir\u00e9s \u00e0 apprendre avec curiosit\u00e9, \u00e0 prendre soin avec compassion et \u00e0 s\u2019engager avec int\u00e9grit\u00e9.<br\/><\/p>\n\n\n\n<p><span style=\"font-weight: 400;\">Pour toute question, n\u2019h\u00e9sitez pas \u00e0 communiquer avec notre \u00e9quipe des admissions au (514) 683-4660 ou \u00e0<\/span>\u00a0<a href=\"mailto:admissions@wicmtl.ca\">admissions@wicmtl.ca<\/a>.<\/p>\n\n\n\n<p>Ensemble, nous avan\u00e7ons.<\/p>\n\n\n\n<div class=\"wp-block-group is-nowrap is-layout-flex wp-container-core-group-is-layout-ad2f72ca wp-block-group-is-layout-flex\">\n<figure class=\"wp-block-image aligncenter size-thumbnail is-resized is-style-rounded\"><img loading=\"lazy\" decoding=\"async\" width=\"150\" height=\"150\" src=\"https:\/\/wicmtl.ca\/wp-content\/uploads\/2022\/06\/Eric-Jabal-Head-of-School-West-Island-College-683x1024-1-e1656360173867-150x150.jpeg\" alt=\"\" class=\"wp-image-447\" style=\"width:100px;height:100px\"\/><\/figure>\n\n\n\n<p class=\"gb-headline gb-headline-5a65ccf0 gb-headline-text\"><strong>Eric Jabal<\/strong><br>Directeur g\u00e9n\u00e9ral<\/p><br>\n<\/div>\n\n<\/div><\/div><div class=\"gb-container gb-container-89eaa2ef alignfull\" id=\"board-of-directors\"><div class=\"gb-inside-container\">\n\n<h2 class=\"wp-block-heading has-text-align-center\" style=\"font-size:40px;font-style:normal;font-weight:700\">Conseil d&#8217;administration<\/h2>\n\n\n\n<p class=\"has-lg-font-size\">Derri\u00e8re les d\u00e9cisions importantes qui contribuent \u00e0 la prosp\u00e9rit\u00e9 de notre \u00e9cole se cache un conseil d\u2019administration d\u00e9vou\u00e9, compos\u00e9 de personnes passionn\u00e9es qui apportent leur expertise diversifi\u00e9e, leur fort leadership et leur engagement commun envers notre mission.<\/p>\n\n\n\n<p class=\"has-text-align-center\">La liste des membres du conseil d\u2019administration pour l\u2019ann\u00e9e 2025-2026 est la suivante :<\/p>\n\n\n\n<p class=\"has-text-align-center\">Nicola Graham (Pr\u00e9sidente)<br\/>Robert Boyle (Ancien pr\u00e9sident)<br\/>Danny Di Schiavi (Vice-pr\u00e9sident)<br\/>Joel Erickson (Pr\u00e9sident de la Fondation du Coll\u00e8ge de l\u2019Ouest de l\u2019\u00cele et ancien \u00e9l\u00e8ve)<br\/>Angela Faraoni (Parent)<br\/>Eric Jabal (Directeur g\u00e9n\u00e9ral)<br\/>Lise Lafontaine (Cheffe des op\u00e9rations et ancienne \u00e9l\u00e8ve)<br\/>Catherine MacLeod (Ancienne \u00e9l\u00e8ve)<br\/>Doug Liberman (Parent et ancien \u00e9l\u00e8ve)<br\/>Danielle Richardson\u00a0 (Parent)<br\/>David Shemesh (Parent)<br\/>Marc Sincennes (Tr\u00e9sorier)<br\/>Matthew Victor (Parent et ancien \u00e9l\u00e8ve)<\/p>\n\n<\/div><\/div><div class=\"gb-container gb-container-0256eed7 alignfull\"><div class=\"gb-inside-container\">\n\n<div class=\"wp-block-cover is-light\" style=\"min-height:600px;aspect-ratio:unset;\"><img loading=\"lazy\" decoding=\"async\" width=\"1280\" height=\"853\" class=\"wp-block-cover__image-background wp-image-931\" alt=\"\" src=\"https:\/\/wicmtl.ca\/wp-content\/uploads\/2022\/06\/WICFRONTIMG_3695.jpeg\" style=\"object-position:14% 39%\" data-object-fit=\"cover\" data-object-position=\"14% 39%\" srcset=\"https:\/\/wicmtl.ca\/wp-content\/uploads\/2022\/06\/WICFRONTIMG_3695.jpeg 1280w, https:\/\/wicmtl.ca\/wp-content\/uploads\/2022\/06\/WICFRONTIMG_3695-300x200.jpeg 300w, https:\/\/wicmtl.ca\/wp-content\/uploads\/2022\/06\/WICFRONTIMG_3695-1024x682.jpeg 1024w, https:\/\/wicmtl.ca\/wp-content\/uploads\/2022\/06\/WICFRONTIMG_3695-768x512.jpeg 768w\" sizes=\"auto, (max-width: 1280px) 100vw, 1280px\" \/><span aria-hidden=\"true\" class=\"wp-block-cover__background has-black-background-color has-background-dim\"><\/span><div class=\"wp-block-cover__inner-container is-layout-flow wp-block-cover-is-layout-flow\">\n<h4 class=\"gb-headline gb-headline-2051d003 gb-headline-text\"><mark style=\"background-color:rgba(0, 0, 0, 0)\" class=\"has-inline-color has-wic-yellow-color\">D\u00e9couvrez<\/mark><\/h4><br>\n\n\n\n<h2 class=\"gb-headline gb-headline-404f9d6d gb-headline-text\"><mark style=\"background-color:rgba(0, 0, 0, 0)\" class=\"has-inline-color has-base-3-color\">Notre Mission, Notre Vision et Nos Valeurs<\/mark><\/h2><br>\n\n\n\n<div class=\"wp-block-buttons is-content-justification-center is-layout-flex wp-container-core-buttons-is-layout-16018d1d wp-block-buttons-is-layout-flex\">\n<div class=\"wp-block-button\"><a class=\"wp-block-button__link has-base-font-family has-custom-font-size wp-element-button\" href=\"https:\/\/wicmtl.ca\/fr\/decouvrir\/mission-et-vision\/\" style=\"font-size:16px\">Cliquez ici<\/a><\/div>\n<\/div>\n<\/div><\/div>\n\n<\/div><\/div>","protected":false},"excerpt":{"rendered":"<p>Direction de l&#8217;\u00e9cole Mot de bienvenue du Directeur G\u00e9n\u00e9ral Chers parents et tuteurs, Bienvenue au Coll\u00e8ge de l\u2019Ouest de l\u2019\u00cele (COI)! C\u2019est un privil\u00e8ge de vous accueillir alors que nous lan\u00e7ons Voyager ensemble 2025-2030, le nouveau plan strat\u00e9gique du COI, ancr\u00e9 dans notre vision, notre mission et nos valeurs renouvel\u00e9es. Avancer ensemble L\u2019an dernier, nous &#8230; <a title=\"Direction de l&#8217;\u00e9cole\" class=\"read-more\" href=\"https:\/\/wicmtl.ca\/fr\/decouvrir\/direction-de-lecole\/\" aria-label=\"En savoir plus sur Direction de l&#8217;\u00e9cole\">Lire plus<\/a><\/p>\n","protected":false},"author":2,"featured_media":0,"parent":19570,"menu_order":1,"comment_status":"closed","ping_status":"closed","template":"","meta":{"_themeisle_gutenberg_block_has_review":false,"footnotes":""},"class_list":["post-19573","page","type-page","status-publish"],"_links":{"self":[{"href":"https:\/\/wicmtl.ca\/fr\/wp-json\/wp\/v2\/pages\/19573","targetHints":{"allow":["GET"]}}],"collection":[{"href":"https:\/\/wicmtl.ca\/fr\/wp-json\/wp\/v2\/pages"}],"about":[{"href":"https:\/\/wicmtl.ca\/fr\/wp-json\/wp\/v2\/types\/page"}],"author":[{"embeddable":true,"href":"https:\/\/wicmtl.ca\/fr\/wp-json\/wp\/v2\/users\/2"}],"replies":[{"embeddable":true,"href":"https:\/\/wicmtl.ca\/fr\/wp-json\/wp\/v2\/comments?post=19573"}],"version-history":[{"count":43,"href":"https:\/\/wicmtl.ca\/fr\/wp-json\/wp\/v2\/pages\/19573\/revisions"}],"predecessor-version":[{"id":25590,"href":"https:\/\/wicmtl.ca\/fr\/wp-json\/wp\/v2\/pages\/19573\/revisions\/25590"}],"up":[{"embeddable":true,"href":"https:\/\/wicmtl.ca\/fr\/wp-json\/wp\/v2\/pages\/19570"}],"wp:attachment":[{"href":"https:\/\/wicmtl.ca\/fr\/wp-json\/wp\/v2\/media?parent=19573"}],"curies":[{"name":"wp","href":"https:\/\/api.w.org\/{rel}","templated":true}]}}